{"id":24534,"date":"2026-03-13T13:17:56","date_gmt":"2026-03-13T12:17:56","guid":{"rendered":"https:\/\/wydawnictwo.uksw.edu.pl\/?page_id=24534"},"modified":"2026-05-11T15:08:19","modified_gmt":"2026-05-11T13:08:19","slug":"scientific-council","status":"publish","type":"page","link":"https:\/\/wydawnictwo.uksw.edu.pl\/en\/publishing-house\/scientific-council\/","title":{"rendered":"Scientific Council"},"content":{"rendered":"\n<p>Version: 1.0 | Last updated: 2026-03-10<\/p>\n\n\n\n<h4 class=\"wp-block-heading\">Scientific Council<\/h4>\n\n\n\n<p>The Scientific Council is an advisory body to the Publishing House. It operates in accordance with the Rector\u2019s directives and the Publishing House\u2019s regulations. Its role is to support the Publishing House in the process of:<\/p>\n\n\n\n<ul class=\"wp-block-list\">\n<li>ensuring the academic quality of publications,<\/li>\n\n\n\n<li>providing opinions on activities related to the peer review process and publishing policy,<\/li>\n\n\n\n<li>upholding the academic standards of UKSW publications,<\/li>\n\n\n\n<li>supporting the development of series and editorial standards,<\/li>\n\n\n\n<li>providing opinions on selected projects in situations requiring consultation.<\/li>\n<\/ul>\n\n\n\n<p><a href=\"https:\/\/monitor.uksw.edu.pl\/docs\/5425\" data-type=\"link\" data-id=\"https:\/\/monitor.uksw.edu.pl\/docs\/5425\">UKSW Rector\u2019s Order No. 47\/2020 setting out the rules for the peer review of publications and the role of the Council in this process<\/a>.<\/p>\n\n\n\n<hr class=\"wp-block-separator has-alpha-channel-opacity\" \/>\n\n\n\n<h4 class=\"wp-block-heading\">Composition of the Academic Council<\/h4>\n\n\n\n<ul class=\"wp-block-list\">\n<li>Rev. Dr Ryszard Sadowski, University professor, Vice-Rector for Research and International Cooperation \u2013 Chair of the Council;<\/li>\n\n\n\n<li>Rev. Prof. Krzysztof Bardski, PhD \u2013 Faculty of Theology;<\/li>\n\n\n\n<li>Rev. Dariusz Borek, PhD, university professor \u2013 Faculty of Canon Law;<\/li>\n\n\n\n<li>Adam Dziurok, PhD, university professor \u2013 Faculty of Historical Sciences;<\/li>\n\n\n\n<li>Marek Grochowski, PhD , university professor \u2013 Faculty of Mathematics and Natural Sciences; School of Exact Sciences;<\/li>\n\n\n\n<li>Prof. Anna Tarwacka, PhD \u2013 Faculty of Law and Administration;<\/li>\n\n\n\n<li>Rev. Prof. Piotr Mazurkiewicz, PhD \u2013 Faculty of Social and Economic Sciences;<\/li>\n\n\n\n<li>Rev. Prof. Mieczys\u0142aw Ozorowski \u2013 Faculty of Family Studies;<\/li>\n\n\n\n<li>Prof. Jacek B\u0142eszy\u0144ski, PhD \u2013 Faculty of Pedagogical Sciences;<\/li>\n\n\n\n<li>Anna Szczepan-Wojnarska, PhD, university professor \u2013 Faculty of Humanities;<\/li>\n\n\n\n<li>Prof. Filip M. Szyma\u0144ski, PhD (Medicine and Health Sciences) \u2013 Faculty of Medicine, Collegium Medicum;<\/li>\n\n\n\n<li>Rev. Prof. Adam \u015awie\u017cy\u0144ski, PhD \u2013 Faculty of Christian Philosophy;<\/li>\n\n\n\n<li>Prof. Krzysztof Szostek, PhD \u2013 Faculty of Biology and Environmental Sciences.<\/li>\n<\/ul>\n","protected":false},"excerpt":{"rendered":"<p>Version: 1.0 | Last updated: 2026-03-10 Scientific Council The Scientific Council is an advisory body to the Publishing House. It operates in accordance with the Rector\u2019s directives and the Publishing House\u2019s regulations. Its role is to support the Publishing House in the process of: UKSW Rector\u2019s Order No. 47\/2020 setting out the rules for the [&hellip;]<\/p>\n","protected":false},"author":657,"featured_media":0,"parent":24495,"menu_order":0,"comment_status":"closed","ping_status":"closed","template":"page-templates\/template-sub-page.php","meta":{"_acf_changed":false,"inline_featured_image":false,"footnotes":"","_links_to":"","_links_to_target":""},"class_list":["post-24534","page","type-page","status-publish","hentry"],"acf":[],"_links":{"self":[{"href":"https:\/\/wydawnictwo.uksw.edu.pl\/en\/wp-json\/wp\/v2\/pages\/24534","targetHints":{"allow":["GET"]}}],"collection":[{"href":"https:\/\/wydawnictwo.uksw.edu.pl\/en\/wp-json\/wp\/v2\/pages"}],"about":[{"href":"https:\/\/wydawnictwo.uksw.edu.pl\/en\/wp-json\/wp\/v2\/types\/page"}],"author":[{"embeddable":true,"href":"https:\/\/wydawnictwo.uksw.edu.pl\/en\/wp-json\/wp\/v2\/users\/657"}],"replies":[{"embeddable":true,"href":"https:\/\/wydawnictwo.uksw.edu.pl\/en\/wp-json\/wp\/v2\/comments?post=24534"}],"version-history":[{"count":4,"href":"https:\/\/wydawnictwo.uksw.edu.pl\/en\/wp-json\/wp\/v2\/pages\/24534\/revisions"}],"predecessor-version":[{"id":24541,"href":"https:\/\/wydawnictwo.uksw.edu.pl\/en\/wp-json\/wp\/v2\/pages\/24534\/revisions\/24541"}],"up":[{"embeddable":true,"href":"https:\/\/wydawnictwo.uksw.edu.pl\/en\/wp-json\/wp\/v2\/pages\/24495"}],"wp:attachment":[{"href":"https:\/\/wydawnictwo.uksw.edu.pl\/en\/wp-json\/wp\/v2\/media?parent=24534"}],"curies":[{"name":"wp","href":"https:\/\/api.w.org\/{rel}","templated":true}]}}