{"id":24557,"date":"2026-03-13T13:55:38","date_gmt":"2026-03-13T12:55:38","guid":{"rendered":"https:\/\/wydawnictwo.uksw.edu.pl\/?page_id=24557"},"modified":"2026-05-12T09:54:39","modified_gmt":"2026-05-12T07:54:39","slug":"awards","status":"publish","type":"page","link":"https:\/\/wydawnictwo.uksw.edu.pl\/en\/publishing-house\/awards\/","title":{"rendered":"Awards"},"content":{"rendered":"\n<p>Version: 1.0 | Last updated: 2026-03-10<\/p>\n\n\n\n<p>The Publishing House&#8217;s publications have received numerous awards and distinctions in industry and academic competitions. Below, we present the awards and distinctions in a structured register.<\/p>\n\n\n\n<p><\/p>\n\n\n\n<h2 class=\"wp-block-heading\">Award of the Minister of Science and Higher Education<\/h2>\n\n\n\n<p>2012 \u2013 Award for the publication &#8220;Imigranci i uchod\u017acy w Unii Europejskiej. Humanizacja polityki imigracyjnej i azylowej\u201d by Janusz Balicki<\/p>\n\n\n\n<p>2011 \u2013 Nomination for the publication &#8220;Cz\u0142owiek w sytuacji pracy w okresie ponowoczesno\u015bci&#8221; by Jan F. Terelak<\/p>\n\n\n\n<p>2011 \u2013 Award for the publication &#8220;Prawo administracyjne w Ko\u015bciele&#8221; by J\u00f3zef Krukowski<\/p>\n\n\n\n<p>2010 \u2013 Honorable Mention for the publication &#8220;Inspiracje grafik\u0105 europejsk\u0105 w sztuce polskiej. Czasy nowo\u017cytne&#8221; by Krystyna Moisan-Jab\u0142o\u0144ska and Katarzyna Poni\u0144ska<\/p>\n\n\n\n<p>2009 \u2013 Nomination for the publication &#8220;Zab\u00f3jczynie i zab\u00f3jcy&#8221; by Zdzis\u0142aw Majchrzyk<\/p>\n\n\n\n<p>2009 \u2013 Journalists&#8217; Award for the publication &#8220;Zjawiska i procesy dezintegracji w postzimnowojennej Europie&#8221; by Andrzej Rudowski and Rados\u0142aw Zenderowski<\/p>\n\n\n\n<p>2008 \u2013 Award for the publication &#8220;Przemiany ludno\u015bciowe. Fakty, interpretacje, opinie&#8221; by Janusz Balicki, Ewa Fr\u0105tczak, and Charles B. Nam.<\/p>\n\n\n\n<p>2007 \u2013 Nomination for the publication &#8220;Teorie emocji i motywacji&#8221; by Henryk Gasiul.<\/p>\n\n\n\n<p>2006 \u2013 Award for the publication &#8220;Historia Ko\u015bcio\u0142a Katolickiego&#8221; by Marian Banaszak.<\/p>\n\n\n\n<p>2005 \u2013 Award for the publication &#8220;Termodynamika dla chemik\u00f3w, fizyk\u00f3w i in\u017cynier\u00f3w&#8221; by R. Ho\u0142yst, A. Poniewierski, and A. Ciach.<\/p>\n\n\n\n<p>2004 \u2013 Nomination for the publication &#8220;Ewangelie synoptyczne&#8221; by Roman Bartnicki.<\/p>\n\n\n\n<hr class=\"wp-block-separator has-alpha-channel-opacity\" \/>\n\n\n\n<p><\/p>\n\n\n\n<h2 class=\"wp-block-heading\">Gaudeamus \u2013 Award of the Association of Higher Education Publishers<\/h2>\n\n\n\n<p>2024 \u2013 Honorable Mention for the editorial merits of the publication &#8220;Katalog grodzisk Warmii i Mazur&#8221; volume 4, edited by Rafa\u0142 Solecki<\/p>\n\n\n\n<p>2023 \u2013 Honorable Mention for the publication &#8220;N\u00f3\u017c w wodzie Non stop. W 60. rocznic\u0119 debiutu Romana Pola\u0144skiego&#8221; edited by Brygida Paw\u0142owska-J\u0105drzyk and Izabela Tomczyk-Jarzyna<\/p>\n\n\n\n<p>2023 \u2013 Honorable Mention for the ebook &#8220;Magiczne O\u015bwiecenie&#8221; edited by Jan Zieli\u0144ski<\/p>\n\n\n\n<p>2022 \u2013 Honorable Mention for the publication &#8220;W poszukiwaniu koncepcji narodu. Mi\u0119dzy histori\u0105 idei a histori\u0105 i antropologi\u0105 kultury polskiej XIX wieku&#8221; edited by Magdalena Wo\u017aniewska-Dzia\u0142ak<\/p>\n\n\n\n<hr class=\"wp-block-separator has-alpha-channel-opacity\" \/>\n\n\n\n<p><\/p>\n\n\n\n<h2 class=\"wp-block-heading\">Feniks \u2013 Catholic Publishers Association Competition<\/h2>\n\n\n\n<p>2026 \u2013 award for the publishing series &#8220;Boles\u0142awa Lament. Pisma Zebrane&#8221; edited by \u0141ukasz Cybulski, Magdalena Bober-Jankowska, Magdalena Partyka, Beata Garlej, Ewangelina Skali\u0144ska<\/p>\n\n\n\n<p>2024 \u2013 Award for the publication &#8220;B\u00f3g nie\u00a0jest Bogiem wojny&#8221; edited by Kazimierz F\u0105fara, Zbigniew K\u0119pa and Jerzy Prochwicz<\/p>\n\n\n\n<p>2024 \u2013 Distinction for the publication &#8220;\u015aredniowieczny S\u0142ownik Symboliki Religijnej&#8221; edited by Krzysztof Bardski and Dominika Budzanowska-Weglenda<\/p>\n\n\n\n<p>2023 \u2013 Award for the publication &#8220;W poszukiwaniu koncepcji narodu. Mi\u0119dzy histori\u0105 idei a\u00a0histori\u0105 i\u00a0antropologi\u0105 kultury polskiej XIX wieku&#8221; by Magdalena Wo\u017aniewska-Dzia\u0142ak<\/p>\n\n\n\n<p>2023 \u2013 Distinction for the publication &#8220;Artystyczne zbiory Strza\u0142eckich&#8221; by Andrzej Strza\u0142ecki<\/p>\n\n\n\n<p>2023 \u2013 Distinction for the publication &#8220;Targum Jonatana. Tom 1. Prorocy wcze\u015bniejsi&#8221; translated and edited by Anna Ku\u015bmirek and Marek Parchem<\/p>\n\n\n\n<p>2023 \u2013 distinction for the publishing series &#8220;Film z klapsem&#8221; edited by Grzegorz \u0141\u0119cicki<\/p>\n\n\n\n<p>2022 \u2013 Award for the publication &#8220;Jan Pawe\u0142 II w Afryce&#8221; \u200b\u200bby Jaros\u0142aw R\u00f3\u017ca\u0144ski<\/p>\n\n\n\n<p>2022 \u2013 Award for the publication &#8220;Moja Polska&#8221; by Natalia Gorbaniewska, translated by Ewangelina Skali\u0144ska<\/p>\n\n\n\n<p>2021 \u2013 Award for the book &#8220;Wizje polityki&#8221; by Quentin Skinner, volumes 1-3, edited by Krzysztof Koehler<\/p>\n\n\n\n<p>2020 \u2013 Honorable Mention for the publication from the series The Writings of Early Christian Writers, &#8220;Aureliusz Augustyn \u2013 Against the Letter of Parmenianus,&#8221; edited by Tadeusz Ko\u0142osowski<\/p>\n\n\n\n<p>2020 \u2013 Honorable Mention for the publication &#8220;Przedszkola Polski &#8220;ludowej&#8221;. Ideologizacja instytucji (1944-1965)\u201d, by Monika Wi\u015bniewska<\/p>\n\n\n\n<p>2020 \u2013 Award for the publication &#8220;Prymas Wyszy\u0144ski a\u00a0Niepodleg\u0142a. Nar\u00f3d \u2013 patriotyzm \u2013 pa\u0144stwo w\u00a0nauczaniu Prymasa Tysi\u0105clecia&#8221;, edited by Ewa K. Czaczkowska and Rafa\u0142 \u0141atka; co-published with the Institute of National Remembrance (IPN)<\/p>\n\n\n\n<p>2019 \u2013 Distinction for the publication &#8220;Ks. Jan Gnatowski (1855-1925) na\u00a0tle epoki&#8221;, by Jan Maria Jackowski<\/p>\n\n\n\n<p>2018 \u2013 Award for the publication &#8220;Europejski sp\u00f3r o\u00a0cz\u0142owieka. Studium z\u00a0antropologii politycznej&#8221;, by Micha\u0142 Gierycz<\/p>\n\n\n\n<p>2013 \u2013 Distinction for the publication series &#8220;Arcana Iurisprudentiae&#8221;, edited by Marek Michalski<\/p>\n\n\n\n<p>2009 \u2013 Distinction for the publication &#8220;Matka El\u017cbieta Czacka. Dyrektorium&#8221;, edited by Maria Prussak<\/p>\n\n\n\n<p>2009 \u2013 Honorable Mention for the publication &#8220;Matka El\u017cbieta Czacka. O&nbsp;niewidomych&#8221; edited by Maria Prussak<\/p>\n\n\n\n<p>2004 \u2013 Award for the publication &#8220;Przygodno\u015b\u0107 i tajemnica&#8221; by Jan Socho\u0144<\/p>\n\n\n\n<p>2004 \u2013 Award for the publication &#8220;Atheizm&#8221; by Jan Socho\u0144<\/p>\n\n\n\n<hr class=\"wp-block-separator has-alpha-channel-opacity\" \/>\n\n\n\n<p><\/p>\n\n\n\n<h2 class=\"wp-block-heading\">Father Edward Pude\u0142ko Prize<\/h2>\n\n\n\n<p>2012 \u2013 Honorable Mention for the publication &#8220;Studies in 20th-Century Literary\/Cultural Britain&#8221; by Marta Wiszniowska-Majchrzyk<\/p>\n\n\n\n<p>2011 \u2013 Honorable Mention for the publication &#8220;Cz\u0142owiek w sytuacji pracy w okresie ponowoczesno\u015bci&#8221; by Jan F. Terelak<\/p>\n\n\n\n<p>2010 \u2013 Honorable Mention for the publication &#8220;Homicide in the Family: Personality and Motivation&#8221; by Zdzis\u0142aw Majchrzyk<\/p>\n\n\n\n<hr class=\"wp-block-separator has-alpha-channel-opacity\" \/>\n\n\n\n<p><\/p>\n\n\n\n<h2 class=\"wp-block-heading\">Hanna Szwankowska Varsaviana of the Year Competition<\/h2>\n\n\n\n<p>2017 \u2013 Honorable Mention for the publication &#8221; Doro\u017ckarstwo warszawskie w XIX wieku&#8221; by \u0141ukasz Lubryczy\u0144ski and Karolina Wanda Ga\u0144ko<\/p>\n\n\n\n<hr class=\"wp-block-separator has-alpha-channel-opacity\" \/>\n\n\n\n<p><\/p>\n\n\n\n<h2 class=\"wp-block-heading\">Historical Book of the Year for the Oskar Halecki Award<\/h2>\n\n\n\n<p>2019 \u2013 Nomination for the award in the category: Best scholarly book on the history of Poland and Poles in the 20th century for the publication &#8220;Kole\u017canki, panie, obywatelki. Ukryte \u017cycie zakonne na Mazowszu w latach 1945-1989 w \u015bwietle relacji biograficznych&#8221; by Monika Michalina Ciosek<\/p>\n\n\n\n<p>2018 \u2013 Nomination for the award in the category: Best scholarly book on the history of Poland and Poles in the 20th century for the publication &#8220;Cz\u0142owiek szalony. Andrzej Niemojewski (1864-1921)&#8221; by Barbara \u015awitalska-Starze\u0144ska<\/p>\n\n\n\n<p>2015 \u2013 Nomination for the award in the category: Best scholarly book on the history of Poland and Poles in the 20th century for the publication &#8220;Biskup negocjator. Zygmunt Choroma\u0144ski (1892-1968) biografia niepolityczna?&#8221; by Maciej Smoli\u0144ski<\/p>\n\n\n\n<p>2015 \u2013 Nomination for the award in the category: Best scholarly book on the history of Poland and Poles in the 20th century for the publication &#8220;Prasa podziemna opozycji politycznej w Poznaniu&#8221; by Przemys\u0142aw Zwiernik<\/p>\n\n\n\n<hr class=\"wp-block-separator has-alpha-channel-opacity\" \/>\n\n\n\n<p><\/p>\n\n\n\n<h2 class=\"wp-block-heading\">&#8220;Source Studies&#8221; Award in Honor of Professor Stefan Krzysztof Kuczy\u0144ski<\/h2>\n\n\n\n<p>2016 \u2013 Award in the category of works in source studies and auxiliary sciences of history for the publication &#8220;Summae Romanorum barbariei signum&#8221; by Beata Spieralska-Kasprzyk<\/p>\n\n\n\n<hr class=\"wp-block-separator has-alpha-channel-opacity\" \/>\n\n\n\n<p><\/p>\n\n\n\n<h2 class=\"wp-block-heading\">Aniela Countess Potulicka Award for outstanding scholarly achievements consistent with the ideas of Christian humanism<\/h2>\n\n\n\n<p>2018 \u2013 Award for the publication &#8220;Europejski sp\u00f3r o cz\u0142owieka. Studium z antropologii politycznej&#8221; by Micha\u0142 Gierycz<\/p>\n\n\n\n<hr class=\"wp-block-separator has-alpha-channel-opacity\" \/>\n\n\n\n<p><\/p>\n\n\n\n<h2 class=\"wp-block-heading\">The Feliks Jasie\u0144ski Award of the Archives of the Polish Academy of Sciences and the History Meeting House &#8220;Collecting \u2013 Science and Dissemination&#8221;<\/h2>\n\n\n\n<p>2022 \u2013 Honorable Mention for the academic for the publication &#8220;Artystyczne zbiory Strza\u0142eckich&#8221; by Andrzej Strza\u0142ecki<\/p>\n\n\n\n<hr class=\"wp-block-separator has-alpha-channel-opacity\" \/>\n\n\n\n<p><\/p>\n\n\n\n<h2 class=\"wp-block-heading\">Zakopane Literary Award<\/h2>\n\n\n\n<p>2023 \u2013 Nomination for a publication of outstanding editorial and artistic merit: &#8220;Rytm natury. O \u017cyciu i rze\u017abiarstwie Grzegorza Pecucha (1923-2008)&#8221; by Katarzyna Chrudzimska-Uhera<\/p>\n\n\n\n<hr class=\"wp-block-separator has-alpha-channel-opacity\" \/>\n\n\n\n<p><\/p>\n\n\n\n<h2 class=\"wp-block-heading\">Professor Jerzy Skowronek Award<\/h2>\n\n\n\n<p>2025 \u2013 &#8220;Petersburska ofensywa szlachty litewskiej z lat 1810-1812&#8221; by S\u0142awomir Godek<\/p>\n","protected":false},"excerpt":{"rendered":"<p>Version: 1.0 | Last updated: 2026-03-10 The Publishing House&#8217;s publications have received numerous awards and distinctions in industry and academic competitions. Below, we present the awards and distinctions in a structured register. Award of the Minister of Science and Higher Education 2012 \u2013 Award for the publication &#8220;Imigranci i uchod\u017acy w Unii Europejskiej. Humanizacja polityki [&hellip;]<\/p>\n","protected":false},"author":657,"featured_media":0,"parent":24495,"menu_order":0,"comment_status":"closed","ping_status":"closed","template":"page-templates\/template-sub-page.php","meta":{"_acf_changed":false,"inline_featured_image":false,"footnotes":"","_links_to":"","_links_to_target":""},"class_list":["post-24557","page","type-page","status-publish","hentry"],"acf":[],"_links":{"self":[{"href":"https:\/\/wydawnictwo.uksw.edu.pl\/en\/wp-json\/wp\/v2\/pages\/24557","targetHints":{"allow":["GET"]}}],"collection":[{"href":"https:\/\/wydawnictwo.uksw.edu.pl\/en\/wp-json\/wp\/v2\/pages"}],"about":[{"href":"https:\/\/wydawnictwo.uksw.edu.pl\/en\/wp-json\/wp\/v2\/types\/page"}],"author":[{"embeddable":true,"href":"https:\/\/wydawnictwo.uksw.edu.pl\/en\/wp-json\/wp\/v2\/users\/657"}],"replies":[{"embeddable":true,"href":"https:\/\/wydawnictwo.uksw.edu.pl\/en\/wp-json\/wp\/v2\/comments?post=24557"}],"version-history":[{"count":6,"href":"https:\/\/wydawnictwo.uksw.edu.pl\/en\/wp-json\/wp\/v2\/pages\/24557\/revisions"}],"predecessor-version":[{"id":24566,"href":"https:\/\/wydawnictwo.uksw.edu.pl\/en\/wp-json\/wp\/v2\/pages\/24557\/revisions\/24566"}],"up":[{"embeddable":true,"href":"https:\/\/wydawnictwo.uksw.edu.pl\/en\/wp-json\/wp\/v2\/pages\/24495"}],"wp:attachment":[{"href":"https:\/\/wydawnictwo.uksw.edu.pl\/en\/wp-json\/wp\/v2\/media?parent=24557"}],"curies":[{"name":"wp","href":"https:\/\/api.w.org\/{rel}","templated":true}]}}