{"id":22664,"date":"2026-03-09T15:06:37","date_gmt":"2026-03-09T14:06:37","guid":{"rendered":"https:\/\/jednostki.uksw.edu.pl\/wydawnictwo\/?page_id=22664"},"modified":"2026-03-30T10:43:34","modified_gmt":"2026-03-30T08:43:34","slug":"standardy-i-polityki","status":"publish","type":"page","link":"https:\/\/wydawnictwo.uksw.edu.pl\/standardy-i-polityki\/","title":{"rendered":"Standardy i polityki"},"content":{"rendered":"\n<p>Wersja: 1.0 | Ostatnia aktualizacja: 2026-03-05<\/p>\n\n\n\n<p><br>Wydawnictwo Naukowe UKSW stosuje przejrzyste standardy zapewniania jako\u015bci publikacji naukowych. Poni\u017cej publikujemy zasady etyki publikacyjnej, procedur\u0119 recenzji, tryb rozpatrywania skarg i odwo\u0142a\u0144 oraz polityki wspieraj\u0105ce rzetelno\u015b\u0107 procesu wydawniczego. Zasady dotycz\u0105 autor\u00f3w, redaktor\u00f3w naukowych, recenzent\u00f3w oraz os\u00f3b uczestnicz\u0105cych w procesie przygotowania publikacji.<\/p>\n\n\n\n<hr class=\"wp-block-separator has-alpha-channel-opacity\" \/>\n\n\n\n<p><\/p>\n\n\n\n<h6 class=\"wp-block-heading\">Kontakt:<\/h6>\n\n\n\n<p>Sprawy og\u00f3lne: <a href=\"mailto:wydawnictwo@uksw.edu.pl\">wydawnictwo@uksw.edu.pl<\/a><\/p>\n\n\n\n<p>Sprawy etyczne \/ skargi \/ odwo\u0142ania: <a href=\"mailto:etyka.wydawnictwo@uksw.edu.pl\">etyka.wydawnictwo@uksw.edu.pl<\/a><\/p>\n\n\n\n<p><\/p>\n","protected":false},"excerpt":{"rendered":"<p>Wersja: 1.0 | Ostatnia aktualizacja: 2026-03-05 Wydawnictwo Naukowe UKSW stosuje przejrzyste standardy zapewniania jako\u015bci publikacji naukowych. Poni\u017cej publikujemy zasady etyki publikacyjnej, procedur\u0119 recenzji, tryb rozpatrywania skarg i odwo\u0142a\u0144 oraz polityki wspieraj\u0105ce rzetelno\u015b\u0107 procesu wydawniczego. Zasady dotycz\u0105 autor\u00f3w, redaktor\u00f3w naukowych, recenzent\u00f3w oraz os\u00f3b uczestnicz\u0105cych w procesie przygotowania publikacji. Kontakt: Sprawy og\u00f3lne: wydawnictwo@uksw.edu.pl Sprawy etyczne \/ skargi [&hellip;]<\/p>\n","protected":false},"author":3,"featured_media":0,"parent":0,"menu_order":0,"comment_status":"closed","ping_status":"closed","template":"page-templates\/template-sub-page.php","meta":{"_acf_changed":false,"inline_featured_image":false,"footnotes":"","_links_to":"","_links_to_target":""},"class_list":["post-22664","page","type-page","status-publish","hentry"],"acf":[],"_links":{"self":[{"href":"https:\/\/wydawnictwo.uksw.edu.pl\/pl\/wp-json\/wp\/v2\/pages\/22664","targetHints":{"allow":["GET"]}}],"collection":[{"href":"https:\/\/wydawnictwo.uksw.edu.pl\/pl\/wp-json\/wp\/v2\/pages"}],"about":[{"href":"https:\/\/wydawnictwo.uksw.edu.pl\/pl\/wp-json\/wp\/v2\/types\/page"}],"author":[{"embeddable":true,"href":"https:\/\/wydawnictwo.uksw.edu.pl\/pl\/wp-json\/wp\/v2\/users\/3"}],"replies":[{"embeddable":true,"href":"https:\/\/wydawnictwo.uksw.edu.pl\/pl\/wp-json\/wp\/v2\/comments?post=22664"}],"version-history":[{"count":7,"href":"https:\/\/wydawnictwo.uksw.edu.pl\/pl\/wp-json\/wp\/v2\/pages\/22664\/revisions"}],"predecessor-version":[{"id":23611,"href":"https:\/\/wydawnictwo.uksw.edu.pl\/pl\/wp-json\/wp\/v2\/pages\/22664\/revisions\/23611"}],"wp:attachment":[{"href":"https:\/\/wydawnictwo.uksw.edu.pl\/pl\/wp-json\/wp\/v2\/media?parent=22664"}],"curies":[{"name":"wp","href":"https:\/\/api.w.org\/{rel}","templated":true}]}}