{"id":22666,"date":"2026-03-09T15:07:19","date_gmt":"2026-03-09T14:07:19","guid":{"rendered":"https:\/\/jednostki.uksw.edu.pl\/wydawnictwo\/?page_id=22666"},"modified":"2026-04-02T10:08:53","modified_gmt":"2026-04-02T08:08:53","slug":"dla-autorow","status":"publish","type":"page","link":"https:\/\/wydawnictwo.uksw.edu.pl\/dla-autorow\/","title":{"rendered":"Autorzy"},"content":{"rendered":"\n<p>Wersja 1.0&nbsp; | Ostatnia aktualizacja: 2026-03-06<\/p>\n\n\n\n<p>W tej sekcji znajduje si\u0119 komplet informacji potrzebnych do zg\u0142oszenia i przygotowania ksi\u0105\u017cki do wydania w Wydawnictwie Naukowym UKSW: przebieg procesu, wymagania redakcyjne, zasady finansowania, umowy, harmonogram oraz niezb\u0119dne formularze.<\/p>\n\n\n\n<h2 class=\"wp-block-heading\">Szybkie linki:<\/h2>\n\n\n\n<ul class=\"wp-block-list\">\n<li><a href=\"https:\/\/wydawnictwo.uksw.edu.pl\/dla-autorow\/zgloszenie-publikacji\/\" data-type=\"link\" data-id=\"https:\/\/wydawnictwo.test.uksw.edu.pl\/dla-autorow\/zgloszenie-publikacji\/\">Zg\u0142o\u015b publikacj\u0119<\/a><\/li>\n\n\n\n<li><a href=\"https:\/\/wydawnictwo.uksw.edu.pl\/standardy-i-polityki\/procedura-recenzji\/\" data-type=\"link\" data-id=\"https:\/\/wydawnictwo.test.uksw.edu.pl\/standardy-i-polityki\/procedura-recenzji\/\">Procedura recenzji<\/a><\/li>\n\n\n\n<li><a href=\"https:\/\/wydawnictwo.uksw.edu.pl\/standardy-i-polityki\/polityka-oplat-i-niezaleznosc\/\" data-type=\"link\" data-id=\"https:\/\/wydawnictwo.test.uksw.edu.pl\/standardy-i-polityki\/polityka-oplat-i-niezaleznosc\/\">Finansowanie i niezale\u017cno\u015b\u0107 decyzji<\/a><\/li>\n\n\n\n<li><a href=\"https:\/\/wydawnictwo.uksw.edu.pl\/standardy-i-polityki\/dostepnosc-cyfrowa\/\" data-type=\"link\" data-id=\"https:\/\/wydawnictwo.test.uksw.edu.pl\/standardy-i-polityki\/dostepnosc-cyfrowa\/\">Dost\u0119pno\u015b\u0107 cyfrowa<\/a><\/li>\n\n\n\n<li><a href=\"https:\/\/wydawnictwo.uksw.edu.pl\/standardy-i-polityki\/polityka-wykorzystania-ai-pl-en\/\" data-type=\"link\" data-id=\"https:\/\/wydawnictwo.test.uksw.edu.pl\/standardy-i-polityki\/polityka-wykorzystania-ai-pl-en\/\">Polityka AI<\/a><\/li>\n\n\n\n<li><a href=\"https:\/\/wydawnictwo.uksw.edu.pl\/standardy-i-polityki\/polityka-open-access-i-licencje\/\" data-type=\"link\" data-id=\"https:\/\/wydawnictwo.test.uksw.edu.pl\/standardy-i-polityki\/polityka-open-access-i-licencje\/\">Open Access i licencje<\/a><\/li>\n<\/ul>\n\n\n\n<h2 class=\"wp-block-heading\">Kontakt:<\/h2>\n\n\n\n<p>Zg\u0142oszenia: <a href=\"mailto:wydawnictwo@uksw.edu.pl\">wydawnictwo@uksw.edu.pl<\/a><\/p>\n\n\n\n<p><\/p>\n","protected":false},"excerpt":{"rendered":"<p>Wersja 1.0&nbsp; | Ostatnia aktualizacja: 2026-03-06 W tej sekcji znajduje si\u0119 komplet informacji potrzebnych do zg\u0142oszenia i przygotowania ksi\u0105\u017cki do wydania w Wydawnictwie Naukowym UKSW: przebieg procesu, wymagania redakcyjne, zasady finansowania, umowy, harmonogram oraz niezb\u0119dne formularze. Szybkie linki: Kontakt: Zg\u0142oszenia: wydawnictwo@uksw.edu.pl<\/p>\n","protected":false},"author":3,"featured_media":0,"parent":0,"menu_order":0,"comment_status":"closed","ping_status":"closed","template":"page-templates\/template-sub-page.php","meta":{"_acf_changed":false,"inline_featured_image":false,"footnotes":"","_links_to":"","_links_to_target":""},"class_list":["post-22666","page","type-page","status-publish","hentry"],"acf":[],"_links":{"self":[{"href":"https:\/\/wydawnictwo.uksw.edu.pl\/pl\/wp-json\/wp\/v2\/pages\/22666","targetHints":{"allow":["GET"]}}],"collection":[{"href":"https:\/\/wydawnictwo.uksw.edu.pl\/pl\/wp-json\/wp\/v2\/pages"}],"about":[{"href":"https:\/\/wydawnictwo.uksw.edu.pl\/pl\/wp-json\/wp\/v2\/types\/page"}],"author":[{"embeddable":true,"href":"https:\/\/wydawnictwo.uksw.edu.pl\/pl\/wp-json\/wp\/v2\/users\/3"}],"replies":[{"embeddable":true,"href":"https:\/\/wydawnictwo.uksw.edu.pl\/pl\/wp-json\/wp\/v2\/comments?post=22666"}],"version-history":[{"count":14,"href":"https:\/\/wydawnictwo.uksw.edu.pl\/pl\/wp-json\/wp\/v2\/pages\/22666\/revisions"}],"predecessor-version":[{"id":23909,"href":"https:\/\/wydawnictwo.uksw.edu.pl\/pl\/wp-json\/wp\/v2\/pages\/22666\/revisions\/23909"}],"wp:attachment":[{"href":"https:\/\/wydawnictwo.uksw.edu.pl\/pl\/wp-json\/wp\/v2\/media?parent=22666"}],"curies":[{"name":"wp","href":"https:\/\/api.w.org\/{rel}","templated":true}]}}