{"id":22672,"date":"2026-03-09T15:10:42","date_gmt":"2026-03-09T14:10:42","guid":{"rendered":"https:\/\/jednostki.uksw.edu.pl\/wydawnictwo\/?page_id=22672"},"modified":"2026-03-30T11:14:38","modified_gmt":"2026-03-30T09:14:38","slug":"o-wydawnictwie","status":"publish","type":"page","link":"https:\/\/wydawnictwo.uksw.edu.pl\/o-wydawnictwie\/","title":{"rendered":"Wydawnictwo"},"content":{"rendered":"\n<p>Wersja: 1.0 | Ostatnia aktualizacja: 2026-03-10<\/p>\n\n\n\n<p>Wydawnictwo Naukowe UKSW jest oficjalnym wydawc\u0105 Uniwersytetu Kardyna\u0142a Stefana Wyszy\u0144skiego w Warszawie. Publikuje w dyscyplinach reprezentowanych na UKSW. Stosuje przejrzyste standardy etyki i recenzji oraz rozwija dystrybucj\u0119 publikacji w formie drukowanej i elektronicznej.<\/p>\n","protected":false},"excerpt":{"rendered":"<p>Wersja: 1.0 | Ostatnia aktualizacja: 2026-03-10 Wydawnictwo Naukowe UKSW jest oficjalnym wydawc\u0105 Uniwersytetu Kardyna\u0142a Stefana Wyszy\u0144skiego w Warszawie. Publikuje w dyscyplinach reprezentowanych na UKSW. Stosuje przejrzyste standardy etyki i recenzji oraz rozwija dystrybucj\u0119 publikacji w formie drukowanej i elektronicznej.<\/p>\n","protected":false},"author":3,"featured_media":0,"parent":0,"menu_order":0,"comment_status":"closed","ping_status":"closed","template":"page-templates\/template-sub-page.php","meta":{"_acf_changed":false,"inline_featured_image":false,"footnotes":"","_links_to":"","_links_to_target":""},"class_list":["post-22672","page","type-page","status-publish","hentry"],"acf":[],"_links":{"self":[{"href":"https:\/\/wydawnictwo.uksw.edu.pl\/pl\/wp-json\/wp\/v2\/pages\/22672","targetHints":{"allow":["GET"]}}],"collection":[{"href":"https:\/\/wydawnictwo.uksw.edu.pl\/pl\/wp-json\/wp\/v2\/pages"}],"about":[{"href":"https:\/\/wydawnictwo.uksw.edu.pl\/pl\/wp-json\/wp\/v2\/types\/page"}],"author":[{"embeddable":true,"href":"https:\/\/wydawnictwo.uksw.edu.pl\/pl\/wp-json\/wp\/v2\/users\/3"}],"replies":[{"embeddable":true,"href":"https:\/\/wydawnictwo.uksw.edu.pl\/pl\/wp-json\/wp\/v2\/comments?post=22672"}],"version-history":[{"count":5,"href":"https:\/\/wydawnictwo.uksw.edu.pl\/pl\/wp-json\/wp\/v2\/pages\/22672\/revisions"}],"predecessor-version":[{"id":23644,"href":"https:\/\/wydawnictwo.uksw.edu.pl\/pl\/wp-json\/wp\/v2\/pages\/22672\/revisions\/23644"}],"wp:attachment":[{"href":"https:\/\/wydawnictwo.uksw.edu.pl\/pl\/wp-json\/wp\/v2\/media?parent=22672"}],"curies":[{"name":"wp","href":"https:\/\/api.w.org\/{rel}","templated":true}]}}