{"id":22680,"date":"2026-03-10T09:28:22","date_gmt":"2026-03-10T08:28:22","guid":{"rendered":"https:\/\/jednostki.uksw.edu.pl\/wydawnictwo\/?page_id=22680"},"modified":"2026-04-02T11:43:49","modified_gmt":"2026-04-02T09:43:49","slug":"ksiegarnia","status":"publish","type":"page","link":"https:\/\/wydawnictwo.uksw.edu.pl\/ksiegarnia\/","title":{"rendered":"Ksi\u0119garnia UKSW"},"content":{"rendered":"\n<p>Wersja 1.0&nbsp; | Ostatnia aktualizacja: 2026-03-09<\/p>\n\n\n\n<p>Sklep online to podstawowy kana\u0142 sprzeda\u017cy publikacji Wydawnictwa Naukowego UKSW. Znajdziesz tu pe\u0142ny katalog ksi\u0105\u017cek oraz mo\u017cliwo\u015b\u0107 zakupu i p\u0142atno\u015bci online.<\/p>\n\n\n\n<div class=\"wp-block-buttons is-layout-flex wp-block-buttons-is-layout-flex\">\n<div class=\"wp-block-button is-style-outline is-style-outline--1\"><a class=\"wp-block-button__link wp-element-button\" href=\"https:\/\/ksiegarnia.uksw.edu.pl\"><strong>Przejd\u017a do sklepu internetowego<\/strong><\/a><\/div>\n<\/div>\n\n\n\n<pre class=\"wp-block-code\"><code><\/code><\/pre>\n\n\n\n<p><\/p>\n\n\n\n<p><a href=\"https:\/\/wydawnictwo.uksw.edu.pl\/ksiegarnia\/regulamin-zakupow\/\" data-type=\"link\" data-id=\"https:\/\/wydawnictwo.test.uksw.edu.pl\/ksiegarnia\/regulamin-zakupow\/\">Regulamin zakup\u00f3w<\/a><\/p>\n\n\n\n<p><a href=\"https:\/\/wydawnictwo.uksw.edu.pl\/ksiegarnia\/kontakt\/\" data-type=\"link\" data-id=\"https:\/\/wydawnictwo.test.uksw.edu.pl\/ksiegarnia\/kontakt\/\">Kontakt<\/a><\/p>\n\n\n\n<p><\/p>\n","protected":false},"excerpt":{"rendered":"<p>Wersja 1.0&nbsp; | Ostatnia aktualizacja: 2026-03-09 Sklep online to podstawowy kana\u0142 sprzeda\u017cy publikacji Wydawnictwa Naukowego UKSW. Znajdziesz tu pe\u0142ny katalog ksi\u0105\u017cek oraz mo\u017cliwo\u015b\u0107 zakupu i p\u0142atno\u015bci online. Regulamin zakup\u00f3w Kontakt<\/p>\n","protected":false},"author":3,"featured_media":0,"parent":0,"menu_order":0,"comment_status":"closed","ping_status":"closed","template":"page-templates\/template-sub-page.php","meta":{"_acf_changed":false,"inline_featured_image":false,"footnotes":"","_links_to":"","_links_to_target":""},"class_list":["post-22680","page","type-page","status-publish","hentry"],"acf":[],"_links":{"self":[{"href":"https:\/\/wydawnictwo.uksw.edu.pl\/pl\/wp-json\/wp\/v2\/pages\/22680","targetHints":{"allow":["GET"]}}],"collection":[{"href":"https:\/\/wydawnictwo.uksw.edu.pl\/pl\/wp-json\/wp\/v2\/pages"}],"about":[{"href":"https:\/\/wydawnictwo.uksw.edu.pl\/pl\/wp-json\/wp\/v2\/types\/page"}],"author":[{"embeddable":true,"href":"https:\/\/wydawnictwo.uksw.edu.pl\/pl\/wp-json\/wp\/v2\/users\/3"}],"replies":[{"embeddable":true,"href":"https:\/\/wydawnictwo.uksw.edu.pl\/pl\/wp-json\/wp\/v2\/comments?post=22680"}],"version-history":[{"count":11,"href":"https:\/\/wydawnictwo.uksw.edu.pl\/pl\/wp-json\/wp\/v2\/pages\/22680\/revisions"}],"predecessor-version":[{"id":23814,"href":"https:\/\/wydawnictwo.uksw.edu.pl\/pl\/wp-json\/wp\/v2\/pages\/22680\/revisions\/23814"}],"wp:attachment":[{"href":"https:\/\/wydawnictwo.uksw.edu.pl\/pl\/wp-json\/wp\/v2\/media?parent=22680"}],"curies":[{"name":"wp","href":"https:\/\/api.w.org\/{rel}","templated":true}]}}