{"id":22682,"date":"2026-03-10T09:29:13","date_gmt":"2026-03-10T08:29:13","guid":{"rendered":"https:\/\/jednostki.uksw.edu.pl\/wydawnictwo\/?page_id=22682"},"modified":"2026-04-02T12:50:19","modified_gmt":"2026-04-02T10:50:19","slug":"kontakt","status":"publish","type":"page","link":"https:\/\/wydawnictwo.uksw.edu.pl\/kontakt\/","title":{"rendered":"Kontakt z nami"},"content":{"rendered":"\n<p>Wersja 1.0&nbsp; | Ostatnia aktualizacja: 2026-03-11<\/p>\n\n\n\n<p>Poni\u017cej znajduj\u0105 si\u0119 dane kontaktowe do Wydawnictwa Naukowego UKSW. Aby przyspieszy\u0107 obs\u0142ug\u0119, prosimy o kierowanie wiadomo\u015bci do w\u0142a\u015bciwego adresu i podanie podstawowych informacji (np. tytu\u0142 publikacji, numer zam\u00f3wienia, dane kontaktowe).<\/p>\n\n\n\n<h3 class=\"wp-block-heading\">Kontakt og\u00f3lny <\/h3>\n\n\n\n<p>Wydawnictwo Naukowe UKSW<br>E-mail: <a href=\"mailto:wydawnictwo@uksw.edu.pl\">wydawnictwo@uksw.edu.pl<\/a><br>Telefon: 22 561 88 35<br>Adres: ul. Dewajtis 5, 01-815 Warszawa, Domek nr 2<br>Godziny pracy: 7.30-15.30<\/p>\n\n\n\n<p><em>Kontakt og\u00f3lny s\u0142u\u017cy do spraw organizacyjnych, kt\u00f3re nie dotycz\u0105 bezpo\u015brednio ksi\u0119garni ani promocji.<\/em><\/p>\n\n\n\n<h6 class=\"wp-block-heading\"><a href=\"https:\/\/wydawnictwo.uksw.edu.pl\/o-wydawnictwie\/zespol\/\">Zesp\u00f3\u0142<\/a><\/h6>\n\n\n\n<p><\/p>\n\n\n\n<figure class=\"wp-block-gallery has-nested-images columns-default is-cropped wp-block-gallery-1 is-layout-flex wp-block-gallery-is-layout-flex\">\n<figure class=\"wp-block-image size-large\"><img loading=\"lazy\" decoding=\"async\" width=\"1024\" height=\"768\" data-id=\"23070\" src=\"https:\/\/wydawnictwo.test.uksw.edu.pl\/wp-content\/uploads\/sites\/81\/2026\/03\/Domek-nr-2_Wejscie-do-ksiegarni-UKSW-1024x768.jpg\" alt=\"Domek nr 2 przy ul. Dewajtis 5, wej\u015bcie do ksi\u0119garni UKSW\" class=\"wp-image-23070\" srcset=\"https:\/\/wydawnictwo.uksw.edu.pl\/wp-content\/uploads\/sites\/81\/2026\/03\/Domek-nr-2_Wejscie-do-ksiegarni-UKSW-1024x768.jpg 1024w, https:\/\/wydawnictwo.uksw.edu.pl\/wp-content\/uploads\/sites\/81\/2026\/03\/Domek-nr-2_Wejscie-do-ksiegarni-UKSW-300x225.jpg 300w, https:\/\/wydawnictwo.uksw.edu.pl\/wp-content\/uploads\/sites\/81\/2026\/03\/Domek-nr-2_Wejscie-do-ksiegarni-UKSW-768x576.jpg 768w, https:\/\/wydawnictwo.uksw.edu.pl\/wp-content\/uploads\/sites\/81\/2026\/03\/Domek-nr-2_Wejscie-do-ksiegarni-UKSW-1536x1152.jpg 1536w, https:\/\/wydawnictwo.uksw.edu.pl\/wp-content\/uploads\/sites\/81\/2026\/03\/Domek-nr-2_Wejscie-do-ksiegarni-UKSW-2048x1536.jpg 2048w\" sizes=\"auto, (max-width: 1024px) 100vw, 1024px\" \/><\/figure>\n\n\n\n<figure class=\"wp-block-image size-large\"><img loading=\"lazy\" decoding=\"async\" width=\"1024\" height=\"576\" data-id=\"23069\" src=\"https:\/\/wydawnictwo.test.uksw.edu.pl\/wp-content\/uploads\/sites\/81\/2026\/03\/Domek-nr-2_stolik-z-ksiazkami-przed-wejsciem-do-ksiegarni-1024x576.jpg\" alt=\"Stolik z ksi\u0105\u017ckami przy wej\u015bciu do ksi\u0119garni UKSW\" class=\"wp-image-23069\" srcset=\"https:\/\/wydawnictwo.uksw.edu.pl\/wp-content\/uploads\/sites\/81\/2026\/03\/Domek-nr-2_stolik-z-ksiazkami-przed-wejsciem-do-ksiegarni-1024x576.jpg 1024w, https:\/\/wydawnictwo.uksw.edu.pl\/wp-content\/uploads\/sites\/81\/2026\/03\/Domek-nr-2_stolik-z-ksiazkami-przed-wejsciem-do-ksiegarni-300x169.jpg 300w, https:\/\/wydawnictwo.uksw.edu.pl\/wp-content\/uploads\/sites\/81\/2026\/03\/Domek-nr-2_stolik-z-ksiazkami-przed-wejsciem-do-ksiegarni-768x432.jpg 768w, https:\/\/wydawnictwo.uksw.edu.pl\/wp-content\/uploads\/sites\/81\/2026\/03\/Domek-nr-2_stolik-z-ksiazkami-przed-wejsciem-do-ksiegarni-1536x864.jpg 1536w, https:\/\/wydawnictwo.uksw.edu.pl\/wp-content\/uploads\/sites\/81\/2026\/03\/Domek-nr-2_stolik-z-ksiazkami-przed-wejsciem-do-ksiegarni-2048x1152.jpg 2048w\" sizes=\"auto, (max-width: 1024px) 100vw, 1024px\" \/><\/figure>\n\n\n\n<figure class=\"wp-block-image size-large\"><img loading=\"lazy\" decoding=\"async\" width=\"1024\" height=\"768\" data-id=\"23068\" src=\"https:\/\/wydawnictwo.test.uksw.edu.pl\/wp-content\/uploads\/sites\/81\/2026\/03\/Domek-nr-2_Kampus-UKSW_Dewajtis_Warszawa-1024x768.jpg\" alt=\"Domek nr 2, w kt\u00f3rym mie\u015bci si\u0119 Wydawnictwo Naukowe UKSW. kampus Dewajtis \" class=\"wp-image-23068\" srcset=\"https:\/\/wydawnictwo.uksw.edu.pl\/wp-content\/uploads\/sites\/81\/2026\/03\/Domek-nr-2_Kampus-UKSW_Dewajtis_Warszawa-1024x768.jpg 1024w, https:\/\/wydawnictwo.uksw.edu.pl\/wp-content\/uploads\/sites\/81\/2026\/03\/Domek-nr-2_Kampus-UKSW_Dewajtis_Warszawa-300x225.jpg 300w, https:\/\/wydawnictwo.uksw.edu.pl\/wp-content\/uploads\/sites\/81\/2026\/03\/Domek-nr-2_Kampus-UKSW_Dewajtis_Warszawa-768x576.jpg 768w, https:\/\/wydawnictwo.uksw.edu.pl\/wp-content\/uploads\/sites\/81\/2026\/03\/Domek-nr-2_Kampus-UKSW_Dewajtis_Warszawa-1536x1152.jpg 1536w, https:\/\/wydawnictwo.uksw.edu.pl\/wp-content\/uploads\/sites\/81\/2026\/03\/Domek-nr-2_Kampus-UKSW_Dewajtis_Warszawa-2048x1536.jpg 2048w\" sizes=\"auto, (max-width: 1024px) 100vw, 1024px\" \/><\/figure>\n<\/figure>\n\n\n\n<p>Domek nr 2. Ksi\u0119garnia uniwersytecka na kampusie przy ul. Dewajtis. <\/p>\n\n\n\n<hr class=\"wp-block-separator has-alpha-channel-opacity\" \/>\n\n\n\n<h2 class=\"wp-block-heading\">Zg\u0142oszenia publikacji<\/h2>\n\n\n\n<p>Publikacje przyjmowane s\u0105 zgodnie z procedur\u0105 opisan\u0105 w zak\u0142adce <a href=\"https:\/\/wydawnictwo.uksw.edu.pl\/dla-autorow\/zgloszenie-publikacji\/\" data-type=\"link\" data-id=\"https:\/\/wydawnictwo.test.uksw.edu.pl\/dla-autorow\/zgloszenie-publikacji\/\">Zg\u0142oszenia publikacji <\/a><br>E-mail: <a href=\"mailto:wydawnictwo@uksw.edu.pl\">wydawnictwo@uksw.edu.pl<\/a><br>Telefon: 22\u00a0561 88 35<br>Du\u017ce pliki: w przypadku du\u017cych za\u0142\u0105cznik\u00f3w prosimy o link do dysku\/transferu.<\/p>\n\n\n\n<hr class=\"wp-block-separator has-alpha-channel-opacity\" \/>\n\n\n\n<h2 class=\"wp-block-heading\">Sprawy etyczne<\/h2>\n\n\n\n<p>E-mail: <a href=\"mailto:etyka.wydawnictwo@uksw.edu.pl\">etyka.wydawnictwo@uksw.edu.pl<\/a><br>W tytule wiadomo\u015bci prosimy stosowa\u0107 format: \u201eSprawy etyczne \/ skargi \/ odwo\u0142ania \u2013 [tytu\u0142 publikacji \/ numer sprawy]\u201d.<\/p>\n\n\n\n<p>Pod ten adres prosimy o kontakt m.in. w sytuacjach dotycz\u0105cych:<\/p>\n\n\n\n<ul class=\"wp-block-list\">\n<li>podejrzenia narusze\u0144 etyki publikacyjnej (np. plagiat),<\/li>\n\n\n\n<li>konfliktu interes\u00f3w,<\/li>\n\n\n\n<li>skarg na przebieg procedury recenzji<\/li>\n\n\n\n<li>wniosk\u00f3w o korekty lub wycofania.<\/li>\n<\/ul>\n\n\n\n<p>Ponadto w tre\u015bci zg\u0142oszenia nale\u017cy uwzgl\u0119dni\u0107 nast\u0119puj\u0105ce element:<\/p>\n\n\n\n<ul class=\"wp-block-list\">\n<li>tytu\u0142 publikacji \/ numer sprawy (je\u015bli jest),<\/li>\n\n\n\n<li>imiona i nazwiska autor\u00f3w\/redaktor\u00f3w,<\/li>\n\n\n\n<li>opis zdarzenia (konkretnie, punktowo),<\/li>\n\n\n\n<li>materia\u0142y wspieraj\u0105ce (linki, fragmenty, dokumenty),<\/li>\n\n\n\n<li>Dane kontaktowe zg\u0142aszaj\u0105cego,<\/li>\n<\/ul>\n\n\n\n<p>Zg\u0142oszenia traktujemy poufnie i rozpatrujemy zgodnie z obowi\u0105zuj\u0105cymi procedurami (linki poni\u017cej). Dane osobowe przetwarzamy wy\u0142\u0105cznie w zakresie niezb\u0119dnym do rozpatrzenia sprawy; szczeg\u00f3\u0142y: <a href=\"https:\/\/wydawnictwo.uksw.edu.pl\/standardy-i-polityki\/ochrona-danych-rodo\/\" data-type=\"link\" data-id=\"https:\/\/wydawnictwo.test.uksw.edu.pl\/standardy-i-polityki\/ochrona-danych-rodo\/\">Ochrona danych (RODO)<\/a>.<\/p>\n\n\n\n<p><a href=\"https:\/\/wydawnictwo.uksw.edu.pl\/standardy-i-polityki\/etyka-publikacyjna\/\" data-type=\"link\" data-id=\"https:\/\/wydawnictwo.test.uksw.edu.pl\/standardy-i-polityki\/etyka-publikacyjna\/\">Etyka publikacyjna <\/a><\/p>\n\n\n\n<p><a href=\"https:\/\/wydawnictwo.uksw.edu.pl\/standardy-i-polityki\/skargi-i-odwolania\/\" data-type=\"link\" data-id=\"https:\/\/wydawnictwo.test.uksw.edu.pl\/standardy-i-polityki\/skargi-i-odwolania\/\">Skargi i odwo\u0142ania<\/a><\/p>\n\n\n\n<p><a href=\"https:\/\/wydawnictwo.uksw.edu.pl\/standardy-i-polityki\/konflikt-interesow\/\" data-type=\"link\" data-id=\"https:\/\/wydawnictwo.test.uksw.edu.pl\/standardy-i-polityki\/konflikt-interesow\/\">Konflikt interes\u00f3w<\/a><\/p>\n\n\n\n<p><a href=\"https:\/\/wydawnictwo.uksw.edu.pl\/standardy-i-polityki\/korekty-i-wycofania\/\" data-type=\"link\" data-id=\"https:\/\/wydawnictwo.test.uksw.edu.pl\/standardy-i-polityki\/korekty-i-wycofania\/\">Korekty i wycofania<\/a><\/p>\n\n\n\n<hr class=\"wp-block-separator has-alpha-channel-opacity\" \/>\n\n\n\n<h2 class=\"wp-block-heading\">Marketing i promocja<\/h2>\n\n\n\n<p>Krzysztof Wojciechowski \u2013 specjalista ds. marketingu<br>e-mail: <a href=\"mailto:krzysztof.wojciechowski@uksw.edu.pl\">krzysztof.wojciechowski@uksw.edu.pl<\/a><br>telefon: 22&nbsp;561 88 71<\/p>\n\n\n\n<p>Alicja Wysocka \u2013 g\u0142\u00f3wny specjalista ds. komunikacji<br>e-mail: <a href=\"mailto:a.wysocka@uksw.edu.pl\">a.wysocka@uksw.edu.pl<\/a><br>telefon: 22&nbsp;561 90 19<\/p>\n\n\n\n<p>Prosimy o kontakt z zespo\u0142em w sprawach promocji nowo\u015bci, zapowiedzi, wydarze\u0144, spotka\u0144 autorskich oraz materia\u0142\u00f3w informacyjnych.<\/p>\n\n\n\n<hr class=\"wp-block-separator has-alpha-channel-opacity\" \/>\n\n\n\n<h2 class=\"wp-block-heading\">Ksi\u0119garnia<\/h2>\n\n\n\n<p>Adres: ul. Dewajtis 5, 01-815 Warszawa (domek nr 2)<br>Godziny: pn.\u2013pt. 9:00\u201314:30<br>e-mail: <a href=\"mailto:j.kuczmanska@uksw.edu.pl\">j.kuczmanska@uksw.edu.pl<\/a><br>telefon: 22 561 89 23<\/p>\n\n\n\n<p>Prosimy o kontakt z ksi\u0119garni\u0105 w sprawach zam\u00f3wie\u0144, faktur, dostawy, zwrot\u00f3w i reklamacji.<\/p>\n\n\n\n<p><a href=\"https:\/\/wydawnictwo.uksw.edu.pl\/ksiegarnia\/regulamin-zakupow\/\" data-type=\"link\" data-id=\"https:\/\/wydawnictwo.uksw.edu.pl\/ksiegarnia\/regulamin-zakupow\/\">Regulamin zakup\u00f3w<\/a><\/p>\n\n\n\n<hr class=\"wp-block-separator has-alpha-channel-opacity\" \/>\n\n\n\n<h2 class=\"wp-block-heading\">Media<\/h2>\n\n\n\n<p>Alicja Wysocka<br>e-mail: <a href=\"mailto:a.wysocka@uksw.edu.pl\">a.wysocka@uksw.edu.pl<\/a><br>telefon: 22&nbsp;561 90 19<\/p>\n\n\n\n<p>Krzysztof Wojciechowski<br>e-mail: <a href=\"mailto:krzysztof.wojciechowski@uksw.edu.pl\">krzysztof.wojciechowski@uksw.edu.pl<\/a><br>telefon: 22&nbsp;561 88 71<\/p>\n\n\n\n<p>Prosimy o kontakt z zespo\u0142em w sprawach zapyta\u0144 prasowych, informacji o publikacjach i wydarzeniach oraz materia\u0142\u00f3w promocyjnych.<\/p>\n\n\n\n<p>Mo\u017cemy udost\u0119pni\u0107: ok\u0142adki w wysokiej rozdzielczo\u015bci, opisy publikacji, noty o autorach oraz informacje o wydarzeniach.<\/p>\n\n\n\n<p><\/p>\n","protected":false},"excerpt":{"rendered":"<p>Wersja 1.0&nbsp; | Ostatnia aktualizacja: 2026-03-11 Poni\u017cej znajduj\u0105 si\u0119 dane kontaktowe do Wydawnictwa Naukowego UKSW. Aby przyspieszy\u0107 obs\u0142ug\u0119, prosimy o kierowanie wiadomo\u015bci do w\u0142a\u015bciwego adresu i podanie podstawowych informacji (np. tytu\u0142 publikacji, numer zam\u00f3wienia, dane kontaktowe). Kontakt og\u00f3lny Wydawnictwo Naukowe UKSWE-mail: wydawnictwo@uksw.edu.plTelefon: 22 561 88 35Adres: ul. Dewajtis 5, 01-815 Warszawa, Domek nr 2Godziny pracy: [&hellip;]<\/p>\n","protected":false},"author":3,"featured_media":0,"parent":0,"menu_order":0,"comment_status":"closed","ping_status":"closed","template":"page-templates\/template-sub-page.php","meta":{"_acf_changed":false,"inline_featured_image":false,"footnotes":"","_links_to":"","_links_to_target":""},"class_list":["post-22682","page","type-page","status-publish","hentry"],"acf":[],"_links":{"self":[{"href":"https:\/\/wydawnictwo.uksw.edu.pl\/pl\/wp-json\/wp\/v2\/pages\/22682","targetHints":{"allow":["GET"]}}],"collection":[{"href":"https:\/\/wydawnictwo.uksw.edu.pl\/pl\/wp-json\/wp\/v2\/pages"}],"about":[{"href":"https:\/\/wydawnictwo.uksw.edu.pl\/pl\/wp-json\/wp\/v2\/types\/page"}],"author":[{"embeddable":true,"href":"https:\/\/wydawnictwo.uksw.edu.pl\/pl\/wp-json\/wp\/v2\/users\/3"}],"replies":[{"embeddable":true,"href":"https:\/\/wydawnictwo.uksw.edu.pl\/pl\/wp-json\/wp\/v2\/comments?post=22682"}],"version-history":[{"count":27,"href":"https:\/\/wydawnictwo.uksw.edu.pl\/pl\/wp-json\/wp\/v2\/pages\/22682\/revisions"}],"predecessor-version":[{"id":23843,"href":"https:\/\/wydawnictwo.uksw.edu.pl\/pl\/wp-json\/wp\/v2\/pages\/22682\/revisions\/23843"}],"wp:attachment":[{"href":"https:\/\/wydawnictwo.uksw.edu.pl\/pl\/wp-json\/wp\/v2\/media?parent=22682"}],"curies":[{"name":"wp","href":"https:\/\/api.w.org\/{rel}","templated":true}]}}