{"id":22706,"date":"2026-03-11T12:52:55","date_gmt":"2026-03-11T11:52:55","guid":{"rendered":"https:\/\/jednostki.uksw.edu.pl\/wydawnictwo\/?page_id=22706"},"modified":"2026-04-02T12:00:42","modified_gmt":"2026-04-02T10:00:42","slug":"etyka-publikacyjna","status":"publish","type":"page","link":"https:\/\/wydawnictwo.uksw.edu.pl\/standardy-i-polityki\/etyka-publikacyjna\/","title":{"rendered":"Etyka publikacyjna"},"content":{"rendered":"\n<p>Wersja: 1.0 | Ostatnia aktualizacja: 2026-03-05<\/p>\n\n\n\n<p>Wydawnictwo Naukowe Uniwersytetu Kardyna\u0142a Stefana Wyszy\u0144skiego w Warszawie (dalej: Wydawnictwo) prowadzi dzia\u0142alno\u015b\u0107 wydawnicz\u0105 zgodnie z mi\u0119dzynarodowymi standardami etyki publikacyjnej, w szczeg\u00f3lno\u015bci z zasadami opracowanymi przez Committee on Publication Ethics (COPE).<\/p>\n\n\n\n<p>Wydawnictwo stosuje COPE Core Practices oraz Principles of Transparency and Best Practice in Scholarly Publishing w odniesieniu do publikacji ksi\u0105\u017ckowych i czasopism naukowych.<\/p>\n\n\n\n<ul class=\"wp-block-list\">\n<li><a href=\"https:\/\/publication-ethics.org\/resources\/cope-core-practices\/\" data-type=\"link\" data-id=\"https:\/\/publication-ethics.org\/resources\/cope-core-practices\/\">COPE \u2013 Core Practices<\/a><\/li>\n\n\n\n<li><a href=\"https:\/\/publicationethics.org\/guidance\" data-type=\"link\" data-id=\"https:\/\/publicationethics.org\/guidance\">COPE \u2013 Guidelines<\/a><\/li>\n<\/ul>\n\n\n\n<hr class=\"wp-block-separator has-alpha-channel-opacity\" \/>\n\n\n\n<p>Wydawnictwo&nbsp; dzia\u0142a w ramach Uniwersytetu Kardyna\u0142a Stefana Wyszy\u0144skiego w Warszawie i stosuje standardy etyczne obowi\u0105zuj\u0105ce w UKSW, w tym postanowienia Kodeksu Etycznego Badacza Uniwersytetu Kardyna\u0142a Stefana Wyszy\u0144skiego w Warszawie. Zasady tego kodeksu stanowi\u0105 punkt odniesienia r\u00f3wnie\u017c dla praktyk publikacyjnych.<\/p>\n\n\n\n<div class=\"wp-block-buttons is-content-justification-center is-layout-flex wp-container-core-buttons-is-layout-16018d1d wp-block-buttons-is-layout-flex\">\n<div class=\"wp-block-button is-style-outline is-style-outline--1\"><a class=\"wp-block-button__link wp-element-button\" href=\"https:\/\/monitor.uksw.edu.pl\/docs\/8648\">Kodeks Etyczny Badacza \/ pracownika UKSW<\/a><\/div>\n<\/div>\n\n\n\n<p><\/p>\n\n\n\n<pre class=\"wp-block-code\"><code><\/code><\/pre>\n\n\n\n<p><\/p>\n\n\n\n<h6 class=\"wp-block-heading\">Celem niniejszej polityki jest zapewnienie:<\/h6>\n\n\n\n<ul class=\"wp-block-list\">\n<li>rzetelno\u015bci naukowej,<\/li>\n\n\n\n<li>przejrzysto\u015bci procesu redakcyjnego,<\/li>\n\n\n\n<li>uczciwo\u015bci autorstwa,<\/li>\n\n\n\n<li>ochrony integralno\u015bci publikacji naukowych,<\/li>\n\n\n\n<li>transparentno\u015b\u0107 rozstrzygania konflikt\u00f3w interes\u00f3w.<\/li>\n<\/ul>\n\n\n\n<p>Polityka obowi\u0105zuje autor\u00f3w, redaktor\u00f3w naczelnych, cz\u0142onk\u00f3w rad naukowych, cz\u0142onk\u00f3w komitet\u00f3w redakcyjnych, recenzent\u00f3w,&nbsp; pracownik\u00f3w Wydawnictwa, podmioty wsp\u00f3\u0142pracuj\u0105ce przy publikacjach. Dotyczy wszystkich publikacji wydawanych przez Wydawnictwo Naukowe UKSW, w tym czasopism naukowych, serii wydawniczych i monografii.<\/p>\n\n\n\n<p><\/p>\n\n\n\n<pre class=\"wp-block-code\"><code><\/code><\/pre>\n\n\n\n<hr class=\"wp-block-separator has-alpha-channel-opacity\" \/>\n\n\n\n<h2 class=\"wp-block-heading\">Obowi\u0105zki autor\u00f3w<\/h2>\n\n\n\n<h6 class=\"wp-block-heading\">Autorzy s\u0105 zobowi\u0105zani do:<\/h6>\n\n\n\n<ul class=\"wp-block-list\">\n<li>przedstawienia oryginalnego tekstu i rzetelnego aparatu naukowego oraz wskazania \u017ar\u00f3de\u0142 danych\/argument\u00f3w;<\/li>\n\n\n\n<li>poprawnego cytowania \u017ar\u00f3de\u0142 oraz uzyskania zg\u00f3d\/licencji na wykorzystanie materia\u0142\u00f3w (tabele, ilustracje, dane, fragmenty tekst\u00f3w);<\/li>\n\n\n\n<li>ujawnienia finansowania, sponsor\u00f3w i potencjalnych konflikt\u00f3w interes\u00f3w;<\/li>\n\n\n\n<li>wskazania wk\u0142adu wsp\u00f3\u0142autor\u00f3w i unikania <em>ghostwriting\/guest authorship<\/em> (autorstwo powinno obejmowa\u0107 wy\u0142\u0105cznie osoby, kt\u00f3re wnios\u0142y istotny wk\u0142ad w koncepcj\u0119 prezentowanych bada\u0144, analiz\u0119 danych, opracowanie tekstu, zatwierdzenie ostatecznej wersji);<\/li>\n\n\n\n<li>niewykorzystywania niedozwolonych praktyk (np. manipulacji cytowaniami, sztucznego \u201epompuj\u0105cego\u201d cytowania, fa\u0142szowania danych);<\/li>\n\n\n\n<li>terminowej wsp\u00f3\u0142pracy z Wydawnictwem (poprawki, wyja\u015bnienia, uzupe\u0142nienia) oraz rzetelnej odpowiedzi na uwagi recenzent\u00f3w.<\/li>\n<\/ul>\n\n\n\n<p><\/p>\n\n\n\n<pre class=\"wp-block-code\"><code><\/code><\/pre>\n\n\n\n<hr class=\"wp-block-separator has-alpha-channel-opacity\" \/>\n\n\n\n<h2 class=\"wp-block-heading\">Obowi\u0105zki recenzent\u00f3w<\/h2>\n\n\n\n<h6 class=\"wp-block-heading\">Recenzenci zobowi\u0105zani s\u0105 do:<\/h6>\n\n\n\n<ul class=\"wp-block-list\">\n<li>zachowania poufno\u015bci materia\u0142\u00f3w i tre\u015bci recenzowanych;<\/li>\n\n\n\n<li>terminowo\u015bci i merytorycznej rzetelno\u015bci oceny;<\/li>\n\n\n\n<li>zg\u0142oszenia i wy\u0142\u0105czenia si\u0119 w przypadku konfliktu interes\u00f3w (finansowego, instytucjonalnego, osobistego, konkurencji naukowej) przed przyj\u0119ciem recenzji;<\/li>\n\n\n\n<li>niewykorzystywania informacji uzyskanych w trakcie recenzji do w\u0142asnych cel\u00f3w;<\/li>\n\n\n\n<li>unikania sugestii nieuzasadnionych merytorycznie (np. wymuszania cytowa\u0144 w\u0142asnych prac bez zwi\u0105zku z tematem).<\/li>\n<\/ul>\n\n\n\n<p><\/p>\n\n\n\n<pre class=\"wp-block-code\"><code><\/code><\/pre>\n\n\n\n<hr class=\"wp-block-separator has-alpha-channel-opacity\" \/>\n\n\n\n<h2 class=\"wp-block-heading\">Obowi\u0105zki redaktor\u00f3w i Wydawnictwa<\/h2>\n\n\n\n<h6 class=\"wp-block-heading\">Wydawnictwo zobowi\u0105zuje si\u0119 do:<\/h6>\n\n\n\n<ul class=\"wp-block-list\">\n<li>zapewnienia niezale\u017cno\u015bci decyzji redakcyjnych od finansowania, presji instytucjonalnej i relacji osobistych;<\/li>\n\n\n\n<li>doboru recenzent\u00f3w w spos\u00f3b niezale\u017cny, z uwzgl\u0119dnieniem kompetencji oraz weryfikacj\u0105 konflikt\u00f3w interes\u00f3w;<\/li>\n\n\n\n<li>przeciwdzia\u0142ania manipulacji procesem recenzji (m.in. nadu\u017cyciom zwi\u0105zanym z to\u017csamo\u015bci\u0105 recenzent\u00f3w, \u201efa\u0142szywymi recenzjami\u201d i innymi formami <em>peer-review manipulation<\/em>);<\/li>\n\n\n\n<li>dokumentowania decyzji redakcyjnych i prowadzenia spraw w spos\u00f3b sp\u00f3jny, transparentny i mo\u017cliwy do audytu;<\/li>\n\n\n\n<li>podejmowania dzia\u0142a\u0144 w razie podejrze\u0144 nadu\u017cy\u0107 zgodnie z procedur\u0105 oraz w oparciu o rekomendacje COPE;<\/li>\n\n\n\n<li>zapewnienia kana\u0142u i trybu rozpatrywania skarg oraz odwo\u0142a\u0144 (w tym zachowania bezstronno\u015bci i poufno\u015bci).<\/li>\n<\/ul>\n\n\n\n<p><\/p>\n\n\n\n<pre class=\"wp-block-code\"><code><\/code><\/pre>\n\n\n\n<hr class=\"wp-block-separator has-alpha-channel-opacity\" \/>\n\n\n\n<h2 class=\"wp-block-heading\">Naruszenia i nadu\u017cycia<\/h2>\n\n\n\n<h6 class=\"wp-block-heading\">Za naruszenia uznaje si\u0119 m.in.:<\/h6>\n\n\n\n<ul class=\"wp-block-list\">\n<li>plagiat i nieuprawnione zapo\u017cyczenia;<\/li>\n\n\n\n<li>autoplagiat lub powielanie tre\u015bci bez ujawnienia i uzasadnienia;<\/li>\n\n\n\n<li>fabrykacj\u0119\/fa\u0142szowanie danych lub manipulacj\u0119 wynikami;<\/li>\n\n\n\n<li>ukrywanie konfliktu interes\u00f3w;<\/li>\n\n\n\n<li>manipulacj\u0119 recenzj\u0105 (np. podszywanie si\u0119 pod recenzent\u00f3w, fa\u0142szywe adresy e-mail, sugerowanie recenzent\u00f3w w spos\u00f3b nieuczciwy);<\/li>\n\n\n\n<li>naruszenie praw autorskich i praw do materia\u0142\u00f3w os\u00f3b trzecich;<\/li>\n\n\n\n<li><em>ghostwriting<\/em> i <em>guest authorship<\/em>;<\/li>\n\n\n\n<li>manipulacj\u0119 cytowaniami (w tym nieuzasadnione autocytowania narzucane przez recenzent\u00f3w lub redaktor\u00f3w).<\/li>\n<\/ul>\n\n\n\n<p><\/p>\n\n\n\n<pre class=\"wp-block-code\"><code><\/code><\/pre>\n\n\n\n<hr class=\"wp-block-separator has-alpha-channel-opacity\" \/>\n\n\n\n<h2 class=\"wp-block-heading\">Post\u0119powanie w przypadku podejrze\u0144 o naruszenia i nadu\u017cycia<\/h2>\n\n\n\n<p>W przypadku podejrzenia narusze\u0144 Wydawnictwo przyjmuje zg\u0142oszenie, weryfikuje jego zasadno\u015b\u0107 i post\u0119puje zgodnie z wytycznymi COPE. <\/p>\n\n\n\n<h6 class=\"wp-block-heading\">Mo\u017cliwe dzia\u0142ania obejmuj\u0105:<\/h6>\n\n\n\n<ul class=\"wp-block-list\">\n<li>wezwanie autora do wyja\u015bnie\u0144,<\/li>\n\n\n\n<li>konsultacj\u0119 z instytucj\u0105, do kt\u00f3rej autor jest afiliowany,<\/li>\n\n\n\n<li>wstrzymanie procesu wydawniczego,<\/li>\n\n\n\n<li>odmow\u0119 publikacji,<\/li>\n\n\n\n<li>wycofanie publikacji,<\/li>\n\n\n\n<li>publikacj\u0119 erraty<\/li>\n<\/ul>\n\n\n\n<p>Ka\u017cde post\u0119powanie jest dokumentowane przy zachowaniu poufno\u015bci i bezstronno\u015bci.<\/p>\n\n\n\n<p>W sprawach z\u0142o\u017conych Wydawnictwo mo\u017ce korzysta\u0107 z rekomendacji COPE (w tym schemat\u00f3w post\u0119powania) oraz \u2013 gdy jest to uzasadnione \u2013 zasi\u0119ga\u0107 opinii w\u0142a\u015bciwych organ\u00f3w uczelni lub instytucji zewn\u0119trznych (np. w przypadkach podejrze\u0144 narusze\u0144 prawa).<\/p>\n\n\n\n<p><\/p>\n\n\n\n<pre class=\"wp-block-code\"><code><\/code><\/pre>\n\n\n\n<hr class=\"wp-block-separator has-alpha-channel-opacity\" \/>\n\n\n\n<h2 class=\"wp-block-heading\">Skargi i odwo\u0142ania<\/h2>\n\n\n\n<p>Wydawnictwo zapewnia mo\u017cliwo\u015b\u0107 z\u0142o\u017cenia skargi\/odwo\u0142ania dotycz\u0105cego przebiegu procesu lub rozstrzygni\u0119\u0107 etycznych. Skargi s\u0105 rozpatrywane bezstronnie, z zachowaniem poufno\u015bci, zgodnie z przyj\u0119t\u0105 procedur\u0105 opisan\u0105 w punkcie <a href=\"https:\/\/wydawnictwo.uksw.edu.pl\/standardy-i-polityki\/skargi-i-odwolania\/\" data-type=\"link\" data-id=\"https:\/\/wydawnictwo.test.uksw.edu.pl\/standardy-i-polityki\/skargi-i-odwolania\/\">Skargi i odwo\u0142ania<\/a><\/p>\n","protected":false},"excerpt":{"rendered":"<p>Wersja: 1.0 | Ostatnia aktualizacja: 2026-03-05 Wydawnictwo Naukowe Uniwersytetu Kardyna\u0142a Stefana Wyszy\u0144skiego w Warszawie (dalej: Wydawnictwo) prowadzi dzia\u0142alno\u015b\u0107 wydawnicz\u0105 zgodnie z mi\u0119dzynarodowymi standardami etyki publikacyjnej, w szczeg\u00f3lno\u015bci z zasadami opracowanymi przez Committee on Publication Ethics (COPE). Wydawnictwo stosuje COPE Core Practices oraz Principles of Transparency and Best Practice in Scholarly Publishing w odniesieniu do publikacji [&hellip;]<\/p>\n","protected":false},"author":3,"featured_media":0,"parent":22664,"menu_order":0,"comment_status":"closed","ping_status":"closed","template":"page-templates\/template-sub-page.php","meta":{"_acf_changed":false,"inline_featured_image":false,"footnotes":"","_links_to":"","_links_to_target":""},"class_list":["post-22706","page","type-page","status-publish","hentry"],"acf":[],"_links":{"self":[{"href":"https:\/\/wydawnictwo.uksw.edu.pl\/pl\/wp-json\/wp\/v2\/pages\/22706","targetHints":{"allow":["GET"]}}],"collection":[{"href":"https:\/\/wydawnictwo.uksw.edu.pl\/pl\/wp-json\/wp\/v2\/pages"}],"about":[{"href":"https:\/\/wydawnictwo.uksw.edu.pl\/pl\/wp-json\/wp\/v2\/types\/page"}],"author":[{"embeddable":true,"href":"https:\/\/wydawnictwo.uksw.edu.pl\/pl\/wp-json\/wp\/v2\/users\/3"}],"replies":[{"embeddable":true,"href":"https:\/\/wydawnictwo.uksw.edu.pl\/pl\/wp-json\/wp\/v2\/comments?post=22706"}],"version-history":[{"count":55,"href":"https:\/\/wydawnictwo.uksw.edu.pl\/pl\/wp-json\/wp\/v2\/pages\/22706\/revisions"}],"predecessor-version":[{"id":23826,"href":"https:\/\/wydawnictwo.uksw.edu.pl\/pl\/wp-json\/wp\/v2\/pages\/22706\/revisions\/23826"}],"up":[{"embeddable":true,"href":"https:\/\/wydawnictwo.uksw.edu.pl\/pl\/wp-json\/wp\/v2\/pages\/22664"}],"wp:attachment":[{"href":"https:\/\/wydawnictwo.uksw.edu.pl\/pl\/wp-json\/wp\/v2\/media?parent=22706"}],"curies":[{"name":"wp","href":"https:\/\/api.w.org\/{rel}","templated":true}]}}