{"id":22710,"date":"2026-03-11T13:00:36","date_gmt":"2026-03-11T12:00:36","guid":{"rendered":"https:\/\/jednostki.uksw.edu.pl\/wydawnictwo\/?page_id=22710"},"modified":"2026-04-02T12:43:53","modified_gmt":"2026-04-02T10:43:53","slug":"procedura-recenzji","status":"publish","type":"page","link":"https:\/\/wydawnictwo.uksw.edu.pl\/standardy-i-polityki\/procedura-recenzji\/","title":{"rendered":"Procedura recenzji"},"content":{"rendered":"\n<p>Wersja: 1.0 | Ostatnia aktualizacja: 2026-03-05<\/p>\n\n\n\n<p>Wszystkie publikacje (monografie, prace zbiorowe i artyku\u0142y naukowe) podlegaj\u0105 recenzji naukowej zgodnie z zasadami: <\/p>\n\n\n\n<ul class=\"wp-block-list\">\n<li>poufno\u015bci,<\/li>\n\n\n\n<li>bezstronno\u015bci,<\/li>\n\n\n\n<li>rzetelno\u015bci merytorycznej,<\/li>\n\n\n\n<li>braku konfliktu interes\u00f3w.<\/li>\n<\/ul>\n\n\n\n<p><\/p>\n\n\n\n<ol class=\"wp-block-list\">\n<li><strong>Zakres i zasada og\u00f3lna<\/strong><strong style=\"color: initial\">.<\/strong> Ka\u017cda monografia, praca zbiorowa i artyku\u0142 przyjmowane do publikacji w Wydawnictwie podlegaj\u0105 recenzji naukowej przed decyzj\u0105 o publikacji. Celem recenzji jest ocena warto\u015bci naukowej, rzetelno\u015bci metodologicznej, struktury, oraz zgodno\u015bci z profilem Wydawnictwa\/czasopisma\/serii wydawniczej.<\/li>\n\n\n\n<li><strong style=\"color: initial\">Model recenzji.<\/strong> <span style=\"color: initial\">Wydawnictwo stosuje model recenzji <\/span><em style=\"color: initial\">double-blind<\/em><span style=\"color: initial\"> do prac autorskich oraz <\/span><em style=\"color: initial\">single-blind<\/em><span style=\"color: initial\"> do prac zbiorowych. Co do zasady proces recenzji ma charakter poufny.<\/span><\/li>\n\n\n\n<li><strong style=\"color: initial\">Liczba recenzji. <\/strong><span style=\"color: initial\">Standardem s\u0105 co najmniej dwie recenzje zewn\u0119trzne sporz\u0105dzone przez ekspert\u00f3w niezale\u017cnych od autora(\u00f3w) i redaktora naukowego. W uzasadnionych przypadkach Wydawnictwo mo\u017ce zleci\u0107 dodatkow\u0105 recenzj\u0119.<\/span><\/li>\n\n\n\n<li><strong style=\"color: initial\">Dob\u00f3r recenzent\u00f3w \u2013 kryteria i niezale\u017cno\u015b\u0107. <\/strong><span style=\"color: initial\">Recenzent jest dobierany na podstawie kompetencji merytorycznych, dorobku naukowego z uwzgl\u0119dnieniem &nbsp;braku konfliktu interes\u00f3w. Recenzent sk\u0142ada o\u015bwiadczenie o braku konfliktu interes\u00f3w przed przyj\u0119ciem recenzji (w przypadku prac zbiorowych). Za niedopuszczalne uznaje si\u0119 powo\u0142anie recenzenta pozostaj\u0105cego w relacji, kt\u00f3ra mog\u0142aby narusza\u0107 bezstronno\u015b\u0107 (np. zale\u017cno\u015b\u0107 s\u0142u\u017cbowa, bliskie relacje osobiste, itp.).<\/span><\/li>\n\n\n\n<li><strong style=\"color: initial\">Propozycje recenzent\u00f3w przez autora. <\/strong><span style=\"color: initial\">Autor monografii lub redaktor pracy zbiorowej mo\u017ce wskaza\u0107 propozycje recenzent\u00f3w; propozycje maj\u0105 charakter pomocniczy i nie s\u0105 wi\u0105\u017c\u0105ce. Spo\u015br\u00f3d Cz\u0142onk\u00f3w Rady Naukowej Wydawnictwa, do ka\u017cdej recenzowanej pracy powo\u0142ana zostaje Komisja Ekspercka, kt\u00f3ra ostatecznie dobiera recenzent\u00f3w. W\u015br\u00f3d nich mog\u0105 znale\u017a\u0107 si\u0119 zaproponowani recenzenci. Komisja nie jest jednak w \u017caden spos\u00f3b ograniczona w doborze recenzent\u00f3w.<\/span><\/li>\n\n\n\n<li><strong style=\"color: initial\">Kryteria recenzji. <\/strong><span style=\"color: initial\">Oryginalno\u015b\u0107 i wk\u0142ad naukowy; poprawno\u015b\u0107 metodologiczna; rzetelno\u015b\u0107 argumentacji; adekwatno\u015b\u0107 \u017ar\u00f3de\u0142; zgodno\u015b\u0107 z zasadami etyki; klarowno\u015b\u0107 struktury; kompletno\u015b\u0107 aparatu naukowego i bibliografii.<\/span><\/li>\n\n\n\n<li><strong style=\"color: initial\">Rekomendacje recenzenta. <\/strong><span style=\"color: initial\">Recenzent formu\u0142uje rekomendacj\u0119: A) przyj\u0105\u0107 bez zmian \/ B) przyj\u0105\u0107 po drobnych poprawkach \/ C) przyj\u0105\u0107 po istotnych poprawkach wymagaj\u0105cych ponownej recenzji\/ D) odrzuci\u0107 oraz uzasadnia j\u0105 merytorycznie.<\/span><\/li>\n\n\n\n<li><strong style=\"color: initial\">Decyzja i weryfikacja poprawek. <\/strong><span style=\"color: initial\">Wydawnictwo podejmuje decyzj\u0119: A) przyj\u0119cie; B) przyj\u0119cie warunkowe; C) ponowna recenzja po poprawkach; D) odmowa publikacji. Autor\/redaktor naukowy przedstawia poprawiony tekst oraz odpowied\u017a na uwagi recenzent\u00f3w. W przypadku poprawek istotnych mo\u017cliwe jest skierowanie tekstu do ponownej recenzji.<\/span><\/li>\n\n\n\n<li><strong style=\"color: initial\">Dokumentacja. <\/strong><span style=\"color: initial\">Wydawnictwo archiwizuje recenzje, o\u015bwiadczenia o braku konfliktu interes\u00f3w oraz decyzje wydawnicze zgodnie z zasadami dokumentacji i ochrony danych.<\/span><\/li>\n\n\n\n<li><strong>Odwo\u0142ania<\/strong><strong style=\"color: initial\">.<\/strong> Odwo\u0142ania od decyzji wydawniczych rozpatrywane s\u0105 zgodnie z procedur\u0105 opisan\u0105 w zak\u0142adce <a href=\"https:\/\/wydawnictwo.uksw.edu.pl\/standardy-i-polityki\/skargi-i-odwolania\/\">skargi i odwo\u0142ania<\/a><\/li>\n<\/ol>\n\n\n\n<hr class=\"wp-block-separator has-alpha-channel-opacity\" \/>\n\n\n\n<p>Modele recenzji artyku\u0142u w czasopi\u015bmie s\u0105 jasno okre\u015blone na stronie danego czasopisma. <\/p>\n\n\n\n<div class=\"wp-block-buttons is-content-justification-center is-layout-flex wp-container-core-buttons-is-layout-16018d1d wp-block-buttons-is-layout-flex\">\n<div class=\"wp-block-button is-style-outline is-style-outline--1\"><a class=\"wp-block-button__link wp-element-button\" href=\"https:\/\/czasopisma.uksw.edu.pl\/\">Zobacz czasopisma UKSW<\/a><\/div>\n<\/div>\n\n\n\n<pre class=\"wp-block-code\"><code><\/code><\/pre>\n\n\n\n<hr class=\"wp-block-separator has-alpha-channel-opacity\" \/>\n\n\n\n<p><\/p>\n\n\n\n<h6 class=\"wp-block-heading\"><strong>Dokumenty do pobrania<\/strong><\/h6>\n\n\n\n<div class=\"wp-block-file\"><a id=\"wp-block-file--media-02aac938-dd0e-4547-a709-b9bad099b629\" href=\"https:\/\/wydawnictwo.uksw.edu.pl\/wp-content\/uploads\/sites\/81\/2026\/03\/Zasady-przeprowadzania-recenzji-naukowych-publikacji-ksiazkowych.pdf\" target=\"_blank\" rel=\"noreferrer noopener\">Zasady przeprowadzania recenzji naukowych publikacji ksi\u0105\u017ckowych<\/a><a href=\"https:\/\/wydawnictwo.uksw.edu.pl\/wp-content\/uploads\/sites\/81\/2026\/03\/Zasady-przeprowadzania-recenzji-naukowych-publikacji-ksiazkowych.pdf\" class=\"wp-block-file__button wp-element-button\" download aria-describedby=\"wp-block-file--media-02aac938-dd0e-4547-a709-b9bad099b629\">Pobierz<\/a><\/div>\n\n\n\n<p><\/p>\n\n\n\n<div class=\"wp-block-group\"><div class=\"wp-block-group__inner-container\">\n<div class=\"wp-block-file\"><a id=\"wp-block-file--media-66731a76-a865-4723-8734-06e5ca12f9ac\" href=\"https:\/\/wydawnictwo.uksw.edu.pl\/wp-content\/uploads\/sites\/81\/2026\/03\/Zgloszenie-publikacji-do-planu-wydawniczego.pdf\" target=\"_blank\" rel=\"noreferrer noopener\">Zg\u0142oszenie publikacji do planu wydawniczego<\/a><a href=\"https:\/\/wydawnictwo.uksw.edu.pl\/wp-content\/uploads\/sites\/81\/2026\/03\/Zgloszenie-publikacji-do-planu-wydawniczego.pdf\" class=\"wp-block-file__button wp-element-button\" download aria-describedby=\"wp-block-file--media-66731a76-a865-4723-8734-06e5ca12f9ac\">Pobierz<\/a><\/div>\n\n\n\n<p><\/p>\n<\/div><\/div>\n\n\n\n<div class=\"wp-block-file\"><a id=\"wp-block-file--media-66cb3b12-b3d8-420b-bbe5-1423293a88a1\" href=\"https:\/\/wydawnictwo.uksw.edu.pl\/wp-content\/uploads\/sites\/81\/2026\/03\/Oswiadczenie-redaktora-naukowego.pdf\" target=\"_blank\" rel=\"noreferrer noopener\">O\u015bwiadczenie redaktora naukowego<\/a><a href=\"https:\/\/wydawnictwo.uksw.edu.pl\/wp-content\/uploads\/sites\/81\/2026\/03\/Oswiadczenie-redaktora-naukowego.pdf\" class=\"wp-block-file__button wp-element-button\" download aria-describedby=\"wp-block-file--media-66cb3b12-b3d8-420b-bbe5-1423293a88a1\">Pobierz<\/a><\/div>\n\n\n\n<p><\/p>\n\n\n\n<div class=\"wp-block-file\"><a id=\"wp-block-file--media-e1e91869-089c-4970-826e-b4f95b4d24d6\" href=\"https:\/\/wydawnictwo.uksw.edu.pl\/wp-content\/uploads\/sites\/81\/2026\/03\/Oswiadczenie-o-braku-konfliktu-interesow-1.pdf\" target=\"_blank\" rel=\"noreferrer noopener\">O\u015bwiadczenie o braku konfliktu interes\u00f3w<\/a><a href=\"https:\/\/wydawnictwo.uksw.edu.pl\/wp-content\/uploads\/sites\/81\/2026\/03\/Oswiadczenie-o-braku-konfliktu-interesow-1.pdf\" class=\"wp-block-file__button wp-element-button\" download aria-describedby=\"wp-block-file--media-e1e91869-089c-4970-826e-b4f95b4d24d6\">Pobierz<\/a><\/div>\n\n\n\n<p><\/p>\n\n\n\n<div class=\"wp-block-file\"><a id=\"wp-block-file--media-766f059d-fc38-4f56-be5d-bb841439c57b\" href=\"https:\/\/wydawnictwo.uksw.edu.pl\/wp-content\/uploads\/sites\/81\/2026\/03\/Formularz-recenzyjny-WN-UKSW.pdf\" target=\"_blank\" rel=\"noreferrer noopener\">Formularz recenzyjny WN UKSW<\/a><a href=\"https:\/\/wydawnictwo.uksw.edu.pl\/wp-content\/uploads\/sites\/81\/2026\/03\/Formularz-recenzyjny-WN-UKSW.pdf\" class=\"wp-block-file__button wp-element-button\" download aria-describedby=\"wp-block-file--media-766f059d-fc38-4f56-be5d-bb841439c57b\">Pobierz<\/a><\/div>\n\n\n\n<div class=\"wp-block-group\"><div class=\"wp-block-group__inner-container\">\n<p><\/p>\n<\/div><\/div>\n\n\n\n<hr class=\"wp-block-separator has-alpha-channel-opacity\" \/>\n\n\n\n<p>Decyzje redakcyjne podejmowane s\u0105 wy\u0142\u0105cznie na podstawie warto\u015bci naukowej tekstu.<\/p>\n","protected":false},"excerpt":{"rendered":"<p>Wersja: 1.0 | Ostatnia aktualizacja: 2026-03-05 Wszystkie publikacje (monografie, prace zbiorowe i artyku\u0142y naukowe) podlegaj\u0105 recenzji naukowej zgodnie z zasadami: Modele recenzji artyku\u0142u w czasopi\u015bmie s\u0105 jasno okre\u015blone na stronie danego czasopisma. Dokumenty do pobrania Decyzje redakcyjne podejmowane s\u0105 wy\u0142\u0105cznie na podstawie warto\u015bci naukowej tekstu.<\/p>\n","protected":false},"author":3,"featured_media":0,"parent":22664,"menu_order":0,"comment_status":"closed","ping_status":"closed","template":"page-templates\/template-sub-page.php","meta":{"_acf_changed":false,"inline_featured_image":false,"footnotes":"","_links_to":"","_links_to_target":""},"class_list":["post-22710","page","type-page","status-publish","hentry"],"acf":[],"_links":{"self":[{"href":"https:\/\/wydawnictwo.uksw.edu.pl\/pl\/wp-json\/wp\/v2\/pages\/22710","targetHints":{"allow":["GET"]}}],"collection":[{"href":"https:\/\/wydawnictwo.uksw.edu.pl\/pl\/wp-json\/wp\/v2\/pages"}],"about":[{"href":"https:\/\/wydawnictwo.uksw.edu.pl\/pl\/wp-json\/wp\/v2\/types\/page"}],"author":[{"embeddable":true,"href":"https:\/\/wydawnictwo.uksw.edu.pl\/pl\/wp-json\/wp\/v2\/users\/3"}],"replies":[{"embeddable":true,"href":"https:\/\/wydawnictwo.uksw.edu.pl\/pl\/wp-json\/wp\/v2\/comments?post=22710"}],"version-history":[{"count":53,"href":"https:\/\/wydawnictwo.uksw.edu.pl\/pl\/wp-json\/wp\/v2\/pages\/22710\/revisions"}],"predecessor-version":[{"id":23838,"href":"https:\/\/wydawnictwo.uksw.edu.pl\/pl\/wp-json\/wp\/v2\/pages\/22710\/revisions\/23838"}],"up":[{"embeddable":true,"href":"https:\/\/wydawnictwo.uksw.edu.pl\/pl\/wp-json\/wp\/v2\/pages\/22664"}],"wp:attachment":[{"href":"https:\/\/wydawnictwo.uksw.edu.pl\/pl\/wp-json\/wp\/v2\/media?parent=22710"}],"curies":[{"name":"wp","href":"https:\/\/api.w.org\/{rel}","templated":true}]}}