{"id":22714,"date":"2026-03-12T08:19:19","date_gmt":"2026-03-12T07:19:19","guid":{"rendered":"https:\/\/jednostki.uksw.edu.pl\/wydawnictwo\/?page_id=22714"},"modified":"2026-04-02T10:07:37","modified_gmt":"2026-04-02T08:07:37","slug":"skargi-i-odwolania","status":"publish","type":"page","link":"https:\/\/wydawnictwo.uksw.edu.pl\/standardy-i-polityki\/skargi-i-odwolania\/","title":{"rendered":"Skargi i odwo\u0142ania"},"content":{"rendered":"\n<p>Wersja: 1.0 | Ostatnia aktualizacja: 2026-03-05<\/p>\n\n\n\n<p>Skargi i odwo\u0142ania mog\u0105 dotyczy\u0107 m.in.: przebiegu procesu recenzji, podejrze\u0144 narusze\u0144 etyki, konfliktu interes\u00f3w, b\u0142\u0119d\u00f3w w publikacji, narusze\u0144 praw autorskich, dost\u0119pno\u015bci cyfrowej oraz jako\u015bci obs\u0142ugi procesu wydawniczego.<\/p>\n\n\n\n<hr class=\"wp-block-separator has-alpha-channel-opacity\" \/>\n\n\n\n<h2 class=\"wp-block-heading\">Jak zg\u0142osi\u0107?<\/h2>\n\n\n\n<p>Zg\u0142oszenia prosimy kierowa\u0107 na adres: <a href=\"mailto:etyka.wydawnictwo@uksw.edu.pl\">etyka.wydawnictwo@uksw.edu.pl<\/a><\/p>\n\n\n\n<p>W zg\u0142oszeniu prosimy poda\u0107: tytu\u0142 publikacji, opis sprawy, etap procesu, za\u0142\u0105czniki (je\u015bli s\u0105) oraz oczekiwany spos\u00f3b rozwi\u0105zania.<\/p>\n\n\n\n<hr class=\"wp-block-separator has-alpha-channel-opacity\" \/>\n\n\n\n<h2 class=\"wp-block-heading\">Jak rozpatrujemy?<\/h2>\n\n\n\n<p>Zg\u0142oszenie rozpatruje Rada Naukowa Wydawnictwa, niezaanga\u017cowana bezpo\u015brednio w sporn\u0105 decyzj\u0119. W razie konfliktu interes\u00f3w, ze sprawy jest wy\u0142\u0105czony cz\u0142onek Rady Naukowej. Zg\u0142oszenia s\u0105 traktowane poufnie.<\/p>\n\n\n\n<hr class=\"wp-block-separator has-alpha-channel-opacity\" \/>\n\n\n\n<h2 class=\"wp-block-heading\">Mo\u017cliwe rozstrzygni\u0119cia<\/h2>\n\n\n\n<p>Utrzymanie decyzji; dodatkowa recenzja; dzia\u0142ania naprawcze w procedurze; korekta publikacji; wstrzymanie\/wycofanie; inne adekwatne \u015brodki.<\/p>\n","protected":false},"excerpt":{"rendered":"<p>Wersja: 1.0 | Ostatnia aktualizacja: 2026-03-05 Skargi i odwo\u0142ania mog\u0105 dotyczy\u0107 m.in.: przebiegu procesu recenzji, podejrze\u0144 narusze\u0144 etyki, konfliktu interes\u00f3w, b\u0142\u0119d\u00f3w w publikacji, narusze\u0144 praw autorskich, dost\u0119pno\u015bci cyfrowej oraz jako\u015bci obs\u0142ugi procesu wydawniczego. Jak zg\u0142osi\u0107? Zg\u0142oszenia prosimy kierowa\u0107 na adres: etyka.wydawnictwo@uksw.edu.pl W zg\u0142oszeniu prosimy poda\u0107: tytu\u0142 publikacji, opis sprawy, etap procesu, za\u0142\u0105czniki (je\u015bli s\u0105) oraz [&hellip;]<\/p>\n","protected":false},"author":657,"featured_media":0,"parent":22664,"menu_order":0,"comment_status":"closed","ping_status":"closed","template":"page-templates\/template-sub-page.php","meta":{"_acf_changed":false,"inline_featured_image":false,"footnotes":"","_links_to":"","_links_to_target":""},"class_list":["post-22714","page","type-page","status-publish","hentry"],"acf":[],"_links":{"self":[{"href":"https:\/\/wydawnictwo.uksw.edu.pl\/pl\/wp-json\/wp\/v2\/pages\/22714","targetHints":{"allow":["GET"]}}],"collection":[{"href":"https:\/\/wydawnictwo.uksw.edu.pl\/pl\/wp-json\/wp\/v2\/pages"}],"about":[{"href":"https:\/\/wydawnictwo.uksw.edu.pl\/pl\/wp-json\/wp\/v2\/types\/page"}],"author":[{"embeddable":true,"href":"https:\/\/wydawnictwo.uksw.edu.pl\/pl\/wp-json\/wp\/v2\/users\/657"}],"replies":[{"embeddable":true,"href":"https:\/\/wydawnictwo.uksw.edu.pl\/pl\/wp-json\/wp\/v2\/comments?post=22714"}],"version-history":[{"count":9,"href":"https:\/\/wydawnictwo.uksw.edu.pl\/pl\/wp-json\/wp\/v2\/pages\/22714\/revisions"}],"predecessor-version":[{"id":23759,"href":"https:\/\/wydawnictwo.uksw.edu.pl\/pl\/wp-json\/wp\/v2\/pages\/22714\/revisions\/23759"}],"up":[{"embeddable":true,"href":"https:\/\/wydawnictwo.uksw.edu.pl\/pl\/wp-json\/wp\/v2\/pages\/22664"}],"wp:attachment":[{"href":"https:\/\/wydawnictwo.uksw.edu.pl\/pl\/wp-json\/wp\/v2\/media?parent=22714"}],"curies":[{"name":"wp","href":"https:\/\/api.w.org\/{rel}","templated":true}]}}