{"id":22718,"date":"2026-03-12T08:24:17","date_gmt":"2026-03-12T07:24:17","guid":{"rendered":"https:\/\/jednostki.uksw.edu.pl\/wydawnictwo\/?page_id=22718"},"modified":"2026-04-02T12:38:27","modified_gmt":"2026-04-02T10:38:27","slug":"konflikt-interesow","status":"publish","type":"page","link":"https:\/\/wydawnictwo.uksw.edu.pl\/standardy-i-polityki\/konflikt-interesow\/","title":{"rendered":"Konflikt interes\u00f3w"},"content":{"rendered":"\n<p>Wersja: 1.0 | Ostatnia aktualizacja: 2026-03-05<\/p>\n\n\n\n<p>Wydawnictwo wymaga ujawniania i w\u0142a\u015bciwego zarz\u0105dzania konfliktami interes\u00f3w, aby zapewni\u0107 przejrzysto\u015b\u0107 procesu wydawniczego i bezstronno\u015b\u0107 decyzji. Konflikt interes\u00f3w sam w sobie nie przes\u0105dza o odrzuceniu publikacji, ale brak ujawnienia lub pr\u00f3by wp\u0142ywu na proces recenzyjny s\u0105 traktowane jako powa\u017cne naruszenie standard\u00f3w etycznych.<\/p>\n\n\n\n<h2 class=\"wp-block-heading\">Definicja konfliktu interes\u00f3w<\/h2>\n\n\n\n<p>Konflikt interes\u00f3w to sytuacja, w kt\u00f3rej relacje lub korzy\u015bci mog\u0105 (lub mog\u0105 by\u0107 postrzegane jako mog\u0105ce) wp\u0142ywa\u0107 na obiektywno\u015b\u0107 oceny, decyzji wydawniczej lub prezentacji wynik\u00f3w bada\u0144.<br>Autorzy, recenzenci i redaktorzy zobowi\u0105zani s\u0105 do ujawnienia wszelkich konflikt\u00f3w interes\u00f3w, w szczeg\u00f3lno\u015bci:<\/p>\n\n\n\n<ul class=\"wp-block-list\">\n<li>finansowych [je\u015bli decyzja o publikacji mo\u017ce wp\u0142yn\u0105\u0107 na czyje\u015b finansowanie, kontrakty, wynagrodzenia albo interes ekonomiczny (np. grant, umowa, udzia\u0142y\/akcje, itp.) \u2013 to jest to konflikt interes\u00f3w i trzeba go ujawni\u0107];<\/li>\n<\/ul>\n\n\n\n<ul class=\"wp-block-list\">\n<li>instytucjonalnych [je\u015bli mi\u0119dzy stronami jest relacja prze\u0142o\u017cony\u2013podw\u0142adny albo inna zale\u017cno\u015b\u0107 instytucjonalna, kt\u00f3ra mo\u017ce tworzy\u0107 presj\u0119 (awans, ocena, przydzia\u0142 zada\u0144, wsp\u00f3lny projekt w tej samej strukturze) \u2013 to jest to konflikt interes\u00f3w];<\/li>\n<\/ul>\n\n\n\n<ul class=\"wp-block-list\">\n<li>osobistych [je\u015bli strony \u0142\u0105czy bliska relacja prywatna (rodzina, partnerstwo, bliska przyja\u017a\u0144) albo istnieje ostry sp\u00f3r \u2013 to jest to konflikt interes\u00f3w, nawet gdy kto\u015b uwa\u017ca si\u0119 za obiektywnego];<\/li>\n<\/ul>\n\n\n\n<ul class=\"wp-block-list\">\n<li>naukowych [je\u015bli recenzent i autor s\u0105 w bezpo\u015bredniej rywalizacji naukowej (podobny temat, \u201ewy\u015bcig\u201d o pierwsze\u0144stwo, niedawne wsp\u00f3\u0142autorstwo\/wsp\u00f3lny zesp\u00f3\u0142) \u2013 to jest konflikt interes\u00f3w].<\/li>\n<\/ul>\n\n\n\n<p><\/p>\n\n\n\n<pre class=\"wp-block-code\"><code><\/code><\/pre>\n\n\n\n<p>W przypadku stwierdzenia konfliktu interes\u00f3w osoba zaanga\u017cowana mo\u017ce zosta\u0107 wy\u0142\u0105czona z procesu decyzyjnego.<br>Wydawnictwo stosuje podej\u015bcie zgodne z dobrymi praktykami COPE, w szczeg\u00f3lno\u015bci w zakresie:<\/p>\n\n\n\n<ul class=\"wp-block-list\">\n<li>przejrzystego ujawniania konflikt\u00f3w interes\u00f3w przez autor\u00f3w, recenzent\u00f3w i redaktor\u00f3w,<\/li>\n<\/ul>\n\n\n\n<ul class=\"wp-block-list\">\n<li>wy\u0142\u0105czania z procesu os\u00f3b pozostaj\u0105cych w konflikcie,<\/li>\n<\/ul>\n\n\n\n<ul class=\"wp-block-list\">\n<li>dokumentowania decyzji oraz zapewnienia bezstronno\u015bci procedury.<\/li>\n<\/ul>\n\n\n\n<hr class=\"wp-block-separator has-alpha-channel-opacity\" \/>\n\n\n\n<h2 class=\"wp-block-heading\">Obowi\u0105zki autor\u00f3w<\/h2>\n\n\n\n<p>Autorzy s\u0105 zobowi\u0105zani do:<\/p>\n\n\n\n<ul class=\"wp-block-list\">\n<li>ujawnienia wszelkich potencjalnych konflikt\u00f3w interes\u00f3w w zg\u0142oszeniu oraz \u2013 je\u015bli publikacja zostanie przyj\u0119ta \u2013 w o\u015bwiadczeniu do publikacji; <\/li>\n<\/ul>\n\n\n\n<ul class=\"wp-block-list\">\n<li>ujawnienia \u017ar\u00f3de\u0142 finansowania i roli sponsor\u00f3w (je\u015bli dotyczy); <\/li>\n<\/ul>\n\n\n\n<ul class=\"wp-block-list\">\n<li>poinformowania Wydawnictwa o konflikcie interes\u00f3w ujawnionym po z\u0142o\u017ceniu zg\u0142oszenia (niezw\u0142ocznie).<\/li>\n<\/ul>\n\n\n\n<p><strong>Brak ujawnienia <\/strong>konfliktu interes\u00f3w mo\u017ce skutkowa\u0107 wstrzymaniem procesu, odmow\u0105 publikacji, a po publikacji \u2013 <a href=\"https:\/\/wydawnictwo.uksw.edu.pl\/standardy-i-polityki\/korekty-i-wycofania\/\" data-type=\"link\" data-id=\"https:\/\/wydawnictwo.test.uksw.edu.pl\/standardy-i-polityki\/korekty-i-wycofania\/\">korekt\u0105 lub wycofaniem<\/a><\/p>\n\n\n\n<hr class=\"wp-block-separator has-alpha-channel-opacity\" \/>\n\n\n\n<h2 class=\"wp-block-heading\">Obowi\u0105zki recenzent\u00f3w<\/h2>\n\n\n\n<p>Recenzenci zobowi\u0105zani s\u0105 do:<\/p>\n\n\n\n<ul class=\"wp-block-list\">\n<li>zg\u0142oszenia konfliktu interes\u00f3w <strong>przed przyj\u0119ciem<\/strong> recenzji i wy\u0142\u0105czenia si\u0119 z oceny, je\u015bli konflikt mo\u017ce wp\u0142yn\u0105\u0107 na bezstronno\u015b\u0107;<\/li>\n<\/ul>\n\n\n\n<ul class=\"wp-block-list\">\n<li>zachowania poufno\u015bci i niewykorzystywania informacji z recenzji do w\u0142asnych cel\u00f3w.<\/li>\n<\/ul>\n\n\n\n<hr class=\"wp-block-separator has-alpha-channel-opacity\" \/>\n\n\n\n<h2 class=\"wp-block-heading\">Obowi\u0105zki redaktor\u00f3w i Wydawnictwa<\/h2>\n\n\n\n<p>Wydawnictwo zobowi\u0105zuje si\u0119 do:<\/p>\n\n\n\n<ul class=\"wp-block-list\">\n<li>weryfikowania potencjalnych konflikt\u00f3w interes\u00f3w oraz wy\u0142\u0105czania z procesu os\u00f3b pozostaj\u0105cych w konflikcie;<\/li>\n<\/ul>\n\n\n\n<ul class=\"wp-block-list\">\n<li>zapewnienia, aby dob\u00f3r recenzent\u00f3w i decyzje by\u0142y niezale\u017cne i udokumentowane;<\/li>\n<\/ul>\n\n\n\n<ul class=\"wp-block-list\">\n<li>dokumentowania zg\u0142aszanych konflikt\u00f3w interes\u00f3w oraz sposobu zarz\u0105dzania nimi. <\/li>\n<\/ul>\n\n\n\n<hr class=\"wp-block-separator has-alpha-channel-opacity\" \/>\n\n\n\n<h2 class=\"wp-block-heading\">Post\u0119powanie w przypadku podejrzenia nieujawnionego konfliktu interes\u00f3w<\/h2>\n\n\n\n<p>W przypadku podejrzenia nieujawnionego konfliktu interes\u00f3w, zgodnie z zaleceniami COPE, Wydawnictwo: <\/p>\n\n\n\n<ul class=\"wp-block-list\">\n<li>weryfikuje zg\u0142oszenie i dokumentuje ustalenia, <\/li>\n\n\n\n<li>zwraca si\u0119 o wyja\u015bnienia do stron, <\/li>\n\n\n\n<li>podejmuje decyzj\u0119 adekwatn\u0105 do sytuacji (np. wy\u0142\u0105czenie osoby z procesu, zmiana recenzenta, uzupe\u0142nienie o\u015bwiadcze\u0144, wstrzymanie lub zako\u0144czenie procedury), <\/li>\n\n\n\n<li>informuje strony o rozstrzygni\u0119ciu i podstawach decyzji, a w razie potrzeby wskazuje tryb odwo\u0142ania. <\/li>\n<\/ul>\n\n\n\n<p><\/p>\n\n\n\n<p>W przypadku publikacji ju\u017c wydanej mo\u017cliwe jest opublikowanie sprostowania\/uzupe\u0142nienia informacji lub \u2013 w sytuacjach powa\u017cnych \u2013 <a href=\"https:\/\/wydawnictwo.uksw.edu.pl\/standardy-i-polityki\/korekty-i-wycofania\/\" data-type=\"link\" data-id=\"https:\/\/wydawnictwo.test.uksw.edu.pl\/standardy-i-polityki\/korekty-i-wycofania\/\">procedura korekty\/wycofania<\/a><\/p>\n\n\n\n<hr class=\"wp-block-separator has-alpha-channel-opacity\" \/>\n\n\n\n<h2 class=\"wp-block-heading\">Poufno\u015b\u0107 i ochrona danych<\/h2>\n\n\n\n<p>Wydawnictwo przetwarza dane osobowe i informacje przekazywane w toku procesu wydawniczego wy\u0142\u0105cznie w zakresie niezb\u0119dnym do obs\u0142ugi zg\u0142oszenia, recenzji, decyzji wydawniczych i procedur etycznych. Dost\u0119p do informacji maj\u0105 osoby upowa\u017cnione, a post\u0119powania dotycz\u0105ce konfliktu interes\u00f3w prowadzone s\u0105 z zachowaniem poufno\u015bci, zgodnie z obowi\u0105zuj\u0105cymi przepisami oraz wewn\u0119trznymi regulacjami UKSW.<\/p>\n\n\n\n<ul class=\"wp-block-list\">\n<li>Zobacz: <a href=\"https:\/\/wydawnictwo.uksw.edu.pl\/standardy-i-polityki\/ochrona-danych-rodo\/\" data-type=\"page\" data-id=\"22732\">Ochrona danych (RODO)<\/a><\/li>\n<\/ul>\n\n\n\n<hr class=\"wp-block-separator has-alpha-channel-opacity\" \/>\n\n\n\n<h2 class=\"wp-block-heading\">Kontakt ds. etyki \/ zg\u0142osze\u0144<\/h2>\n\n\n\n<p>Zg\u0142oszenia dotycz\u0105ce konfliktu interes\u00f3w (w tym podejrze\u0144 nieujawnionego konfliktu interes\u00f3w) prosimy kierowa\u0107 na adres wskazany dla spraw etycznych \u2013 <a href=\"mailto:etyka.wydawnictwo@uksw.edu.pl\">etyka.wydawnictwo@uksw.edu.pl<\/a>.<\/p>\n\n\n\n<hr class=\"wp-block-separator has-alpha-channel-opacity\" \/>\n\n\n\n<ul class=\"wp-block-list\">\n<li><a href=\"https:\/\/wydawnictwo.uksw.edu.pl\/standardy-i-polityki\/etyka-publikacyjna\/\" data-type=\"link\" data-id=\"https:\/\/wydawnictwo.test.uksw.edu.pl\/standardy-i-polityki\/etyka-publikacyjna\/\">Etyka publikacyjna<\/a><\/li>\n\n\n\n<li><a href=\"https:\/\/wydawnictwo.uksw.edu.pl\/standardy-i-polityki\/skargi-i-odwolania\/\" data-type=\"link\" data-id=\"https:\/\/wydawnictwo.test.uksw.edu.pl\/standardy-i-polityki\/skargi-i-odwolania\/\">Skargi i odwo\u0142ania<\/a><\/li>\n\n\n\n<li><a href=\"https:\/\/wydawnictwo.uksw.edu.pl\/standardy-i-polityki\/korekty-i-wycofania\/\" data-type=\"link\" data-id=\"https:\/\/wydawnictwo.test.uksw.edu.pl\/standardy-i-polityki\/korekty-i-wycofania\/\">Korekty i wycofania<\/a><\/li>\n<\/ul>\n","protected":false},"excerpt":{"rendered":"<p>Wersja: 1.0 | Ostatnia aktualizacja: 2026-03-05 Wydawnictwo wymaga ujawniania i w\u0142a\u015bciwego zarz\u0105dzania konfliktami interes\u00f3w, aby zapewni\u0107 przejrzysto\u015b\u0107 procesu wydawniczego i bezstronno\u015b\u0107 decyzji. Konflikt interes\u00f3w sam w sobie nie przes\u0105dza o odrzuceniu publikacji, ale brak ujawnienia lub pr\u00f3by wp\u0142ywu na proces recenzyjny s\u0105 traktowane jako powa\u017cne naruszenie standard\u00f3w etycznych. Definicja konfliktu interes\u00f3w Konflikt interes\u00f3w to sytuacja, [&hellip;]<\/p>\n","protected":false},"author":657,"featured_media":0,"parent":22664,"menu_order":0,"comment_status":"closed","ping_status":"closed","template":"page-templates\/template-sub-page.php","meta":{"_acf_changed":false,"inline_featured_image":false,"footnotes":"","_links_to":"","_links_to_target":""},"class_list":["post-22718","page","type-page","status-publish","hentry"],"acf":[],"_links":{"self":[{"href":"https:\/\/wydawnictwo.uksw.edu.pl\/pl\/wp-json\/wp\/v2\/pages\/22718","targetHints":{"allow":["GET"]}}],"collection":[{"href":"https:\/\/wydawnictwo.uksw.edu.pl\/pl\/wp-json\/wp\/v2\/pages"}],"about":[{"href":"https:\/\/wydawnictwo.uksw.edu.pl\/pl\/wp-json\/wp\/v2\/types\/page"}],"author":[{"embeddable":true,"href":"https:\/\/wydawnictwo.uksw.edu.pl\/pl\/wp-json\/wp\/v2\/users\/657"}],"replies":[{"embeddable":true,"href":"https:\/\/wydawnictwo.uksw.edu.pl\/pl\/wp-json\/wp\/v2\/comments?post=22718"}],"version-history":[{"count":32,"href":"https:\/\/wydawnictwo.uksw.edu.pl\/pl\/wp-json\/wp\/v2\/pages\/22718\/revisions"}],"predecessor-version":[{"id":23836,"href":"https:\/\/wydawnictwo.uksw.edu.pl\/pl\/wp-json\/wp\/v2\/pages\/22718\/revisions\/23836"}],"up":[{"embeddable":true,"href":"https:\/\/wydawnictwo.uksw.edu.pl\/pl\/wp-json\/wp\/v2\/pages\/22664"}],"wp:attachment":[{"href":"https:\/\/wydawnictwo.uksw.edu.pl\/pl\/wp-json\/wp\/v2\/media?parent=22718"}],"curies":[{"name":"wp","href":"https:\/\/api.w.org\/{rel}","templated":true}]}}