{"id":22722,"date":"2026-03-12T08:29:42","date_gmt":"2026-03-12T07:29:42","guid":{"rendered":"https:\/\/jednostki.uksw.edu.pl\/wydawnictwo\/?page_id=22722"},"modified":"2026-04-02T12:39:59","modified_gmt":"2026-04-02T10:39:59","slug":"polityka-oplat-i-niezaleznosc","status":"publish","type":"page","link":"https:\/\/wydawnictwo.uksw.edu.pl\/standardy-i-polityki\/polityka-oplat-i-niezaleznosc\/","title":{"rendered":"Polityka op\u0142at i niezale\u017cno\u015b\u0107"},"content":{"rendered":"\n<p>Wersja: 1.0 | Ostatnia aktualizacja: 2026-03-05<\/p>\n\n\n\n<p>Wszelkie p\u0142atno\u015bci zwi\u0105zane z przygotowaniem i wydaniem publikacji po stronie Autor\u00f3w realizowane s\u0105 zgodnie z obowi\u0105zuj\u0105cymi procedurami finansowymi UKSW oraz kalkulacj\u0105 koszt\u00f3w przedstawion\u0105 przez Wydawnictwo (<a href=\"https:\/\/wydawnictwo.uksw.edu.pl\/dla-autorow\/finansowanie-dofinansowanie\/\">Finansowanie\/Dofinansowanie<\/a>). Autorzy nie otrzymuj\u0105 te\u017c \u017cadnej gratyfikacji finansowej za opublikowane materia\u0142y. Wyj\u0105tek stanowi\u0105 wybrane,\u00a0 realizowane na UKSW projekty, w kt\u00f3rych zapisano odr\u0119bnie warunki op\u0142at b\u0105d\u017a gratyfikacji.<\/p>\n\n\n\n<h6 class=\"wp-block-heading\">Wydawnictwo zapewnia:<\/h6>\n\n\n\n<ul class=\"wp-block-list\">\n<li>Niezale\u017cno\u015b\u0107 decyzji redakcyjnych. Decyzje o przyj\u0119ciu publikacji do wydania w Wydawnictwie podejmowane s\u0105 wy\u0142\u0105cznie na podstawie warto\u015bci naukowej, zgodno\u015bci z profilem Wydawnictwa\/serii wydawniczej\/ czasopisma oraz wyniku recenzji. \u0179r\u00f3d\u0142o finansowania oraz kwestie koszt\u00f3w nie wp\u0142ywaj\u0105 na decyzj\u0119 redakcyjn\u0105 ani na wynik recenzji.<\/li>\n\n\n\n<li>R\u00f3wne traktowanie autor\u00f3w bez wzgl\u0119du na p\u0142e\u0107, pochodzenie, przekonania czy afiliacj\u0119.<\/li>\n\n\n\n<li>Poufno\u015b\u0107 procesu <a href=\"https:\/\/wydawnictwo.uksw.edu.pl\/standardy-i-polityki\/procedura-recenzji\/\" data-type=\"link\" data-id=\"https:\/\/wydawnictwo.test.uksw.edu.pl\/standardy-i-polityki\/procedura-recenzji\/\">recenzji<\/a>.<\/li>\n\n\n\n<li>Transparentno\u015b\u0107 zasad publikacyjnych.<\/li>\n\n\n\n<li>Ochron\u0119 praw autorskich.<\/li>\n\n\n\n<li>Przeciwdzia\u0142anie wszelkim formom nierzetelno\u015bci naukowej.<\/li>\n\n\n\n<li>Informacj\u0119 o kosztach. Je\u017celi publikacja wymaga finansowania zewn\u0119trznego lub wsp\u00f3\u0142finansowania, autor otrzymuje informacj\u0119 o zasadach oraz wymaganych dokumentach. Kalkulacja obejmuje koszty zwi\u0105zane z przygotowaniem wydania (np. redakcja, korekta, sk\u0142ad, druk, dystrybucja) zgodnie z obowi\u0105zuj\u0105cymi procedurami UKSW i Wydawnictwa.<\/li>\n\n\n\n<li>Brak p\u0142atnych przyspiesze\u0144. Wydawnictwo nie stosuje modelu \u201e<em>fast track<\/em>\u201d ani nie oferuje przyspieszenia procesu wydawniczego w zamian za op\u0142at\u0119. Harmonogram procesu wynika z obci\u0105\u017cenia produkcyjnego, kompletno\u015bci materia\u0142\u00f3w oraz przebiegu recenzji.<\/li>\n\n\n\n<li>Dofinansowanie. Zasady ubiegania si\u0119 o dofinansowanie wydania publikacji, terminy sk\u0142adania wniosk\u00f3w oraz wymagane formularze publikujemy w sekcji \u201e<a href=\"https:\/\/wydawnictwo.uksw.edu.pl\/dla-autorow\/\" data-type=\"link\" data-id=\"https:\/\/wydawnictwo.test.uksw.edu.pl\/dla-autorow\/\">Autorzy<\/a>\u201d. Terminy mog\u0105 by\u0107 ustalane przez w\u0142a\u015bciw\u0105 jednostk\u0119 UKSW (np. BBNE).<\/li>\n<\/ul>\n","protected":false},"excerpt":{"rendered":"<p>Wersja: 1.0 | Ostatnia aktualizacja: 2026-03-05 Wszelkie p\u0142atno\u015bci zwi\u0105zane z przygotowaniem i wydaniem publikacji po stronie Autor\u00f3w realizowane s\u0105 zgodnie z obowi\u0105zuj\u0105cymi procedurami finansowymi UKSW oraz kalkulacj\u0105 koszt\u00f3w przedstawion\u0105 przez Wydawnictwo (Finansowanie\/Dofinansowanie). Autorzy nie otrzymuj\u0105 te\u017c \u017cadnej gratyfikacji finansowej za opublikowane materia\u0142y. Wyj\u0105tek stanowi\u0105 wybrane,\u00a0 realizowane na UKSW projekty, w kt\u00f3rych zapisano odr\u0119bnie warunki op\u0142at [&hellip;]<\/p>\n","protected":false},"author":657,"featured_media":0,"parent":22664,"menu_order":0,"comment_status":"closed","ping_status":"closed","template":"page-templates\/template-sub-page.php","meta":{"_acf_changed":false,"inline_featured_image":false,"footnotes":"","_links_to":"","_links_to_target":""},"class_list":["post-22722","page","type-page","status-publish","hentry"],"acf":[],"_links":{"self":[{"href":"https:\/\/wydawnictwo.uksw.edu.pl\/pl\/wp-json\/wp\/v2\/pages\/22722","targetHints":{"allow":["GET"]}}],"collection":[{"href":"https:\/\/wydawnictwo.uksw.edu.pl\/pl\/wp-json\/wp\/v2\/pages"}],"about":[{"href":"https:\/\/wydawnictwo.uksw.edu.pl\/pl\/wp-json\/wp\/v2\/types\/page"}],"author":[{"embeddable":true,"href":"https:\/\/wydawnictwo.uksw.edu.pl\/pl\/wp-json\/wp\/v2\/users\/657"}],"replies":[{"embeddable":true,"href":"https:\/\/wydawnictwo.uksw.edu.pl\/pl\/wp-json\/wp\/v2\/comments?post=22722"}],"version-history":[{"count":11,"href":"https:\/\/wydawnictwo.uksw.edu.pl\/pl\/wp-json\/wp\/v2\/pages\/22722\/revisions"}],"predecessor-version":[{"id":23837,"href":"https:\/\/wydawnictwo.uksw.edu.pl\/pl\/wp-json\/wp\/v2\/pages\/22722\/revisions\/23837"}],"up":[{"embeddable":true,"href":"https:\/\/wydawnictwo.uksw.edu.pl\/pl\/wp-json\/wp\/v2\/pages\/22664"}],"wp:attachment":[{"href":"https:\/\/wydawnictwo.uksw.edu.pl\/pl\/wp-json\/wp\/v2\/media?parent=22722"}],"curies":[{"name":"wp","href":"https:\/\/api.w.org\/{rel}","templated":true}]}}