{"id":22726,"date":"2026-03-12T08:33:44","date_gmt":"2026-03-12T07:33:44","guid":{"rendered":"https:\/\/jednostki.uksw.edu.pl\/wydawnictwo\/?page_id=22726"},"modified":"2026-04-02T09:58:18","modified_gmt":"2026-04-02T07:58:18","slug":"polityka-open-access-i-licencje","status":"publish","type":"page","link":"https:\/\/wydawnictwo.uksw.edu.pl\/standardy-i-polityki\/polityka-open-access-i-licencje\/","title":{"rendered":"Polityka Open Access i licencje"},"content":{"rendered":"\n<p>Wersja: 1.0 | Ostatnia aktualizacja: 2026-03-05<\/p>\n\n\n\n<p>Wydawnictwo mo\u017ce udost\u0119pnia\u0107 wybrane publikacje w modelu otwartego dost\u0119pu. W przypadku Open Access publikacje s\u0105 oznaczane licencj\u0105 oraz warunkami ponownego wykorzystania na stronie publikacji i w plikach.<\/p>\n\n\n\n<p>Platforma czasopism UKSW z za\u0142o\u017cenia dzia\u0142a w modelu Open Access. Ka\u017cde czasopismo jest oznaczone odpowiednim znakiem licencji CC.<\/p>\n\n\n\n<h3 class=\"wp-block-heading\">Open Access w przypadku czasopism<\/h3>\n\n\n\n<p>Polityka wydawnicza Uniwersytetu Kardyna\u0142a Stefana Wyszy\u0144skiego w Warszawie (UKSW) w stosunku do wydawanych na nim czasopism jest oparta na standardzie Libre Open Access. Oznacza to, \u017ce wszystkie artyku\u0142y opublikowane w czasopismach wydawanych na UKSW s\u0105 og\u00f3lnodost\u0119pne, tj. s\u0105 natychmiast i bezp\u0142atnie dost\u0119pne do czytania, pobierania i udost\u0119pniania. Artyku\u0142y opublikowane zgodnie ze standardami Libre Open Access mog\u0105 by\u0107 umieszczane na dowolnej witrynie internetowej, mog\u0105 by\u0107 u\u017cywane do prowadzenia wyk\u0142ad\u00f3w, mog\u0105 by\u0107 r\u00f3wnie\u017c umieszczane w tzw. czytelniach bez potrzeby uzyskania zezwolenia od autora lub wydawcy. Nale\u017cy jednak zawsze zamie\u015bci\u0107 w\u0142a\u015bciwe odniesienie do autora i licencji.<\/p>\n\n\n\n<h6 class=\"wp-block-heading\">Polityka w zakresie praw autorskich materia\u0142\u00f3w publikowanych w czasopismach wydawanych na UKSW jest nast\u0119puj\u0105ca: <\/h6>\n\n\n\n<ul class=\"wp-block-list\">\n<li>prawa autorskie do opublikowanych materia\u0142\u00f3w zachowuj\u0105 autorzy.<\/li>\n\n\n\n<li>Artyku\u0142y opublikowane w czasopismach wydawanych przez UKSW s\u0105 obj\u0119te warunkami licencji Creative Commons CC BY-ND 4.0 Mi\u0119dzynarodowe, kt\u00f3ra zezwala na: \n<ul class=\"wp-block-list\">\n<li>dzielenie si\u0119 \u2013 kopiowanie i rozpowszechnianie utwor\u00f3w w dowolnym medium i formacie; <\/li>\n\n\n\n<li>dla dowolnego celu, tak\u017ce komercyjnego. <\/li>\n<\/ul>\n<\/li>\n\n\n\n<li>Na nast\u0119puj\u0105cych warunkach:\n<ul class=\"wp-block-list\">\n<li>uznanie autorstwa \u2013 utw\u00f3r nale\u017cy odpowiednio oznaczy\u0107, poda\u0107 link do licencji i wskaza\u0107 je\u015bli zosta\u0142y dokonane w nim zmiany; <\/li>\n\n\n\n<li>mo\u017cna to zrobi\u0107 w dowolny, rozs\u0105dny spos\u00f3b, o ile nie sugeruje to udzielania przez licencjodawc\u0119 poparcia dla osoby dokonuj\u0105cej zmiany lub sposobu, w jaki wykorzystywany jest ten utw\u00f3r;<\/li>\n\n\n\n<li>bez utwor\u00f3w zale\u017cnych \u2013 remiksuj\u0105c, przetwarzaj\u0105c lub tworz\u0105c na podstawie utworu, nie wolno rozpowszechnia\u0107 zmodyfikowanych tre\u015bci.<\/li>\n<\/ul>\n<\/li>\n<\/ul>\n\n\n\n<hr class=\"wp-block-separator has-alpha-channel-opacity\" \/>\n\n\n\n<h6 class=\"wp-block-heading\">Dokumenty<\/h6>\n\n\n\n<p><\/p>\n\n\n\n<div class=\"wp-block-file\"><a id=\"wp-block-file--media-5e328dfe-648f-43c1-93e0-a31df1d08543\" href=\"https:\/\/wydawnictwo.uksw.edu.pl\/wp-content\/uploads\/sites\/81\/2026\/03\/Polityka-Open-Access-UKSW.pdf\" target=\"_blank\" rel=\"noreferrer noopener\">Polityka Open Access UKSW<\/a><a href=\"https:\/\/wydawnictwo.uksw.edu.pl\/wp-content\/uploads\/sites\/81\/2026\/03\/Polityka-Open-Access-UKSW.pdf\" class=\"wp-block-file__button wp-element-button\" download aria-describedby=\"wp-block-file--media-5e328dfe-648f-43c1-93e0-a31df1d08543\">Pobierz<\/a><\/div>\n\n\n\n<p><\/p>\n\n\n\n<div class=\"wp-block-file\"><a id=\"wp-block-file--media-1f381276-307a-49be-9513-515a6986aaf1\" href=\"https:\/\/wydawnictwo.uksw.edu.pl\/wp-content\/uploads\/sites\/81\/2026\/03\/Rodzaje-licencji-Creative-Commons.pdf\" target=\"_blank\" rel=\"noreferrer noopener\">Rodzaje licencji Creative Commons<\/a><a href=\"https:\/\/wydawnictwo.uksw.edu.pl\/wp-content\/uploads\/sites\/81\/2026\/03\/Rodzaje-licencji-Creative-Commons.pdf\" class=\"wp-block-file__button wp-element-button\" download aria-describedby=\"wp-block-file--media-1f381276-307a-49be-9513-515a6986aaf1\">Pobierz<\/a><\/div>\n","protected":false},"excerpt":{"rendered":"<p>Wersja: 1.0 | Ostatnia aktualizacja: 2026-03-05 Wydawnictwo mo\u017ce udost\u0119pnia\u0107 wybrane publikacje w modelu otwartego dost\u0119pu. W przypadku Open Access publikacje s\u0105 oznaczane licencj\u0105 oraz warunkami ponownego wykorzystania na stronie publikacji i w plikach. Platforma czasopism UKSW z za\u0142o\u017cenia dzia\u0142a w modelu Open Access. Ka\u017cde czasopismo jest oznaczone odpowiednim znakiem licencji CC. Open Access w przypadku [&hellip;]<\/p>\n","protected":false},"author":657,"featured_media":0,"parent":22664,"menu_order":0,"comment_status":"closed","ping_status":"closed","template":"page-templates\/template-sub-page.php","meta":{"_acf_changed":false,"inline_featured_image":false,"footnotes":"","_links_to":"","_links_to_target":""},"class_list":["post-22726","page","type-page","status-publish","hentry"],"acf":[],"_links":{"self":[{"href":"https:\/\/wydawnictwo.uksw.edu.pl\/pl\/wp-json\/wp\/v2\/pages\/22726","targetHints":{"allow":["GET"]}}],"collection":[{"href":"https:\/\/wydawnictwo.uksw.edu.pl\/pl\/wp-json\/wp\/v2\/pages"}],"about":[{"href":"https:\/\/wydawnictwo.uksw.edu.pl\/pl\/wp-json\/wp\/v2\/types\/page"}],"author":[{"embeddable":true,"href":"https:\/\/wydawnictwo.uksw.edu.pl\/pl\/wp-json\/wp\/v2\/users\/657"}],"replies":[{"embeddable":true,"href":"https:\/\/wydawnictwo.uksw.edu.pl\/pl\/wp-json\/wp\/v2\/comments?post=22726"}],"version-history":[{"count":16,"href":"https:\/\/wydawnictwo.uksw.edu.pl\/pl\/wp-json\/wp\/v2\/pages\/22726\/revisions"}],"predecessor-version":[{"id":23754,"href":"https:\/\/wydawnictwo.uksw.edu.pl\/pl\/wp-json\/wp\/v2\/pages\/22726\/revisions\/23754"}],"up":[{"embeddable":true,"href":"https:\/\/wydawnictwo.uksw.edu.pl\/pl\/wp-json\/wp\/v2\/pages\/22664"}],"wp:attachment":[{"href":"https:\/\/wydawnictwo.uksw.edu.pl\/pl\/wp-json\/wp\/v2\/media?parent=22726"}],"curies":[{"name":"wp","href":"https:\/\/api.w.org\/{rel}","templated":true}]}}