{"id":22728,"date":"2026-03-12T08:35:20","date_gmt":"2026-03-12T07:35:20","guid":{"rendered":"https:\/\/jednostki.uksw.edu.pl\/wydawnictwo\/?page_id=22728"},"modified":"2026-04-02T10:03:16","modified_gmt":"2026-04-02T08:03:16","slug":"polityka-wykorzystania-ai-pl-en","status":"publish","type":"page","link":"https:\/\/wydawnictwo.uksw.edu.pl\/standardy-i-polityki\/polityka-wykorzystania-ai-pl-en\/","title":{"rendered":"Polityka wykorzystania AI  (PL\/EN)"},"content":{"rendered":"\n<p>Wersja: 1.0 | Ostatnia aktualizacja: 2026-03-05<\/p>\n\n\n\n<p>Wydawnictwo dopuszcza wykorzystanie narz\u0119dzi AI w spos\u00f3b wspieraj\u0105cy (np. korekta j\u0119zykowa), pod warunkiem zachowania odpowiedzialno\u015bci autora za tre\u015b\u0107. Niedopuszczalne jest wykorzystywanie AI do fabrykowania danych, tworzenia fikcyjnych \u017ar\u00f3de\u0142, generowania tre\u015bci naruszaj\u0105cych prawa autorskie lub wprowadzaj\u0105cych w b\u0142\u0105d co do wynik\u00f3w bada\u0144.<\/p>\n\n\n\n<p><\/p>\n\n\n\n<h6 class=\"wp-block-heading\">Autorzy zobowi\u0105zani s\u0105 do:<\/h6>\n\n\n\n<ul class=\"wp-block-list\">\n<li>ujawnienia wykorzystania narz\u0119dzi AI w procesie przygotowania publikacji,<\/li>\n\n\n\n<li>zapewnienia pe\u0142nej odpowiedzialno\u015bci za tre\u015b\u0107,<\/li>\n\n\n\n<li>niewskazywania narz\u0119dzi AI jako wsp\u00f3\u0142autor\u00f3w.<\/li>\n<\/ul>\n\n\n\n<p>Zasady polityki wykorzystania generator\u00f3w tre\u015bci w publikacjach Wydawnictwa i czasopismach wydawanych przez UKSW s\u0105 okre\u015blone w Za\u0142\u0105czniku do Zarz\u0105dzenia Nr 70\/2024 Rektora UKSW z dnia 8 listopada 2024 r. w sprawie zasad wykorzystywania narz\u0119dzi opartych na sztucznej inteligencji w dydaktyce i nauce. <\/p>\n\n\n\n<hr class=\"wp-block-separator has-alpha-channel-opacity\" \/>\n\n\n\n<h6 class=\"wp-block-heading\">Dokumenty:<\/h6>\n\n\n\n<div class=\"wp-block-file\"><a id=\"wp-block-file--media-bb353565-74d5-4a43-82f2-fe986645fd51\" href=\"https:\/\/wydawnictwo.uksw.edu.pl\/wp-content\/uploads\/sites\/81\/2026\/03\/Polityka-wykorzystania-AI-wersja-POL.pdf\" target=\"_blank\" rel=\"noreferrer noopener\">Polityka wykorzystania AI &#8211; wersja POL<\/a><a href=\"https:\/\/wydawnictwo.uksw.edu.pl\/wp-content\/uploads\/sites\/81\/2026\/03\/Polityka-wykorzystania-AI-wersja-POL.pdf\" class=\"wp-block-file__button wp-element-button\" download aria-describedby=\"wp-block-file--media-bb353565-74d5-4a43-82f2-fe986645fd51\">Pobierz<\/a><\/div>\n\n\n\n<p><\/p>\n\n\n\n<div class=\"wp-block-file\"><a id=\"wp-block-file--media-175e9545-d5e3-4af3-8e8e-f8999f607ad6\" href=\"https:\/\/wydawnictwo.uksw.edu.pl\/wp-content\/uploads\/sites\/81\/2026\/03\/Polityka-wykorzystania-AI-wersja-ENG.pdf\" target=\"_blank\" rel=\"noreferrer noopener\">Polityka wykorzystania AI &#8211; wersja ENG<\/a><a href=\"https:\/\/wydawnictwo.uksw.edu.pl\/wp-content\/uploads\/sites\/81\/2026\/03\/Polityka-wykorzystania-AI-wersja-ENG.pdf\" class=\"wp-block-file__button wp-element-button\" download aria-describedby=\"wp-block-file--media-175e9545-d5e3-4af3-8e8e-f8999f607ad6\">Pobierz<\/a><\/div>\n\n\n\n<p><\/p>\n\n\n\n<div class=\"wp-block-file\"><a id=\"wp-block-file--media-9ee058f6-5538-4fa0-83c7-45d9c3e05f99\" href=\"https:\/\/wydawnictwo.uksw.edu.pl\/wp-content\/uploads\/sites\/81\/2026\/03\/Zarzadzenie-dot.-zasad-wykorzystywania-sztucznej-inteligencji-rozdz.-6.pdf\" target=\"_blank\" rel=\"noreferrer noopener\">Zarz\u0105dzenie dot. zasad wykorzystywania sztucznej inteligencji &#8211; rozdz. 6<\/a><a href=\"https:\/\/wydawnictwo.uksw.edu.pl\/wp-content\/uploads\/sites\/81\/2026\/03\/Zarzadzenie-dot.-zasad-wykorzystywania-sztucznej-inteligencji-rozdz.-6.pdf\" class=\"wp-block-file__button wp-element-button\" download aria-describedby=\"wp-block-file--media-9ee058f6-5538-4fa0-83c7-45d9c3e05f99\">Pobierz<\/a><\/div>\n\n\n\n<p><\/p>\n","protected":false},"excerpt":{"rendered":"<p>Wersja: 1.0 | Ostatnia aktualizacja: 2026-03-05 Wydawnictwo dopuszcza wykorzystanie narz\u0119dzi AI w spos\u00f3b wspieraj\u0105cy (np. korekta j\u0119zykowa), pod warunkiem zachowania odpowiedzialno\u015bci autora za tre\u015b\u0107. Niedopuszczalne jest wykorzystywanie AI do fabrykowania danych, tworzenia fikcyjnych \u017ar\u00f3de\u0142, generowania tre\u015bci naruszaj\u0105cych prawa autorskie lub wprowadzaj\u0105cych w b\u0142\u0105d co do wynik\u00f3w bada\u0144. Autorzy zobowi\u0105zani s\u0105 do: Zasady polityki wykorzystania generator\u00f3w [&hellip;]<\/p>\n","protected":false},"author":657,"featured_media":0,"parent":22664,"menu_order":0,"comment_status":"closed","ping_status":"closed","template":"page-templates\/template-sub-page.php","meta":{"_acf_changed":false,"inline_featured_image":false,"footnotes":"","_links_to":"","_links_to_target":""},"class_list":["post-22728","page","type-page","status-publish","hentry"],"acf":[],"_links":{"self":[{"href":"https:\/\/wydawnictwo.uksw.edu.pl\/pl\/wp-json\/wp\/v2\/pages\/22728","targetHints":{"allow":["GET"]}}],"collection":[{"href":"https:\/\/wydawnictwo.uksw.edu.pl\/pl\/wp-json\/wp\/v2\/pages"}],"about":[{"href":"https:\/\/wydawnictwo.uksw.edu.pl\/pl\/wp-json\/wp\/v2\/types\/page"}],"author":[{"embeddable":true,"href":"https:\/\/wydawnictwo.uksw.edu.pl\/pl\/wp-json\/wp\/v2\/users\/657"}],"replies":[{"embeddable":true,"href":"https:\/\/wydawnictwo.uksw.edu.pl\/pl\/wp-json\/wp\/v2\/comments?post=22728"}],"version-history":[{"count":10,"href":"https:\/\/wydawnictwo.uksw.edu.pl\/pl\/wp-json\/wp\/v2\/pages\/22728\/revisions"}],"predecessor-version":[{"id":23757,"href":"https:\/\/wydawnictwo.uksw.edu.pl\/pl\/wp-json\/wp\/v2\/pages\/22728\/revisions\/23757"}],"up":[{"embeddable":true,"href":"https:\/\/wydawnictwo.uksw.edu.pl\/pl\/wp-json\/wp\/v2\/pages\/22664"}],"wp:attachment":[{"href":"https:\/\/wydawnictwo.uksw.edu.pl\/pl\/wp-json\/wp\/v2\/media?parent=22728"}],"curies":[{"name":"wp","href":"https:\/\/api.w.org\/{rel}","templated":true}]}}