{"id":22730,"date":"2026-03-12T08:36:04","date_gmt":"2026-03-12T07:36:04","guid":{"rendered":"https:\/\/jednostki.uksw.edu.pl\/wydawnictwo\/?page_id=22730"},"modified":"2026-04-02T10:05:08","modified_gmt":"2026-04-02T08:05:08","slug":"dostepnosc-cyfrowa","status":"publish","type":"page","link":"https:\/\/wydawnictwo.uksw.edu.pl\/standardy-i-polityki\/dostepnosc-cyfrowa\/","title":{"rendered":"Dost\u0119pno\u015b\u0107 cyfrowa"},"content":{"rendered":"\n<p>Wersja: 1.0 | Ostatnia aktualizacja: 2026-03-05<\/p>\n\n\n\n<p>Wydawnictwo d\u0105\u017cy do zapewnienia dost\u0119pno\u015bci cyfrowej publikacji i materia\u0142\u00f3w towarzysz\u0105cych. Autorzy proszeni s\u0105 o przygotowanie materia\u0142\u00f3w w spos\u00f3b umo\u017cliwiaj\u0105cy opracowanie wersji dost\u0119pnych (m.in. opisy alternatywne dla element\u00f3w graficznych, czytelne tabele, poprawna struktura dokumentu). Problemy dost\u0119pno\u015bci mo\u017cna zg\u0142asza\u0107 na adres: <a href=\"mailto:dostepnosc@uksw.edu.pl\">dostepnosc@uksw.edu.pl<\/a>.<\/p>\n\n\n\n<hr class=\"wp-block-separator has-alpha-channel-opacity\" \/>\n\n\n\n<h2 class=\"wp-block-heading\">Deklaracja dost\u0119pno\u015bci<\/h2>\n\n\n\n<p><strong>Wydawnictwo Naukowe UKSW<\/strong> zobowi\u0105zuje si\u0119 zapewni\u0107 dost\u0119pno\u015b\u0107 cyfrow\u0105 platformy czasopism zgodnie z ustaw\u0105 z dnia 4 kwietnia 2019 r. o dost\u0119pno\u015bci cyfrowej stron internetowych i aplikacji mobilnych podmiot\u00f3w publicznych (w brzmieniu po nowelizacji z dnia 9 marca 2023 r.).<\/p>\n\n\n\n<p>Niniejsza deklaracja dotyczy publikacji wydawanych przez Wydawnictwo Naukowe UKSW i obecnych na stronie internetowej Wydawnictwa: <a href=\"https:\/\/wydawnictwo.uksw.edu.pl\/\">https:\/\/wydawnictwo.uksw.edu.pl\/<\/a> (w tym podstron poszczeg\u00f3lnych tytu\u0142\u00f3w oraz publikowanych dokument\u00f3w). Deklaracja nie dotyczy serwis\u00f3w czasopism innych wydawc\u00f3w, kt\u00f3re korzystaj\u0105 z hostingu na platformie czasopism UKSW \u2013 w ich przypadku obowi\u0105zuj\u0105 deklaracje i dane kontaktowe wskazane przez w\u0142a\u015bciwych wydawc\u00f3w.<\/p>\n\n\n\n<h2 class=\"wp-block-heading\">Stan dost\u0119pno\u015bci cyfrowej<\/h2>\n\n\n\n<p>Wydawnictwo intensywnie pracuje nad pe\u0142nym dostosowaniem si\u0119 do wymog\u00f3w ustawy o dost\u0119pno\u015bci cyfrowej. Na obecnym etapie deklarujemy cz\u0119\u015bciow\u0105 zgodno\u015b\u0107 z za\u0142\u0105cznikiem do ustawy.<\/p>\n\n\n\n<p>Wymagania za\u0142\u0105cznika uznaje si\u0119 za spe\u0142nione przy uwzgl\u0119dnieniu wymaga\u0144 okre\u015blonych w pkt 9, 10 i 11 Polskiej Normy wprowadzaj\u0105cej ETSI EN 301 549 V3.2.1:2021.<\/p>\n\n\n\n<hr class=\"wp-block-separator has-alpha-channel-opacity\" \/>\n\n\n\n<h2 class=\"wp-block-heading\">Niedost\u0119pne tre\u015bci<\/h2>\n\n\n\n<h6 class=\"wp-block-heading\">Niezgodno\u015bci z wymaganiami dost\u0119pno\u015bci<\/h6>\n\n\n\n<p>Mimo podejmowanych dzia\u0142a\u0144 cz\u0119\u015b\u0107 tre\u015bci mo\u017ce by\u0107 niedost\u0119pna w nast\u0119puj\u0105cym zakresie:<\/p>\n\n\n\n<ul class=\"wp-block-list\">\n<li><strong>Dokumenty PDF (w szczeg\u00f3lno\u015bci archiwalne)<\/strong>: cz\u0119\u015b\u0107 plik\u00f3w mo\u017ce nie posiada\u0107 pe\u0142nej struktury\/tagowania (np. nag\u0142\u00f3wk\u00f3w, list, tabel) lub mo\u017ce mie\u0107 nieprawid\u0142ow\u0105 kolejno\u015b\u0107 czytania dla technologii asystuj\u0105cych.<\/li>\n\n\n\n<li><strong>Elementy graficzne w publikacjach<\/strong> (wykresy, schematy, ilustracje): cz\u0119\u015b\u0107 plik\u00f3w mo\u017ce nie zawiera\u0107 kompletnych opis\u00f3w alternatywnych (alt text) wbudowanych w publikowany dokument.<\/li>\n\n\n\n<li><strong>Tabele w dokumentach<\/strong>: w cz\u0119\u015bci publikacji tabele mog\u0105 mie\u0107 zbyt z\u0142o\u017con\u0105 struktur\u0119 (np. scalane kom\u00f3rki) utrudniaj\u0105c\u0105 odczyt przez czytniki ekranu.<\/li>\n\n\n\n<li><strong>Linki i odsy\u0142acze w tre\u015bci<\/strong>: sporadycznie mog\u0105 wyst\u0105pi\u0107 linki o tre\u015bci nieopisowej lub niewystarczaj\u0105co jednoznacznym kontek\u015bcie.<\/li>\n<\/ul>\n\n\n\n<p>Je\u017celi u\u017cytkownik napotka problem z dost\u0119pno\u015bci\u0105 konkretnej publikacji lub elementu platformy czasopism UKSW, prosimy o kontakt zgodnie z sekcj\u0105 \u201eInformacje zwrotne i dane kontaktowe\u201d; zapewnimy dost\u0119pno\u015b\u0107 albo udost\u0119pnimy tre\u015b\u0107 w alternatywny spos\u00f3b zgodnie z ustaw\u0105.<\/p>\n\n\n\n<h6 class=\"wp-block-heading\">Tre\u015bci wy\u0142\u0105czone z obowi\u0105zku zapewnienia dost\u0119pno\u015bci<\/h6>\n\n\n\n<p>Zgodnie z ustaw\u0105 o dost\u0119pno\u015bci cyfrowej, obowi\u0105zek zapewnienia dost\u0119pno\u015bci nie obejmuje w szczeg\u00f3lno\u015bci:<\/p>\n\n\n\n<ul class=\"wp-block-list\">\n<li><strong>multimedi\u00f3w nadawanych na \u017cywo<\/strong>,<\/li>\n\n\n\n<li><strong>multimedi\u00f3w opublikowanych przed 23 wrze\u015bnia 2020 r.<\/strong>,<\/li>\n\n\n\n<li><strong>dokument\u00f3w biurowych opublikowanych przed 23 wrze\u015bnia 2018 r.<\/strong>, chyba \u017ce ich zawarto\u015b\u0107 jest niezb\u0119dna do realizacji bie\u017c\u0105cych zada\u0144,<\/li>\n\n\n\n<li><strong>tre\u015bci b\u0119d\u0105cych w posiadaniu podmiotu publicznego, kt\u00f3rych nie wytworzono\/sfinansowano\/nabyto<\/strong>, lub kt\u00f3rych dostosowanie wymaga modyfikacji, do kt\u00f3rej podmiot nie jest uprawniony,<\/li>\n\n\n\n<li><strong>map oraz map interaktywnych<\/strong> (z zachowaniem obowi\u0105zku podania danych teleadresowych i po\u0142o\u017cenia w spos\u00f3b dost\u0119pny).<\/li>\n<\/ul>\n\n\n\n<hr class=\"wp-block-separator has-alpha-channel-opacity\" \/>\n\n\n\n<h6 class=\"wp-block-heading\">Data publikacji i aktualizacji deklaracji<\/h6>\n\n\n\n<ul class=\"wp-block-list\">\n<li>Data uruchomienia strony Wydawnictwa Naukowego UKSW: <strong>2017<\/strong><\/li>\n\n\n\n<li>Data ostatniej istotnej aktualizacji technicznej strony: <strong>kwiecie\u0144 2019<\/strong><\/li>\n<\/ul>\n\n\n\n<h6 class=\"wp-block-heading\">Przygotowanie deklaracji dost\u0119pno\u015bci<\/h6>\n\n\n\n<ul class=\"wp-block-list\">\n<li>Data sporz\u0105dzenia deklaracji: <strong>[15.02.2026]<\/strong><\/li>\n\n\n\n<li>Deklaracj\u0119 sporz\u0105dzono na podstawie: <strong>[samoocena]<\/strong><\/li>\n<\/ul>\n\n\n\n<hr class=\"wp-block-separator has-alpha-channel-opacity\" \/>\n\n\n\n<h2 class=\"wp-block-heading\">Skr\u00f3ty klawiszowe<\/h2>\n\n\n\n<h6 class=\"wp-block-heading\">\u201eDzia\u0142a klawiatur\u0105\u201d<\/h6>\n\n\n\n<ul class=\"wp-block-list\">\n<li>linki menu, koszyk, logowanie, wylogowanie,<\/li>\n\n\n\n<li>pole wyszukiwania + submit (o ile wyszukiwarka jest widoczna\/osi\u0105galna tabem),<\/li>\n\n\n\n<li>dodaj do koszyka,<\/li>\n\n\n\n<li>zak\u0142adki \u201eOpis\/Szczeg\u00f3\u0142y\u201d.<\/li>\n<\/ul>\n\n\n\n<h6 class=\"wp-block-heading\">\u201eNie dzia\u0142a\/bardzo prawdopodobnie nie dzia\u0142a klawiatur\u0105\u201d<\/h6>\n\n\n\n<ul class=\"wp-block-list\">\n<li>rozwijanie podmenu na mobile,<\/li>\n\n\n\n<li>powi\u0119kszanie ok\u0142adki,<\/li>\n\n\n\n<li>klikanie miniatur i strza\u0142ek galerii,<\/li>\n\n\n\n<li>otwieranie\/zamykanie wyszukiwarki<\/li>\n<\/ul>\n\n\n\n<p><\/p>\n\n\n\n<hr class=\"wp-block-separator has-alpha-channel-opacity\" \/>\n\n\n\n<h2 class=\"wp-block-heading\">Informacje zwrotne i dane kontaktowe<\/h2>\n\n\n\n<p>W przypadku problem\u00f3w z dost\u0119pno\u015bci\u0105 cyfrow\u0105 prosimy o kontakt e-mail: <a href=\"mailto:dostepnosc@uksw.edu.pl\">dostepnosc@uksw.edu.pl<\/a><strong><\/strong><\/p>\n\n\n\n<p>Dane teleadresowe siedziby podmiotu: domek nr 2, ul. Dewajtis 5, 01-815 Warszawa.<\/p>\n\n\n\n<p>Osoba\/kom\u00f3rka organizacyjna w\u0142a\u015bciwa ds. dost\u0119pno\u015bci cyfrowej: Dyrektor Wydawnictwa Naukowego UKSW &#8211; Joanna Dziurzy\u0144ska<\/p>\n\n\n\n<hr class=\"wp-block-separator has-alpha-channel-opacity\" \/>\n\n\n\n<h2 class=\"wp-block-heading\">Obs\u0142uga wniosk\u00f3w i skarg zwi\u0105zanych z dost\u0119pno\u015bci\u0105<\/h2>\n\n\n\n<p>Mo\u017cna powiadomi\u0107 nas o braku dost\u0119pno\u015bci cyfrowej elementu serwisu, korzystaj\u0105c z danych kontaktowych wskazanych w deklaracji.<\/p>\n\n\n\n<p>Ka\u017cdy ma prawo wyst\u0105pi\u0107 z \u017c\u0105daniem zapewnienia dost\u0119pno\u015bci cyfrowej wskazanej strony, aplikacji mobilnej lub ich elementu (w tym dokumentu) albo o udost\u0119pnienie za pomoc\u0105 alternatywnego sposobu dost\u0119pu.<\/p>\n\n\n\n<p>\u017b\u0105danie powinno zawiera\u0107 dane kontaktowe, wskazanie elementu oraz preferowany spos\u00f3b kontaktu.<\/p>\n\n\n\n<p>Realizacja nast\u0119puje bez zb\u0119dnej zw\u0142oki, nie p\u00f3\u017aniej ni\u017c w terminie <strong>7 dni<\/strong>; je\u017celi nie jest to mo\u017cliwe \u2013 wskazujemy przyczyny op\u00f3\u017anienia i termin nie d\u0142u\u017cszy ni\u017c <strong>2 miesi\u0105ce<\/strong>.<\/p>\n\n\n\n<p>W przypadkach, w kt\u00f3rych zapewnienie dost\u0119pno\u015bci wskazanego elementu wymaga prac technicznych, termin realizacji ustalamy indywidualnie i przekazujemy u\u017cytkownikowi informacj\u0119 o przyczynach op\u00f3\u017anienia oraz planowanym terminie zapewnienia dost\u0119pno\u015bci. Do czasu usuni\u0119cia niezgodno\u015bci zapewniamy alternatywny spos\u00f3b dost\u0119pu do tre\u015bci zgodnie z art. 7 ustawy.<\/p>\n\n\n\n<p>W przypadku odmowy zapewnienia dost\u0119pno\u015bci lub odmowy skorzystania z alternatywnego sposobu dost\u0119pu przys\u0142uguje skarga; do post\u0119powa\u0144 stosuje si\u0119 dzia\u0142 VIII KPA.<\/p>\n\n\n\n<hr class=\"wp-block-separator has-alpha-channel-opacity\" \/>\n\n\n\n<h2 class=\"wp-block-heading\">Dost\u0119pno\u015b\u0107 architektoniczna<\/h2>\n\n\n\n<p>Informacja o dost\u0119pno\u015bci architektonicznej siedziby Wydawnictwa Naukowego UKSW: <strong>budynek jest dost\u0119pny dla os\u00f3b z niepe\u0142nosprawno\u015bciami i nie wyst\u0119puj\u0105 w nim bariery architektoniczne<\/strong>.<\/p>\n\n\n\n<hr class=\"wp-block-separator has-alpha-channel-opacity\" \/>\n\n\n\n<h2 class=\"wp-block-heading\">T\u0142umacz j\u0119zyka migowego<\/h2>\n\n\n\n<p><strong>T\u0142umacz j\u0119zyka migowego (PJM):<\/strong> Wydawnictwo Naukowe UKSW <strong>nie zapewnia obecnie<\/strong> us\u0142ugi t\u0142umacza PJM online; w sprawach dost\u0119pno\u015bci prosimy o kontakt e-mailowy lub telefoniczny wskazany w niniejszej deklaracji.<\/p>\n\n\n\n<hr class=\"wp-block-separator has-alpha-channel-opacity\" \/>\n\n\n\n<h2 class=\"wp-block-heading\">Link do Rzecznika Praw Obywatelskich<\/h2>\n\n\n\n<p>Link do strony internetowej Rzecznika Praw Obywatelskich: <a href=\"https:\/\/bip.brpo.gov.pl\/\">https:\/\/bip.brpo.gov.pl<\/a><strong><\/strong><\/p>\n\n\n\n<hr class=\"wp-block-separator has-alpha-channel-opacity\" \/>\n\n\n\n<h2 class=\"wp-block-heading\">Dokumenty<\/h2>\n\n\n\n<div class=\"wp-block-file\"><a id=\"wp-block-file--media-88fe8b05-8e90-4d34-bc8f-64e7c1916d03\" href=\"https:\/\/wydawnictwo.uksw.edu.pl\/wp-content\/uploads\/sites\/81\/2026\/03\/Dostepnosc-cyfrowa-wytyczne.pdf\" target=\"_blank\" rel=\"noreferrer noopener\">Dost\u0119pno\u015b\u0107 cyfrowa &#8211; wytyczne<\/a><a href=\"https:\/\/wydawnictwo.uksw.edu.pl\/wp-content\/uploads\/sites\/81\/2026\/03\/Dostepnosc-cyfrowa-wytyczne.pdf\" class=\"wp-block-file__button wp-element-button\" download aria-describedby=\"wp-block-file--media-88fe8b05-8e90-4d34-bc8f-64e7c1916d03\">Pobierz<\/a><\/div>\n\n\n\n<p><\/p>\n","protected":false},"excerpt":{"rendered":"<p>Wersja: 1.0 | Ostatnia aktualizacja: 2026-03-05 Wydawnictwo d\u0105\u017cy do zapewnienia dost\u0119pno\u015bci cyfrowej publikacji i materia\u0142\u00f3w towarzysz\u0105cych. Autorzy proszeni s\u0105 o przygotowanie materia\u0142\u00f3w w spos\u00f3b umo\u017cliwiaj\u0105cy opracowanie wersji dost\u0119pnych (m.in. opisy alternatywne dla element\u00f3w graficznych, czytelne tabele, poprawna struktura dokumentu). Problemy dost\u0119pno\u015bci mo\u017cna zg\u0142asza\u0107 na adres: dostepnosc@uksw.edu.pl. Deklaracja dost\u0119pno\u015bci Wydawnictwo Naukowe UKSW zobowi\u0105zuje si\u0119 zapewni\u0107 dost\u0119pno\u015b\u0107 [&hellip;]<\/p>\n","protected":false},"author":657,"featured_media":0,"parent":22664,"menu_order":0,"comment_status":"closed","ping_status":"closed","template":"page-templates\/template-sub-page.php","meta":{"_acf_changed":false,"inline_featured_image":false,"footnotes":"","_links_to":"","_links_to_target":""},"class_list":["post-22730","page","type-page","status-publish","hentry"],"acf":[],"_links":{"self":[{"href":"https:\/\/wydawnictwo.uksw.edu.pl\/pl\/wp-json\/wp\/v2\/pages\/22730","targetHints":{"allow":["GET"]}}],"collection":[{"href":"https:\/\/wydawnictwo.uksw.edu.pl\/pl\/wp-json\/wp\/v2\/pages"}],"about":[{"href":"https:\/\/wydawnictwo.uksw.edu.pl\/pl\/wp-json\/wp\/v2\/types\/page"}],"author":[{"embeddable":true,"href":"https:\/\/wydawnictwo.uksw.edu.pl\/pl\/wp-json\/wp\/v2\/users\/657"}],"replies":[{"embeddable":true,"href":"https:\/\/wydawnictwo.uksw.edu.pl\/pl\/wp-json\/wp\/v2\/comments?post=22730"}],"version-history":[{"count":13,"href":"https:\/\/wydawnictwo.uksw.edu.pl\/pl\/wp-json\/wp\/v2\/pages\/22730\/revisions"}],"predecessor-version":[{"id":23758,"href":"https:\/\/wydawnictwo.uksw.edu.pl\/pl\/wp-json\/wp\/v2\/pages\/22730\/revisions\/23758"}],"up":[{"embeddable":true,"href":"https:\/\/wydawnictwo.uksw.edu.pl\/pl\/wp-json\/wp\/v2\/pages\/22664"}],"wp:attachment":[{"href":"https:\/\/wydawnictwo.uksw.edu.pl\/pl\/wp-json\/wp\/v2\/media?parent=22730"}],"curies":[{"name":"wp","href":"https:\/\/api.w.org\/{rel}","templated":true}]}}