{"id":22732,"date":"2026-03-12T08:36:40","date_gmt":"2026-03-12T07:36:40","guid":{"rendered":"https:\/\/jednostki.uksw.edu.pl\/wydawnictwo\/?page_id=22732"},"modified":"2026-03-30T10:49:52","modified_gmt":"2026-03-30T08:49:52","slug":"ochrona-danych-rodo","status":"publish","type":"page","link":"https:\/\/wydawnictwo.uksw.edu.pl\/standardy-i-polityki\/ochrona-danych-rodo\/","title":{"rendered":"Ochrona danych (RODO)"},"content":{"rendered":"\n<p>Wersja: 1.0 | Ostatnia aktualizacja: 2026-03-05<\/p>\n\n\n\n<h6 class=\"wp-block-heading\">Klauzula informacyjna Wydawnictwa Naukowego UKSW dotycz\u0105ca przetwarzania danych osobowych autor\u00f3w, recenzent\u00f3w i innych uczestnik\u00f3w procesu wydawniczego&nbsp;<\/h6>\n\n\n\n<p>Zgodnie z art. 13 ust. 1 i 2 og\u00f3lnego rozporz\u0105dzenia o ochronie danych osobowych z 27 kwietnia 2016 r. w sprawie ochrony os\u00f3b fizycznych w zwi\u0105zku z przetwarzaniem danych osobowych i w sprawie swobodnego przep\u0142ywu takich danych oraz uchylenia dyrektywy 95\/46\/WE (og\u00f3lne rozporz\u0105dzenie o ochronie danych) informuje si\u0119, \u017ce:&nbsp;<\/p>\n\n\n\n<ul class=\"wp-block-list\">\n<li>Administratorem Pani\/Pana danych osobowych jest Uniwersytet Kardyna\u0142a Stefana Wyszy\u0144skiego z siedzib\u0105 w Warszawie, ul. Dewajtis 5, 01-815.<\/li>\n\n\n\n<li>Inspektorem ochrony danych w UKSW jest mgr Monika Masiukiewicz<\/li>\n\n\n\n<li>Pani\/Pana dane osobowe przetwarzane b\u0119d\u0105 w celu realizacji procesu wydawniczego.&nbsp;<\/li>\n\n\n\n<li>Odbiorc\u0105 Pani\/Pana danych osobowych b\u0119dzie Uniwersytet Kardyna\u0142a Stefana Wyszy\u0144skiego.<\/li>\n\n\n\n<li>Pani\/Pana dane osobowe b\u0119d\u0105 przechowywane przez okres trwania procesu wydawniczego, a po jego zako\u0144czeniu przez okres zgodny z przepisami prawa obowi\u0105zuj\u0105cymi w tym zakresie.&nbsp;<\/li>\n\n\n\n<li>Posiada Pani\/Pan prawo dost\u0119pu do tre\u015bci swoich danych oraz prawo ich sprostowania, usuni\u0119cia, ograniczenia przetwarzania, prawo do przenoszenia danych, prawo wniesienia sprzeciwu, prawo do cofni\u0119cia zgody w dowolnym momencie bez wp\u0142ywu na zgodno\u015b\u0107 z prawem przetwarzania.<\/li>\n\n\n\n<li>Ma Pani\/Pan prawo wniesienia skargi do organu nadzorczego, kt\u00f3rym jest Prezes Urz\u0119du Ochrony Danych Osobowych (PUODO) \u2013 gdy uzna Pani\/Pan, i\u017c przetwarzanie danych osobowych narusza przepisy o ochronie danych osobowych.&nbsp;<\/li>\n\n\n\n<li>Podanie przez Pani\u0105\/Pana danych osobowych jest konieczne do zawarcia umowy.&nbsp;<\/li>\n\n\n\n<li>Dane udost\u0119pnione przez Pani\u0105\/Pana nie b\u0119d\u0105 podlega\u0142y udost\u0119pnieniu podmiotom trzecim.&nbsp;<\/li>\n\n\n\n<li>Dane udost\u0119pnione przez Pani\u0105\/Pana nie b\u0119d\u0105 podlega\u0142y profilowaniu.&nbsp;<\/li>\n\n\n\n<li>Administrator danych nie b\u0119dzie przekazywa\u0142 danych osobowych do pa\u0144stwa trzeciego lub organizacji mi\u0119dzynarodowej.&nbsp;<\/li>\n<\/ul>\n\n\n\n<h6 class=\"wp-block-heading\">Polityka prywatno\u015bci sklepu internetowego<\/h6>\n\n\n\n<ul class=\"wp-block-list\">\n<li>Administratorem Pani\/Pana danych osobowych jest Uniwersytet Kardyna\u0142a Stefana Wyszy\u0144skiego w Warszawie z siedzib\u0105 przy ul. Dewajtis 5, 01-815 Warszawa;<\/li>\n\n\n\n<li>Inspektor Ochrony Danych Uniwersytetu Kardyna\u0142a Stefana Wyszy\u0144skiego nadzoruje prawid\u0142owo\u015b\u0107 przetwarzania danych osobowych i mo\u017cna skontaktowa\u0107 si\u0119 z nim za po\u015brednictwem adresu e-mail: <a href=\"mailto:iod@uksw.edu.pl\">iod@uksw.edu.pl<\/a>;<\/li>\n\n\n\n<li>Pani\/Pana dane osobowe b\u0119d\u0105 przetwarzane jedynie w celu realizacji zam\u00f3wienia;<\/li>\n\n\n\n<li>Przekazane dane b\u0119d\u0105 przetwarzane na podstawie art. 6 ust. 1 Rozporz\u0105dzenia Parlamentu Europejskiego i Rady (UE) 2016\/679;<\/li>\n\n\n\n<li>Podanie danych jest dobrowolne, jednak konieczne do realizacji cel\u00f3w do jakich zosta\u0142y zebrane; Dane b\u0119d\u0105 udost\u0119pniane podmiotom zewn\u0119trznym w przypadkach przewidzianych przepisami prawa, a na podstawie umowy powierzenia b\u0119d\u0105 przekazywane nast\u0119puj\u0105cym podmiotom: PayPro SA (Serwis Przelewy24), ul. Kanclerska 15, 60-327 Pozna\u0144<\/li>\n\n\n\n<li>Pani\/Pana dane osobowe nie b\u0119d\u0105 ujawniane innym podmiotom, za wyj\u0105tkiem podmiot\u00f3w upowa\u017cnionych przez przepisy prawa, zawartych um\u00f3w.<\/li>\n\n\n\n<li>Dane przechowywane b\u0119d\u0105 przez okres niezb\u0119dny do realizacji umowy sprzeda\u017cy oraz dodatkowo przez 5 lat od pocz\u0105tku roku nast\u0119puj\u0105cego po roku obrotowym, w kt\u00f3rym operacje, transakcje, post\u0119powanie zosta\u0142y ostatecznie zako\u0144czone, sp\u0142acone, rozliczone lub przedawnione;<\/li>\n\n\n\n<li>Posiada Pani\/Pan prawo dost\u0119pu do tre\u015bci swoich danych oraz z zastrze\u017ceniem przepis\u00f3w prawa: prawo ich sprostowania, usuni\u0119cia, ograniczenia przetwarzania, prawo do przenoszenia danych, prawo do wniesienia sprzeciwu, prawo do cofni\u0119cia zgody w dowolnym momencie;<\/li>\n\n\n\n<li>Ma Pani\/Pan prawo do wniesienia skargi do Prezesa Urz\u0119du Ochrony Danych Osobowych;<\/li>\n\n\n\n<li>Pani\/Pana dane nie b\u0119d\u0105 przetwarzane w spos\u00f3b zautomatyzowany i nie b\u0119d\u0105 poddawane profilowaniu.<\/li>\n<\/ul>\n\n\n\n<h6 class=\"wp-block-heading\">Dokumenty<\/h6>\n\n\n\n<ul class=\"wp-block-list\">\n<li>Inspektor Ochrony Danych UKSW: <a href=\"https:\/\/uksw.edu.pl\/uniwersytet\/ochrona-danych-osobowych\">https:\/\/uksw.edu.pl\/uniwersytet\/ochrona-danych-osobowych<\/a><\/li>\n<\/ul>\n","protected":false},"excerpt":{"rendered":"<p>Wersja: 1.0 | Ostatnia aktualizacja: 2026-03-05 Klauzula informacyjna Wydawnictwa Naukowego UKSW dotycz\u0105ca przetwarzania danych osobowych autor\u00f3w, recenzent\u00f3w i innych uczestnik\u00f3w procesu wydawniczego&nbsp; Zgodnie z art. 13 ust. 1 i 2 og\u00f3lnego rozporz\u0105dzenia o ochronie danych osobowych z 27 kwietnia 2016 r. w sprawie ochrony os\u00f3b fizycznych w zwi\u0105zku z przetwarzaniem danych osobowych i w sprawie [&hellip;]<\/p>\n","protected":false},"author":657,"featured_media":0,"parent":22664,"menu_order":0,"comment_status":"closed","ping_status":"closed","template":"page-templates\/template-sub-page.php","meta":{"_acf_changed":false,"inline_featured_image":false,"footnotes":"","_links_to":"","_links_to_target":""},"class_list":["post-22732","page","type-page","status-publish","hentry"],"acf":[],"_links":{"self":[{"href":"https:\/\/wydawnictwo.uksw.edu.pl\/pl\/wp-json\/wp\/v2\/pages\/22732","targetHints":{"allow":["GET"]}}],"collection":[{"href":"https:\/\/wydawnictwo.uksw.edu.pl\/pl\/wp-json\/wp\/v2\/pages"}],"about":[{"href":"https:\/\/wydawnictwo.uksw.edu.pl\/pl\/wp-json\/wp\/v2\/types\/page"}],"author":[{"embeddable":true,"href":"https:\/\/wydawnictwo.uksw.edu.pl\/pl\/wp-json\/wp\/v2\/users\/657"}],"replies":[{"embeddable":true,"href":"https:\/\/wydawnictwo.uksw.edu.pl\/pl\/wp-json\/wp\/v2\/comments?post=22732"}],"version-history":[{"count":6,"href":"https:\/\/wydawnictwo.uksw.edu.pl\/pl\/wp-json\/wp\/v2\/pages\/22732\/revisions"}],"predecessor-version":[{"id":23621,"href":"https:\/\/wydawnictwo.uksw.edu.pl\/pl\/wp-json\/wp\/v2\/pages\/22732\/revisions\/23621"}],"up":[{"embeddable":true,"href":"https:\/\/wydawnictwo.uksw.edu.pl\/pl\/wp-json\/wp\/v2\/pages\/22664"}],"wp:attachment":[{"href":"https:\/\/wydawnictwo.uksw.edu.pl\/pl\/wp-json\/wp\/v2\/media?parent=22732"}],"curies":[{"name":"wp","href":"https:\/\/api.w.org\/{rel}","templated":true}]}}