{"id":22942,"date":"2026-03-13T10:31:19","date_gmt":"2026-03-13T09:31:19","guid":{"rendered":"https:\/\/wydawnictwo.test.uksw.edu.pl\/?page_id=22942"},"modified":"2026-04-02T10:25:33","modified_gmt":"2026-04-02T08:25:33","slug":"wymagania-redakcyjne","status":"publish","type":"page","link":"https:\/\/wydawnictwo.uksw.edu.pl\/dla-autorow\/wymagania-redakcyjne\/","title":{"rendered":"Wymagania redakcyjne"},"content":{"rendered":"\n<p>Wersja 1.0&nbsp; | Ostatnia aktualizacja: 2026-03-06<\/p>\n\n\n\n<p>Prosimy o przygotowanie tekstu i materia\u0142\u00f3w zgodnie z poni\u017cszymi wymaganiami. Szczeg\u00f3\u0142owe wytyczne znajduj\u0105 si\u0119 w dokumencie do pobrania.<\/p>\n\n\n\n<h2 class=\"wp-block-heading\">Checklist<\/h2>\n\n\n\n<p><\/p>\n\n\n\n<h6 class=\"wp-block-heading\">1) Pliki i formaty<\/h6>\n\n\n\n<p>\u2610 Tekst g\u0142\u00f3wny w formacie <strong>DOCX<\/strong> (edytowalny).<br>\u2610 Wersja podgl\u0105dowa w <strong>PDF<\/strong>.<br>\u2610 Tabele w formie <strong>edytowalnej<\/strong> (nie jako obrazy).<br>\u2610 Ryciny\/zdj\u0119cia jako osobne pliki (zachowana jako\u015b\u0107 do druku).<br>\u2610 Jednoznaczne nazwy plik\u00f3w (np. \u201eNazwisko_Tytul_tekst.docx\u201d, \u201eRyc1.tif\/jpg\u201d).<\/p>\n\n\n\n<h6 class=\"wp-block-heading\">2) Struktura ksi\u0105\u017cki (minimum)<\/h6>\n\n\n\n<p>\u2610 Strona tytu\u0142owa (autorzy, afiliacje).<br>\u2610 Spis tre\u015bci.<br>\u2610 Wst\u0119p\/za\u0142o\u017cenia, rozdzia\u0142y, zako\u0144czenie.<br>\u2610 w pracach zbiorowych: lista autor\u00f3w rozdzia\u0142\u00f3w + tytu\u0142y rozdzia\u0142\u00f3w + ORCID + afiliacje<br>\u2610 Bibliografia.<br>\u2610 (Je\u015bli dotyczy) aneksy, wykaz tabel\/rycin, indeksy.<\/p>\n\n\n\n<h6 class=\"wp-block-heading\">3) Aparat naukowy i bibliografia<\/h6>\n\n\n\n<p>\u2610 Jednolity styl cytowa\u0144 i bibliografii w ca\u0142ej publikacji.<br>\u2610 Pe\u0142ne dane bibliograficzne; tam gdzie mo\u017cliwe: DOI\/ISBN\/URL.<br>\u2610 Sp\u00f3jne odwo\u0142ania w tek\u015bcie i w bibliografii (brak \u201eosieroconych\u201d pozycji).<\/p>\n\n\n\n<h6 class=\"wp-block-heading\">4) Tabele, ryciny, ilustracje<\/h6>\n\n\n\n<p>\u2610 Wszystkie elementy graficzne s\u0105 ponumerowane i maj\u0105 podpisy.<br>\u2610 \u0179r\u00f3d\u0142a podane przy ka\u017cdym elemencie (je\u015bli nie jest autorski).<br>\u2610 Prawa\/licencje do wykorzystania zosta\u0142y uzyskane i s\u0105 udokumentowane.<br>\u2610 (Je\u015bli dotyczy) osobna lista rycin\/tabel (opcjonalnie).<\/p>\n\n\n\n<h6 class=\"wp-block-heading\">5) Prawa autorskie i odpowiedzialno\u015b\u0107<\/h6>\n\n\n\n<p>\u2610 Autor potwierdza oryginalno\u015b\u0107 tekstu i brak narusze\u0144 praw os\u00f3b trzecich.<br>\u2610 Wsp\u00f3\u0142autorzy s\u0105 wskazani zgodnie z rzeczywistym wk\u0142adem (brak <em>ghostwriting\/guest authorship<\/em>).<br>\u2610 Finansowanie i potencjalne konflikty interes\u00f3w s\u0105 ujawnione (je\u015bli dotyczy).<\/p>\n\n\n\n<p><a href=\"https:\/\/wydawnictwo.uksw.edu.pl\/standardy-i-polityki\/etyka-publikacyjna\/\" data-type=\"link\" data-id=\"https:\/\/wydawnictwo.test.uksw.edu.pl\/standardy-i-polityki\/etyka-publikacyjna\/\">Etyka publikacyjna<\/a><\/p>\n\n\n\n<p><a href=\"https:\/\/wydawnictwo.uksw.edu.pl\/standardy-i-polityki\/konflikt-interesow\/\" data-type=\"link\" data-id=\"https:\/\/wydawnictwo.test.uksw.edu.pl\/standardy-i-polityki\/konflikt-interesow\/\">Konflikt interes\u00f3w<\/a><\/p>\n\n\n\n<h6 class=\"wp-block-heading\">6) Dost\u0119pno\u015b\u0107 cyfrowa<\/h6>\n\n\n\n<p>\u2610 Materia\u0142y umo\u017cliwiaj\u0105 opracowanie wersji dost\u0119pnych (np. opisy alternatywne dla grafik, czytelne tabele).<\/p>\n\n\n\n<p><a href=\"https:\/\/wydawnictwo.uksw.edu.pl\/standardy-i-polityki\/dostepnosc-cyfrowa\/\" data-type=\"link\" data-id=\"https:\/\/wydawnictwo.test.uksw.edu.pl\/standardy-i-polityki\/dostepnosc-cyfrowa\/\">Dost\u0119pno\u015b\u0107 cyfrowa<\/a><\/p>\n\n\n\n<h6 class=\"wp-block-heading\">7) Wykorzystanie AI<\/h6>\n\n\n\n<p>\u2610 Je\u015bli stosowano narz\u0119dzia AI: zastosowanie jest zgodne z polityk\u0105 i zosta\u0142o ujawnione zgodnie z wymaganiami.<\/p>\n\n\n\n<p><a href=\"https:\/\/wydawnictwo.uksw.edu.pl\/standardy-i-polityki\/polityka-wykorzystania-ai-pl-en\/\" data-type=\"link\" data-id=\"https:\/\/wydawnictwo.test.uksw.edu.pl\/standardy-i-polityki\/polityka-wykorzystania-ai-pl-en\/\">Polityka AI<\/a><\/p>\n\n\n\n<hr class=\"wp-block-separator has-alpha-channel-opacity\" \/>\n\n\n\n<p><strong>Dokumenty:<\/strong><\/p>\n\n\n\n<div class=\"wp-block-file\"><a id=\"wp-block-file--media-c2b4f422-a884-41cf-94e2-2399ad6475cd\" href=\"https:\/\/wydawnictwo.uksw.edu.pl\/wp-content\/uploads\/sites\/81\/2026\/03\/Wytyczne-dla-autorow.pdf\" target=\"_blank\" rel=\"noreferrer noopener\">Wytyczne dla autor\u00f3w<\/a><a href=\"https:\/\/wydawnictwo.uksw.edu.pl\/wp-content\/uploads\/sites\/81\/2026\/03\/Wytyczne-dla-autorow.pdf\" class=\"wp-block-file__button wp-element-button\" download aria-describedby=\"wp-block-file--media-c2b4f422-a884-41cf-94e2-2399ad6475cd\">Download<\/a><\/div>\n\n\n\n<p><\/p>\n\n\n\n<div class=\"wp-block-file\"><a id=\"wp-block-file--media-a04066db-67ec-4b38-a45a-56019941f0d2\" href=\"https:\/\/wydawnictwo.uksw.edu.pl\/wp-content\/uploads\/sites\/81\/2026\/03\/Dostepnosc-cyfrowa-wytyczne.pdf\" target=\"_blank\" rel=\"noreferrer noopener\">Dost\u0119pno\u015b\u0107 cyfrowa &#8211; wytyczne<\/a><a href=\"https:\/\/wydawnictwo.uksw.edu.pl\/wp-content\/uploads\/sites\/81\/2026\/03\/Dostepnosc-cyfrowa-wytyczne.pdf\" class=\"wp-block-file__button wp-element-button\" download aria-describedby=\"wp-block-file--media-a04066db-67ec-4b38-a45a-56019941f0d2\">Pobierz<\/a><\/div>\n\n\n\n<p><\/p>\n\n\n\n<div class=\"wp-block-file\"><a id=\"wp-block-file--media-1fa8956e-c7fb-4541-a261-2ce665a2d8f2\" href=\"https:\/\/wydawnictwo.uksw.edu.pl\/wp-content\/uploads\/sites\/81\/2026\/03\/Polityka-wykorzystania-AI-wersja-POL.pdf\" target=\"_blank\" rel=\"noreferrer noopener\">Polityka wykorzystania AI &#8211; wersja POL<\/a><a href=\"https:\/\/wydawnictwo.uksw.edu.pl\/wp-content\/uploads\/sites\/81\/2026\/03\/Polityka-wykorzystania-AI-wersja-POL.pdf\" class=\"wp-block-file__button wp-element-button\" download aria-describedby=\"wp-block-file--media-1fa8956e-c7fb-4541-a261-2ce665a2d8f2\">Pobierz<\/a><\/div>\n\n\n\n<p><\/p>\n\n\n\n<p><\/p>\n\n\n\n<p><\/p>\n","protected":false},"excerpt":{"rendered":"<p>Wersja 1.0&nbsp; | Ostatnia aktualizacja: 2026-03-06 Prosimy o przygotowanie tekstu i materia\u0142\u00f3w zgodnie z poni\u017cszymi wymaganiami. Szczeg\u00f3\u0142owe wytyczne znajduj\u0105 si\u0119 w dokumencie do pobrania. Checklist 1) Pliki i formaty \u2610 Tekst g\u0142\u00f3wny w formacie DOCX (edytowalny).\u2610 Wersja podgl\u0105dowa w PDF.\u2610 Tabele w formie edytowalnej (nie jako obrazy).\u2610 Ryciny\/zdj\u0119cia jako osobne pliki (zachowana jako\u015b\u0107 do druku).\u2610 [&hellip;]<\/p>\n","protected":false},"author":657,"featured_media":0,"parent":22666,"menu_order":0,"comment_status":"closed","ping_status":"closed","template":"page-templates\/template-sub-page.php","meta":{"_acf_changed":false,"inline_featured_image":false,"footnotes":"","_links_to":"","_links_to_target":""},"class_list":["post-22942","page","type-page","status-publish","hentry"],"acf":[],"_links":{"self":[{"href":"https:\/\/wydawnictwo.uksw.edu.pl\/pl\/wp-json\/wp\/v2\/pages\/22942","targetHints":{"allow":["GET"]}}],"collection":[{"href":"https:\/\/wydawnictwo.uksw.edu.pl\/pl\/wp-json\/wp\/v2\/pages"}],"about":[{"href":"https:\/\/wydawnictwo.uksw.edu.pl\/pl\/wp-json\/wp\/v2\/types\/page"}],"author":[{"embeddable":true,"href":"https:\/\/wydawnictwo.uksw.edu.pl\/pl\/wp-json\/wp\/v2\/users\/657"}],"replies":[{"embeddable":true,"href":"https:\/\/wydawnictwo.uksw.edu.pl\/pl\/wp-json\/wp\/v2\/comments?post=22942"}],"version-history":[{"count":23,"href":"https:\/\/wydawnictwo.uksw.edu.pl\/pl\/wp-json\/wp\/v2\/pages\/22942\/revisions"}],"predecessor-version":[{"id":23766,"href":"https:\/\/wydawnictwo.uksw.edu.pl\/pl\/wp-json\/wp\/v2\/pages\/22942\/revisions\/23766"}],"up":[{"embeddable":true,"href":"https:\/\/wydawnictwo.uksw.edu.pl\/pl\/wp-json\/wp\/v2\/pages\/22666"}],"wp:attachment":[{"href":"https:\/\/wydawnictwo.uksw.edu.pl\/pl\/wp-json\/wp\/v2\/media?parent=22942"}],"curies":[{"name":"wp","href":"https:\/\/api.w.org\/{rel}","templated":true}]}}