{"id":22945,"date":"2026-03-13T10:32:35","date_gmt":"2026-03-13T09:32:35","guid":{"rendered":"https:\/\/wydawnictwo.test.uksw.edu.pl\/?page_id=22945"},"modified":"2026-04-02T10:26:42","modified_gmt":"2026-04-02T08:26:42","slug":"finansowanie-dofinansowanie","status":"publish","type":"page","link":"https:\/\/wydawnictwo.uksw.edu.pl\/dla-autorow\/finansowanie-dofinansowanie\/","title":{"rendered":"Finansowanie \/ dofinansowanie"},"content":{"rendered":"\n<p>Wersja 1.0&nbsp; | Ostatnia aktualizacja: 2026-03-06<\/p>\n\n\n\n<p>W przypadku ubiegania si\u0119 o dofinansowanie wydania publikacji nale\u017cy z\u0142o\u017cy\u0107 w Wydawnictwie wype\u0142niony wniosek. Autor\/Redaktor naukowy wype\u0142nia cz\u0119\u015b\u0107 dotycz\u0105c\u0105 danych publikacji oraz planowanej obj\u0119to\u015bci; informacji w sprawie polskiego dziedzictwa, perspektywy p\u0142ci i Cel\u00f3w Zr\u00f3wnowa\u017conego Rozwoju. Kalkulacj\u0119 koszt\u00f3w uzupe\u0142nia wydawnictwo zgodnie z obowi\u0105zuj\u0105cymi procedurami. Terminy sk\u0142adania wniosk\u00f3w ka\u017cdorazowo ustala w\u0142a\u015bciwa jednostka UKSW (np. BBNE).<\/p>\n\n\n\n<hr class=\"wp-block-separator has-alpha-channel-opacity\" \/>\n\n\n\n<h6 class=\"wp-block-heading\">Wa\u017cne<\/h6>\n\n\n\n<p>Decyzje o przyj\u0119ciu publikacji opieraj\u0105 si\u0119 na jako\u015bci naukowej i wyniku recenzji; kwestie finansowe nie wp\u0142ywaj\u0105 na decyzj\u0119 redakcyjn\u0105.<\/p>\n\n\n\n<p><a href=\"https:\/\/wydawnictwo.uksw.edu.pl\/standardy-i-polityki\/polityka-oplat-i-niezaleznosc\/\" data-type=\"link\" data-id=\"https:\/\/wydawnictwo.test.uksw.edu.pl\/standardy-i-polityki\/polityka-oplat-i-niezaleznosc\/\">Polityka op\u0142at i niezale\u017cno\u015b\u0107<\/a><\/p>\n\n\n\n<hr class=\"wp-block-separator has-alpha-channel-opacity\" \/>\n\n\n\n<h6 class=\"wp-block-heading\">Dokumenty<\/h6>\n\n\n\n<div class=\"wp-block-file\"><a id=\"wp-block-file--media-362d9276-5012-4a4e-8464-e9f7c73017f6\" href=\"https:\/\/wydawnictwo.uksw.edu.pl\/wp-content\/uploads\/sites\/81\/2026\/03\/Wniosek-o-dofinansowanie-publikacji-plik-WORD.docx\">Wniosek o dofinansowanie publikacji &#8211; plik WORD<\/a><a href=\"https:\/\/wydawnictwo.uksw.edu.pl\/wp-content\/uploads\/sites\/81\/2026\/03\/Wniosek-o-dofinansowanie-publikacji-plik-WORD.docx\" class=\"wp-block-file__button wp-element-button\" download aria-describedby=\"wp-block-file--media-362d9276-5012-4a4e-8464-e9f7c73017f6\">Pobierz<\/a><\/div>\n\n\n\n<p><\/p>\n\n\n\n<p><\/p>\n","protected":false},"excerpt":{"rendered":"<p>Wersja 1.0&nbsp; | Ostatnia aktualizacja: 2026-03-06 W przypadku ubiegania si\u0119 o dofinansowanie wydania publikacji nale\u017cy z\u0142o\u017cy\u0107 w Wydawnictwie wype\u0142niony wniosek. Autor\/Redaktor naukowy wype\u0142nia cz\u0119\u015b\u0107 dotycz\u0105c\u0105 danych publikacji oraz planowanej obj\u0119to\u015bci; informacji w sprawie polskiego dziedzictwa, perspektywy p\u0142ci i Cel\u00f3w Zr\u00f3wnowa\u017conego Rozwoju. Kalkulacj\u0119 koszt\u00f3w uzupe\u0142nia wydawnictwo zgodnie z obowi\u0105zuj\u0105cymi procedurami. Terminy sk\u0142adania wniosk\u00f3w ka\u017cdorazowo ustala w\u0142a\u015bciwa [&hellip;]<\/p>\n","protected":false},"author":657,"featured_media":0,"parent":22666,"menu_order":0,"comment_status":"closed","ping_status":"closed","template":"page-templates\/template-sub-page.php","meta":{"_acf_changed":false,"inline_featured_image":false,"footnotes":"","_links_to":"","_links_to_target":""},"class_list":["post-22945","page","type-page","status-publish","hentry"],"acf":[],"_links":{"self":[{"href":"https:\/\/wydawnictwo.uksw.edu.pl\/pl\/wp-json\/wp\/v2\/pages\/22945","targetHints":{"allow":["GET"]}}],"collection":[{"href":"https:\/\/wydawnictwo.uksw.edu.pl\/pl\/wp-json\/wp\/v2\/pages"}],"about":[{"href":"https:\/\/wydawnictwo.uksw.edu.pl\/pl\/wp-json\/wp\/v2\/types\/page"}],"author":[{"embeddable":true,"href":"https:\/\/wydawnictwo.uksw.edu.pl\/pl\/wp-json\/wp\/v2\/users\/657"}],"replies":[{"embeddable":true,"href":"https:\/\/wydawnictwo.uksw.edu.pl\/pl\/wp-json\/wp\/v2\/comments?post=22945"}],"version-history":[{"count":7,"href":"https:\/\/wydawnictwo.uksw.edu.pl\/pl\/wp-json\/wp\/v2\/pages\/22945\/revisions"}],"predecessor-version":[{"id":23767,"href":"https:\/\/wydawnictwo.uksw.edu.pl\/pl\/wp-json\/wp\/v2\/pages\/22945\/revisions\/23767"}],"up":[{"embeddable":true,"href":"https:\/\/wydawnictwo.uksw.edu.pl\/pl\/wp-json\/wp\/v2\/pages\/22666"}],"wp:attachment":[{"href":"https:\/\/wydawnictwo.uksw.edu.pl\/pl\/wp-json\/wp\/v2\/media?parent=22945"}],"curies":[{"name":"wp","href":"https:\/\/api.w.org\/{rel}","templated":true}]}}