{"id":22948,"date":"2026-03-13T10:33:40","date_gmt":"2026-03-13T09:33:40","guid":{"rendered":"https:\/\/wydawnictwo.test.uksw.edu.pl\/?page_id=22948"},"modified":"2026-04-02T10:33:16","modified_gmt":"2026-04-02T08:33:16","slug":"umowy-i-prawa-autorskie","status":"publish","type":"page","link":"https:\/\/wydawnictwo.uksw.edu.pl\/dla-autorow\/umowy-i-prawa-autorskie\/","title":{"rendered":"Umowy i prawa autorskie"},"content":{"rendered":"\n<p>Wersja 1.0&nbsp; | Ostatnia aktualizacja: 2026-03-06<\/p>\n\n\n\n<p>Po pozytywnej decyzji wydawniczej Wydawnictwo zawiera z Autorem\/Redaktorem naukowym umow\u0119 okre\u015blaj\u0105c\u0105 warunki wydania, prawa i obowi\u0105zki stron oraz zasady udost\u0119pniania publikacji (druk\/ebook\/OA \u2013 je\u015bli dotyczy).<\/p>\n\n\n\n<hr class=\"wp-block-separator has-alpha-channel-opacity\" \/>\n\n\n\n<h6 class=\"wp-block-heading\">&nbsp;Prawa autorskie i materia\u0142y zewn\u0119trzne<\/h6>\n\n\n\n<p>Autor odpowiada za oryginalno\u015b\u0107 tekstu oraz za uzyskanie zg\u00f3d na wykorzystanie materia\u0142\u00f3w os\u00f3b trzecich (ilustracje, tabele, dane) i prawid\u0142owe oznaczenie \u017ar\u00f3de\u0142.<\/p>\n\n\n\n<hr class=\"wp-block-separator has-alpha-channel-opacity\" \/>\n\n\n\n<h6 class=\"wp-block-heading\">Open Access i licencje<\/h6>\n\n\n\n<p>W przypadku publikacji OA zasady licencji i udost\u0119pniania okre\u015bla umowa oraz polityka OA.<\/p>\n\n\n\n<p><a href=\"https:\/\/wydawnictwo.uksw.edu.pl\/standardy-i-polityki\/polityka-open-access-i-licencje\/\" data-type=\"link\" data-id=\"https:\/\/wydawnictwo.test.uksw.edu.pl\/standardy-i-polityki\/polityka-open-access-i-licencje\/\">Polityka Open Access i licencje<\/a><\/p>\n\n\n\n<hr class=\"wp-block-separator has-alpha-channel-opacity\" \/>\n\n\n\n<h6 class=\"wp-block-heading\">Dokumenty<\/h6>\n\n\n\n<div class=\"wp-block-file\"><a id=\"wp-block-file--media-0bb5bdfc-d2c5-45ca-93f6-e4b4f6f72edc\" href=\"https:\/\/wydawnictwo.uksw.edu.pl\/wp-content\/uploads\/sites\/81\/2026\/03\/Umowa-wydawnicza-z-Autorem.pdf\" target=\"_blank\" rel=\"noreferrer noopener\">Umowa wydawnicza z Autorem<\/a><a href=\"https:\/\/wydawnictwo.uksw.edu.pl\/wp-content\/uploads\/sites\/81\/2026\/03\/Umowa-wydawnicza-z-Autorem.pdf\" class=\"wp-block-file__button wp-element-button\" download aria-describedby=\"wp-block-file--media-0bb5bdfc-d2c5-45ca-93f6-e4b4f6f72edc\">Pobierz<\/a><\/div>\n\n\n\n<p><\/p>\n\n\n\n<div class=\"wp-block-file\"><a id=\"wp-block-file--media-f5fd1ddd-5a26-4675-97c0-43f2caf6e7fb\" href=\"https:\/\/wydawnictwo.uksw.edu.pl\/wp-content\/uploads\/sites\/81\/2026\/03\/Umowa-o-publikacje-artykulu-w-dziele-zbiorowym.pdf\" target=\"_blank\" rel=\"noreferrer noopener\">Umowa o publikacj\u0119 artyku\u0142u w dziele zbiorowym<\/a><a href=\"https:\/\/wydawnictwo.uksw.edu.pl\/wp-content\/uploads\/sites\/81\/2026\/03\/Umowa-o-publikacje-artykulu-w-dziele-zbiorowym.pdf\" class=\"wp-block-file__button wp-element-button\" download aria-describedby=\"wp-block-file--media-f5fd1ddd-5a26-4675-97c0-43f2caf6e7fb\">Pobierz<\/a><\/div>\n\n\n\n<p><\/p>\n\n\n\n<p><\/p>\n\n\n\n<p><\/p>\n","protected":false},"excerpt":{"rendered":"<p>Wersja 1.0&nbsp; | Ostatnia aktualizacja: 2026-03-06 Po pozytywnej decyzji wydawniczej Wydawnictwo zawiera z Autorem\/Redaktorem naukowym umow\u0119 okre\u015blaj\u0105c\u0105 warunki wydania, prawa i obowi\u0105zki stron oraz zasady udost\u0119pniania publikacji (druk\/ebook\/OA \u2013 je\u015bli dotyczy). &nbsp;Prawa autorskie i materia\u0142y zewn\u0119trzne Autor odpowiada za oryginalno\u015b\u0107 tekstu oraz za uzyskanie zg\u00f3d na wykorzystanie materia\u0142\u00f3w os\u00f3b trzecich (ilustracje, tabele, dane) i prawid\u0142owe [&hellip;]<\/p>\n","protected":false},"author":657,"featured_media":0,"parent":22666,"menu_order":0,"comment_status":"closed","ping_status":"closed","template":"page-templates\/template-sub-page.php","meta":{"_acf_changed":false,"inline_featured_image":false,"footnotes":"","_links_to":"","_links_to_target":""},"class_list":["post-22948","page","type-page","status-publish","hentry"],"acf":[],"_links":{"self":[{"href":"https:\/\/wydawnictwo.uksw.edu.pl\/pl\/wp-json\/wp\/v2\/pages\/22948","targetHints":{"allow":["GET"]}}],"collection":[{"href":"https:\/\/wydawnictwo.uksw.edu.pl\/pl\/wp-json\/wp\/v2\/pages"}],"about":[{"href":"https:\/\/wydawnictwo.uksw.edu.pl\/pl\/wp-json\/wp\/v2\/types\/page"}],"author":[{"embeddable":true,"href":"https:\/\/wydawnictwo.uksw.edu.pl\/pl\/wp-json\/wp\/v2\/users\/657"}],"replies":[{"embeddable":true,"href":"https:\/\/wydawnictwo.uksw.edu.pl\/pl\/wp-json\/wp\/v2\/comments?post=22948"}],"version-history":[{"count":7,"href":"https:\/\/wydawnictwo.uksw.edu.pl\/pl\/wp-json\/wp\/v2\/pages\/22948\/revisions"}],"predecessor-version":[{"id":23769,"href":"https:\/\/wydawnictwo.uksw.edu.pl\/pl\/wp-json\/wp\/v2\/pages\/22948\/revisions\/23769"}],"up":[{"embeddable":true,"href":"https:\/\/wydawnictwo.uksw.edu.pl\/pl\/wp-json\/wp\/v2\/pages\/22666"}],"wp:attachment":[{"href":"https:\/\/wydawnictwo.uksw.edu.pl\/pl\/wp-json\/wp\/v2\/media?parent=22948"}],"curies":[{"name":"wp","href":"https:\/\/api.w.org\/{rel}","templated":true}]}}