{"id":22951,"date":"2026-03-13T10:34:42","date_gmt":"2026-03-13T09:34:42","guid":{"rendered":"https:\/\/wydawnictwo.test.uksw.edu.pl\/?page_id=22951"},"modified":"2026-04-02T10:34:14","modified_gmt":"2026-04-02T08:34:14","slug":"harmonogram-wydawniczy","status":"publish","type":"page","link":"https:\/\/wydawnictwo.uksw.edu.pl\/dla-autorow\/harmonogram-wydawniczy\/","title":{"rendered":"Harmonogram wydawniczy"},"content":{"rendered":"\n<p>Wersja 1.0&nbsp; | Ostatnia aktualizacja: 2026-03-06<\/p>\n\n\n\n<p>Czas realizacji procesu wydawniczego zale\u017cy od kompletno\u015bci materia\u0142\u00f3w, przebiegu recenzji oraz zakresu wymaganych poprawek. Harmonogram obejmuje etapy: zg\u0142oszenie \u2192 weryfikacja \u2192 recenzje \u2192 poprawki \u2192 umowa \u2192 redakcja i korekta \u2192 sk\u0142ad \u2192 autoryzacja \u2192 publikacja.<\/p>\n\n\n\n<p>Wydawnictwo nie stosuje p\u0142atnych \u015bcie\u017cek przyspieszaj\u0105cych proces.<\/p>\n\n\n\n<p><a href=\"https:\/\/wydawnictwo.uksw.edu.pl\/standardy-i-polityki\/polityka-oplat-i-niezaleznosc\/\" data-type=\"link\" data-id=\"https:\/\/wydawnictwo.test.uksw.edu.pl\/standardy-i-polityki\/polityka-oplat-i-niezaleznosc\/\">Polityka op\u0142at i niezale\u017cno\u015b\u0107<\/a><\/p>\n\n\n\n<hr class=\"wp-block-separator has-alpha-channel-opacity\" \/>\n\n\n\n<h6 class=\"wp-block-heading\">Dokumenty<\/h6>\n\n\n\n<div class=\"wp-block-file\"><a id=\"wp-block-file--media-f0baac86-9c56-4b90-9100-32b14aa03767\" href=\"https:\/\/wydawnictwo.uksw.edu.pl\/wp-content\/uploads\/sites\/81\/2026\/03\/Harmonogram-wydawniczy-2026.pdf\" target=\"_blank\" rel=\"noreferrer noopener\">Harmonogram wydawniczy 2026<\/a><a href=\"https:\/\/wydawnictwo.uksw.edu.pl\/wp-content\/uploads\/sites\/81\/2026\/03\/Harmonogram-wydawniczy-2026.pdf\" class=\"wp-block-file__button wp-element-button\" download aria-describedby=\"wp-block-file--media-f0baac86-9c56-4b90-9100-32b14aa03767\">Pobierz<\/a><\/div>\n\n\n\n<p><\/p>\n","protected":false},"excerpt":{"rendered":"<p>Wersja 1.0&nbsp; | Ostatnia aktualizacja: 2026-03-06 Czas realizacji procesu wydawniczego zale\u017cy od kompletno\u015bci materia\u0142\u00f3w, przebiegu recenzji oraz zakresu wymaganych poprawek. Harmonogram obejmuje etapy: zg\u0142oszenie \u2192 weryfikacja \u2192 recenzje \u2192 poprawki \u2192 umowa \u2192 redakcja i korekta \u2192 sk\u0142ad \u2192 autoryzacja \u2192 publikacja. Wydawnictwo nie stosuje p\u0142atnych \u015bcie\u017cek przyspieszaj\u0105cych proces. Polityka op\u0142at i niezale\u017cno\u015b\u0107 Dokumenty<\/p>\n","protected":false},"author":657,"featured_media":0,"parent":22666,"menu_order":0,"comment_status":"closed","ping_status":"closed","template":"page-templates\/template-sub-page.php","meta":{"_acf_changed":false,"inline_featured_image":false,"footnotes":"","_links_to":"","_links_to_target":""},"class_list":["post-22951","page","type-page","status-publish","hentry"],"acf":[],"_links":{"self":[{"href":"https:\/\/wydawnictwo.uksw.edu.pl\/pl\/wp-json\/wp\/v2\/pages\/22951","targetHints":{"allow":["GET"]}}],"collection":[{"href":"https:\/\/wydawnictwo.uksw.edu.pl\/pl\/wp-json\/wp\/v2\/pages"}],"about":[{"href":"https:\/\/wydawnictwo.uksw.edu.pl\/pl\/wp-json\/wp\/v2\/types\/page"}],"author":[{"embeddable":true,"href":"https:\/\/wydawnictwo.uksw.edu.pl\/pl\/wp-json\/wp\/v2\/users\/657"}],"replies":[{"embeddable":true,"href":"https:\/\/wydawnictwo.uksw.edu.pl\/pl\/wp-json\/wp\/v2\/comments?post=22951"}],"version-history":[{"count":6,"href":"https:\/\/wydawnictwo.uksw.edu.pl\/pl\/wp-json\/wp\/v2\/pages\/22951\/revisions"}],"predecessor-version":[{"id":23770,"href":"https:\/\/wydawnictwo.uksw.edu.pl\/pl\/wp-json\/wp\/v2\/pages\/22951\/revisions\/23770"}],"up":[{"embeddable":true,"href":"https:\/\/wydawnictwo.uksw.edu.pl\/pl\/wp-json\/wp\/v2\/pages\/22666"}],"wp:attachment":[{"href":"https:\/\/wydawnictwo.uksw.edu.pl\/pl\/wp-json\/wp\/v2\/media?parent=22951"}],"curies":[{"name":"wp","href":"https:\/\/api.w.org\/{rel}","templated":true}]}}