{"id":22958,"date":"2026-03-13T10:43:08","date_gmt":"2026-03-13T09:43:08","guid":{"rendered":"https:\/\/wydawnictwo.test.uksw.edu.pl\/?page_id=22958"},"modified":"2026-04-02T11:12:07","modified_gmt":"2026-04-02T09:12:07","slug":"nowosci","status":"publish","type":"page","link":"https:\/\/wydawnictwo.uksw.edu.pl\/publikacje\/nowosci\/","title":{"rendered":"Nowo\u015bci"},"content":{"rendered":"\n<p>Wersja 1.0&nbsp; | Ostatnia aktualizacja: 2026-03-06<\/p>\n\n\n\n<p>Lista obejmuje ksi\u0105\u017cki wydane w ostatnich miesi\u0105cach oraz tytu\u0142y w\u0142a\u015bnie wprowadzone do dystrybucji (druk i e-book)<\/p>\n\n\n\n<h2 class=\"wp-block-heading\"><a href=\"https:\/\/ksiegarnia.uksw.edu.pl\/81-nowosci\" data-type=\"link\" data-id=\"https:\/\/wydawnictwo.uksw.edu.pl\/81-nowosci\">Nowo\u015bci wydawnicze<\/a><\/h2>\n","protected":false},"excerpt":{"rendered":"<p>Wersja 1.0&nbsp; | Ostatnia aktualizacja: 2026-03-06 Lista obejmuje ksi\u0105\u017cki wydane w ostatnich miesi\u0105cach oraz tytu\u0142y w\u0142a\u015bnie wprowadzone do dystrybucji (druk i e-book) Nowo\u015bci wydawnicze<\/p>\n","protected":false},"author":657,"featured_media":0,"parent":22668,"menu_order":0,"comment_status":"closed","ping_status":"closed","template":"page-templates\/template-sub-page.php","meta":{"_acf_changed":false,"inline_featured_image":false,"footnotes":"","_links_to":"","_links_to_target":""},"class_list":["post-22958","page","type-page","status-publish","hentry"],"acf":[],"_links":{"self":[{"href":"https:\/\/wydawnictwo.uksw.edu.pl\/pl\/wp-json\/wp\/v2\/pages\/22958","targetHints":{"allow":["GET"]}}],"collection":[{"href":"https:\/\/wydawnictwo.uksw.edu.pl\/pl\/wp-json\/wp\/v2\/pages"}],"about":[{"href":"https:\/\/wydawnictwo.uksw.edu.pl\/pl\/wp-json\/wp\/v2\/types\/page"}],"author":[{"embeddable":true,"href":"https:\/\/wydawnictwo.uksw.edu.pl\/pl\/wp-json\/wp\/v2\/users\/657"}],"replies":[{"embeddable":true,"href":"https:\/\/wydawnictwo.uksw.edu.pl\/pl\/wp-json\/wp\/v2\/comments?post=22958"}],"version-history":[{"count":8,"href":"https:\/\/wydawnictwo.uksw.edu.pl\/pl\/wp-json\/wp\/v2\/pages\/22958\/revisions"}],"predecessor-version":[{"id":23778,"href":"https:\/\/wydawnictwo.uksw.edu.pl\/pl\/wp-json\/wp\/v2\/pages\/22958\/revisions\/23778"}],"up":[{"embeddable":true,"href":"https:\/\/wydawnictwo.uksw.edu.pl\/pl\/wp-json\/wp\/v2\/pages\/22668"}],"wp:attachment":[{"href":"https:\/\/wydawnictwo.uksw.edu.pl\/pl\/wp-json\/wp\/v2\/media?parent=22958"}],"curies":[{"name":"wp","href":"https:\/\/api.w.org\/{rel}","templated":true}]}}