{"id":22967,"date":"2026-03-13T10:47:23","date_gmt":"2026-03-13T09:47:23","guid":{"rendered":"https:\/\/wydawnictwo.test.uksw.edu.pl\/?page_id=22967"},"modified":"2026-04-02T11:36:35","modified_gmt":"2026-04-02T09:36:35","slug":"licencje-i-uzytkowanie","status":"publish","type":"page","link":"https:\/\/wydawnictwo.uksw.edu.pl\/publikacje\/licencje-i-uzytkowanie\/","title":{"rendered":"Licencje i u\u017cytkowanie"},"content":{"rendered":"\n<h2 class=\"wp-block-heading\">E-booki w sprzeda\u017cy<\/h2>\n\n\n\n<p>Wersja 1.0&nbsp; | Ostatnia aktualizacja: 2026-03-09<\/p>\n\n\n\n<p>Zakup e-booka oznacza udzielenie licencji na korzystanie z pliku w zakresie prywatnym\/indywidualnym (np. odczyt na w\u0142asnych urz\u0105dzeniach), zgodnie z warunkami sprzeda\u017cy podanymi przy zakupie. Niedozwolone jest rozpowszechnianie pliku osobom trzecim lub publiczne udost\u0119pnianie w Internecie. <\/p>\n\n\n\n<p><a href=\"https:\/\/ksiegarnia.uksw.edu.pl\/65-e-booki\" data-type=\"link\" data-id=\"https:\/\/wydawnictwo.uksw.edu.pl\/65-e-booki\">Publikacje elektroniczne<\/a><\/p>\n\n\n\n<hr class=\"wp-block-separator has-alpha-channel-opacity\" \/>\n\n\n\n<h2 class=\"wp-block-heading\">E-booki Open Access<\/h2>\n\n\n\n<p>E-booki udost\u0119pnione w modelu <em>Open Access<\/em> mog\u0105 by\u0107 wykorzystywane zgodnie z licencj\u0105 wskazan\u0105 na karcie publikacji (np. <em>Creative Commons<\/em>).<\/p>\n\n\n\n<p><a href=\"https:\/\/wydawnictwo.uksw.edu.pl\/standardy-i-polityki\/polityka-open-access-i-licencje\/\" data-type=\"link\" data-id=\"https:\/\/wydawnictwo.test.uksw.edu.pl\/standardy-i-polityki\/polityka-open-access-i-licencje\/\">Polityka Open Access i licencje<\/a><\/p>\n\n\n\n<p><a href=\"https:\/\/wydawnictwo.uksw.edu.pl\/publikacje\/open-access-otwarty-dostep\/\" data-type=\"link\" data-id=\"https:\/\/wydawnictwo.test.uksw.edu.pl\/publikacje\/open-access-otwarty-dostep\/\">Open Access \/ Otwarty dost\u0119p<\/a><\/p>\n\n\n\n<hr class=\"wp-block-separator has-alpha-channel-opacity\" \/>\n\n\n\n<h2 class=\"wp-block-heading\">W razie w\u0105tpliwo\u015bci<\/h2>\n\n\n\n<p>Je\u017celi potrzebna jest zgoda na szersze wykorzystanie (np. fragmenty do publikacji, wi\u0119ksze cytaty, wykorzystanie grafik), prosimy o kontakt si\u0119 z Wydawnictwem: <a href=\"mailto:wydawnictwo@uksw.edu.pl\">wydawnictwo@uksw.edu.pl<\/a><\/p>\n","protected":false},"excerpt":{"rendered":"<p>E-booki w sprzeda\u017cy Wersja 1.0&nbsp; | Ostatnia aktualizacja: 2026-03-09 Zakup e-booka oznacza udzielenie licencji na korzystanie z pliku w zakresie prywatnym\/indywidualnym (np. odczyt na w\u0142asnych urz\u0105dzeniach), zgodnie z warunkami sprzeda\u017cy podanymi przy zakupie. Niedozwolone jest rozpowszechnianie pliku osobom trzecim lub publiczne udost\u0119pnianie w Internecie. Publikacje elektroniczne E-booki Open Access E-booki udost\u0119pnione w modelu Open Access [&hellip;]<\/p>\n","protected":false},"author":657,"featured_media":0,"parent":22668,"menu_order":0,"comment_status":"closed","ping_status":"closed","template":"page-templates\/template-sub-page.php","meta":{"_acf_changed":false,"inline_featured_image":false,"footnotes":"","_links_to":"","_links_to_target":""},"class_list":["post-22967","page","type-page","status-publish","hentry"],"acf":[],"_links":{"self":[{"href":"https:\/\/wydawnictwo.uksw.edu.pl\/pl\/wp-json\/wp\/v2\/pages\/22967","targetHints":{"allow":["GET"]}}],"collection":[{"href":"https:\/\/wydawnictwo.uksw.edu.pl\/pl\/wp-json\/wp\/v2\/pages"}],"about":[{"href":"https:\/\/wydawnictwo.uksw.edu.pl\/pl\/wp-json\/wp\/v2\/types\/page"}],"author":[{"embeddable":true,"href":"https:\/\/wydawnictwo.uksw.edu.pl\/pl\/wp-json\/wp\/v2\/users\/657"}],"replies":[{"embeddable":true,"href":"https:\/\/wydawnictwo.uksw.edu.pl\/pl\/wp-json\/wp\/v2\/comments?post=22967"}],"version-history":[{"count":9,"href":"https:\/\/wydawnictwo.uksw.edu.pl\/pl\/wp-json\/wp\/v2\/pages\/22967\/revisions"}],"predecessor-version":[{"id":23809,"href":"https:\/\/wydawnictwo.uksw.edu.pl\/pl\/wp-json\/wp\/v2\/pages\/22967\/revisions\/23809"}],"up":[{"embeddable":true,"href":"https:\/\/wydawnictwo.uksw.edu.pl\/pl\/wp-json\/wp\/v2\/pages\/22668"}],"wp:attachment":[{"href":"https:\/\/wydawnictwo.uksw.edu.pl\/pl\/wp-json\/wp\/v2\/media?parent=22967"}],"curies":[{"name":"wp","href":"https:\/\/api.w.org\/{rel}","templated":true}]}}