{"id":22970,"date":"2026-03-13T10:48:28","date_gmt":"2026-03-13T09:48:28","guid":{"rendered":"https:\/\/wydawnictwo.test.uksw.edu.pl\/?page_id=22970"},"modified":"2026-04-02T11:39:38","modified_gmt":"2026-04-02T09:39:38","slug":"dla-bibliotek-i-instytucji","status":"publish","type":"page","link":"https:\/\/wydawnictwo.uksw.edu.pl\/publikacje\/dla-bibliotek-i-instytucji\/","title":{"rendered":"Dla bibliotek i instytucji"},"content":{"rendered":"\n<p>Wersja 1.0&nbsp; | Ostatnia aktualizacja: 2026-03-09<\/p>\n\n\n\n<p>Wydawnictwo&nbsp; wsp\u00f3\u0142pracuje z bibliotekami i instytucjami w zakresie zakupu publikacji oraz udost\u0119pniania e-book\u00f3w.<\/p>\n\n\n\n<h2 class=\"wp-block-heading\">Dost\u0119p instytucjonalny \/ dystrybucja<\/h2>\n\n\n\n<p>Ksi\u0105\u017cki Wydawnictwa s\u0105 dost\u0119pne zar\u00f3wno bezpo\u015brednio na stronie wydawnictwa, jak i w du\u017cych platformach e\u2011bookowych oraz ksi\u0119garniach internetowych. Najszersz\u0105 i najbardziej aktualn\u0105 ofert\u0119 zapewnia oficjalny sklep Wydawnictwa Naukowego UKSW. E-booki mog\u0105 by\u0107 dost\u0119pne poprzez platformy: IBUK Libra, Virtualo, Empik.go.<\/p>\n\n\n\n<hr class=\"wp-block-separator has-alpha-channel-opacity\" \/>\n\n\n\n<h2 class=\"wp-block-heading\">Metadane<\/h2>\n\n\n\n<p>Na \u017cyczenie udost\u0119pniamy podstawowe metadane bibliograficzne publikacji (ISBN, autorzy, tytu\u0142, rok, serie, s\u0142owa kluczowe).<\/p>\n\n\n\n<hr class=\"wp-block-separator has-alpha-channel-opacity\" \/>\n\n\n\n<h2 class=\"wp-block-heading\">Open Access<\/h2>\n\n\n\n<p>Publikacje OA s\u0105 dost\u0119pne bez op\u0142at licencyjnych \u2013 zgodnie z licencj\u0105 wskazan\u0105 przy danej publikacji. <\/p>\n\n\n\n<p><a href=\"https:\/\/wydawnictwo.uksw.edu.pl\/publikacje\/open-access-otwarty-dostep\/\" data-type=\"link\" data-id=\"https:\/\/wydawnictwo.test.uksw.edu.pl\/publikacje\/open-access-otwarty-dostep\/\">Open Access \/ Otwarty dost\u0119p <\/a><\/p>\n\n\n\n<hr class=\"wp-block-separator has-alpha-channel-opacity\" \/>\n\n\n\n<p>W sprawach wsp\u00f3\u0142pracy instytucjonalnej prosimy o kontakt: <a href=\"mailto:wydawnictwo@uksw.edu.pl\">wydawnictwo@uksw.edu.pl<\/a><\/p>\n","protected":false},"excerpt":{"rendered":"<p>Wersja 1.0&nbsp; | Ostatnia aktualizacja: 2026-03-09 Wydawnictwo&nbsp; wsp\u00f3\u0142pracuje z bibliotekami i instytucjami w zakresie zakupu publikacji oraz udost\u0119pniania e-book\u00f3w. Dost\u0119p instytucjonalny \/ dystrybucja Ksi\u0105\u017cki Wydawnictwa s\u0105 dost\u0119pne zar\u00f3wno bezpo\u015brednio na stronie wydawnictwa, jak i w du\u017cych platformach e\u2011bookowych oraz ksi\u0119garniach internetowych. Najszersz\u0105 i najbardziej aktualn\u0105 ofert\u0119 zapewnia oficjalny sklep Wydawnictwa Naukowego UKSW. E-booki mog\u0105 by\u0107 [&hellip;]<\/p>\n","protected":false},"author":657,"featured_media":0,"parent":22668,"menu_order":0,"comment_status":"closed","ping_status":"closed","template":"page-templates\/template-sub-page.php","meta":{"_acf_changed":false,"inline_featured_image":false,"footnotes":"","_links_to":"","_links_to_target":""},"class_list":["post-22970","page","type-page","status-publish","hentry"],"acf":[],"_links":{"self":[{"href":"https:\/\/wydawnictwo.uksw.edu.pl\/pl\/wp-json\/wp\/v2\/pages\/22970","targetHints":{"allow":["GET"]}}],"collection":[{"href":"https:\/\/wydawnictwo.uksw.edu.pl\/pl\/wp-json\/wp\/v2\/pages"}],"about":[{"href":"https:\/\/wydawnictwo.uksw.edu.pl\/pl\/wp-json\/wp\/v2\/types\/page"}],"author":[{"embeddable":true,"href":"https:\/\/wydawnictwo.uksw.edu.pl\/pl\/wp-json\/wp\/v2\/users\/657"}],"replies":[{"embeddable":true,"href":"https:\/\/wydawnictwo.uksw.edu.pl\/pl\/wp-json\/wp\/v2\/comments?post=22970"}],"version-history":[{"count":6,"href":"https:\/\/wydawnictwo.uksw.edu.pl\/pl\/wp-json\/wp\/v2\/pages\/22970\/revisions"}],"predecessor-version":[{"id":23811,"href":"https:\/\/wydawnictwo.uksw.edu.pl\/pl\/wp-json\/wp\/v2\/pages\/22970\/revisions\/23811"}],"up":[{"embeddable":true,"href":"https:\/\/wydawnictwo.uksw.edu.pl\/pl\/wp-json\/wp\/v2\/pages\/22668"}],"wp:attachment":[{"href":"https:\/\/wydawnictwo.uksw.edu.pl\/pl\/wp-json\/wp\/v2\/media?parent=22970"}],"curies":[{"name":"wp","href":"https:\/\/api.w.org\/{rel}","templated":true}]}}