{"id":22973,"date":"2026-03-13T10:49:37","date_gmt":"2026-03-13T09:49:37","guid":{"rendered":"https:\/\/wydawnictwo.test.uksw.edu.pl\/?page_id=22973"},"modified":"2026-04-02T11:41:31","modified_gmt":"2026-04-02T09:41:31","slug":"pomoc-techniczna-faq","status":"publish","type":"page","link":"https:\/\/wydawnictwo.uksw.edu.pl\/publikacje\/pomoc-techniczna-faq\/","title":{"rendered":"Pomoc techniczna \/ FAQ"},"content":{"rendered":"\n<p>Wersja 1.0&nbsp; | Ostatnia aktualizacja: 2026-03-09<\/p>\n\n\n\n<p>W razie problem\u00f3w z pobraniem lub otwarciem e-booka skontaktuj si\u0119 z nami: wydawnictwo@uksw.edu.pl. W zg\u0142oszeniu podaj tytu\u0142 publikacji, dat\u0119 zakupu oraz opis problemu.<\/p>\n\n\n\n<h2 class=\"wp-block-heading\">Najcz\u0119stsze pytania<\/h2>\n\n\n\n<p><em>Nie mog\u0119 otworzy\u0107 pliku. Co zrobi\u0107?<\/em><\/p>\n\n\n\n<p>Sprawd\u017a, czy u\u017cywasz aktualnej aplikacji obs\u0142uguj\u0105cej dany format. Je\u015bli problem trwa, napisz do Wydawnictwa.<\/p>\n\n\n\n<hr class=\"wp-block-separator has-alpha-channel-opacity\" \/>\n\n\n\n<p><em>Czy mog\u0119 czyta\u0107 e-book na kilku urz\u0105dzeniach?<\/em><\/p>\n\n\n\n<p>Zale\u017cy od warunk\u00f3w licencji\/zakupu i ewentualnych zabezpiecze\u0144 \u2013 informacja jest podana na karcie publikacji.<\/p>\n\n\n\n<hr class=\"wp-block-separator has-alpha-channel-opacity\" \/>\n\n\n\n<p><em>Czy mog\u0119 wydrukowa\u0107 e-book?<\/em><\/p>\n\n\n\n<p>Zale\u017cy od formatu i warunk\u00f3w licencyjnych. W przypadku publikacji Open Access obowi\u0105zuje licencja wskazana przy publikacji.<\/p>\n\n\n\n<hr class=\"wp-block-separator has-alpha-channel-opacity\" \/>\n\n\n\n<p><em>Pobra\u0142em plik, ale jest uszkodzony.<\/em><\/p>\n\n\n\n<p>Napisz do Wydawnictwa \u2013 prze\u015blemy instrukcj\u0119 lub nowy plik, je\u015bli to mo\u017cliwe.<\/p>\n","protected":false},"excerpt":{"rendered":"<p>Wersja 1.0&nbsp; | Ostatnia aktualizacja: 2026-03-09 W razie problem\u00f3w z pobraniem lub otwarciem e-booka skontaktuj si\u0119 z nami: wydawnictwo@uksw.edu.pl. W zg\u0142oszeniu podaj tytu\u0142 publikacji, dat\u0119 zakupu oraz opis problemu. Najcz\u0119stsze pytania Nie mog\u0119 otworzy\u0107 pliku. Co zrobi\u0107? Sprawd\u017a, czy u\u017cywasz aktualnej aplikacji obs\u0142uguj\u0105cej dany format. Je\u015bli problem trwa, napisz do Wydawnictwa. Czy mog\u0119 czyta\u0107 e-book [&hellip;]<\/p>\n","protected":false},"author":657,"featured_media":0,"parent":22668,"menu_order":0,"comment_status":"closed","ping_status":"closed","template":"page-templates\/template-sub-page.php","meta":{"_acf_changed":false,"inline_featured_image":false,"footnotes":"","_links_to":"","_links_to_target":""},"class_list":["post-22973","page","type-page","status-publish","hentry"],"acf":[],"_links":{"self":[{"href":"https:\/\/wydawnictwo.uksw.edu.pl\/pl\/wp-json\/wp\/v2\/pages\/22973","targetHints":{"allow":["GET"]}}],"collection":[{"href":"https:\/\/wydawnictwo.uksw.edu.pl\/pl\/wp-json\/wp\/v2\/pages"}],"about":[{"href":"https:\/\/wydawnictwo.uksw.edu.pl\/pl\/wp-json\/wp\/v2\/types\/page"}],"author":[{"embeddable":true,"href":"https:\/\/wydawnictwo.uksw.edu.pl\/pl\/wp-json\/wp\/v2\/users\/657"}],"replies":[{"embeddable":true,"href":"https:\/\/wydawnictwo.uksw.edu.pl\/pl\/wp-json\/wp\/v2\/comments?post=22973"}],"version-history":[{"count":6,"href":"https:\/\/wydawnictwo.uksw.edu.pl\/pl\/wp-json\/wp\/v2\/pages\/22973\/revisions"}],"predecessor-version":[{"id":23812,"href":"https:\/\/wydawnictwo.uksw.edu.pl\/pl\/wp-json\/wp\/v2\/pages\/22973\/revisions\/23812"}],"up":[{"embeddable":true,"href":"https:\/\/wydawnictwo.uksw.edu.pl\/pl\/wp-json\/wp\/v2\/pages\/22668"}],"wp:attachment":[{"href":"https:\/\/wydawnictwo.uksw.edu.pl\/pl\/wp-json\/wp\/v2\/media?parent=22973"}],"curies":[{"name":"wp","href":"https:\/\/api.w.org\/{rel}","templated":true}]}}