{"id":22998,"date":"2026-03-13T11:19:51","date_gmt":"2026-03-13T10:19:51","guid":{"rendered":"https:\/\/wydawnictwo.test.uksw.edu.pl\/?page_id=22998"},"modified":"2026-03-30T11:08:18","modified_gmt":"2026-03-30T09:08:18","slug":"punkty-spzedazy","status":"publish","type":"page","link":"https:\/\/wydawnictwo.uksw.edu.pl\/ksiegarnia\/punkty-spzedazy\/","title":{"rendered":"Punkty sprzeda\u017cy"},"content":{"rendered":"\n<h2 class=\"wp-block-heading\">Ksi\u0119garnia Uniwersytecka (punkt stacjonarny)<\/h2>\n\n\n\n<p>Wersja 1.0\u00a0 | Ostatnia aktualizacja: 2026-03-09<\/p>\n\n\n\n<p>Adres: ul. Dewajtis 5, 01-815 Warszawa (domek nr 2)<br>Godziny otwarcia: pn.\u2013pt. 9:00\u201314:30<br>Kontakt: 22&nbsp;561 89 23<\/p>\n\n\n\n<hr class=\"wp-block-separator has-alpha-channel-opacity\" \/>\n\n\n\n<p><\/p>\n\n\n\n<h2 class=\"wp-block-heading\">Inne kana\u0142y sprzeda\u017cy<\/h2>\n\n\n\n<h6 class=\"wp-block-heading\">Publikacje mog\u0105 by\u0107 dost\u0119pne r\u00f3wnie\u017c u partner\u00f3w dystrybucyjnych:<\/h6>\n\n\n\n<ul class=\"wp-block-list\">\n<li><a href=\"https:\/\/arspolona.com.pl\/\" data-type=\"link\" data-id=\"https:\/\/arspolona.com.pl\/\">Ars Polona<\/a><\/li>\n\n\n\n<li><a href=\"https:\/\/www.naukowa.pl\" data-type=\"link\" data-id=\"https:\/\/www.naukowa.pl\">Iuris Prudentia<\/a><\/li>\n\n\n\n<li><a href=\"https:\/\/akademicka.com.pl\" data-type=\"link\" data-id=\"https:\/\/akademicka.com.pl\">Ksi\u0119garnia Akademicka<\/a><\/li>\n\n\n\n<li><a href=\"https:\/\/24naukowa.com.pl\" data-type=\"link\" data-id=\"https:\/\/24naukowa.com.pl\">Ksi\u0119garnia Ekonomiczna Kazimierz Leki Sp. z o.o.<\/a><\/li>\n\n\n\n<li><a href=\"https:\/\/szaron.pl\" data-type=\"link\" data-id=\"https:\/\/szaron.pl\">Ksi\u0119garnia KMT Leszek Pieczka<\/a><\/li>\n\n\n\n<li><a href=\"https:\/\/lexicon-books.pl\" data-type=\"link\" data-id=\"https:\/\/lexicon-books.pl\">Lexicon<\/a><\/li>\n\n\n\n<li><a href=\"https:\/\/www.ksiegarnialiber.eu\/\" data-type=\"link\" data-id=\"https:\/\/www.ksiegarnialiber.eu\/\">Liber Ksi\u0119garnia<\/a><\/li>\n\n\n\n<li><a href=\"https:\/\/stara-szuflada.pl\" data-type=\"link\" data-id=\"https:\/\/stara-szuflada.pl\">Stara Szuflada<\/a><\/li>\n<\/ul>\n\n\n\n<pre class=\"wp-block-code\"><code><\/code><\/pre>\n\n\n\n<hr class=\"wp-block-separator has-alpha-channel-opacity\" \/>\n\n\n\n<p><\/p>\n\n\n\n<h6 class=\"wp-block-heading\">Niekt\u00f3re publikacje Wydawnictwa s\u0105 dost\u0119pne r\u00f3wnie\u017c na platformach:<\/h6>\n\n\n\n<ul class=\"wp-block-list\">\n<li><a href=\"https:\/\/libra.ibuk.pl\/szukaj?q=uksw&amp;_tab=ksiazki-w-moich-bibliotekach\" data-type=\"link\" data-id=\"https:\/\/libra.ibuk.pl\/szukaj?q=uksw&amp;_tab=ksiazki-w-moich-bibliotekach\">IBUK Libra<\/a> <\/li>\n\n\n\n<li><a href=\"https:\/\/virtualo.pl\/wydawnictwo-naukowe-uksw-p335176\/?srsltid=AfmBOooAbXzYw8uvZxfDMY0OXmjtt0UszpGUBUj3Iyq7GwORb32-G-7C\" data-type=\"link\" data-id=\"https:\/\/virtualo.pl\/wydawnictwo-naukowe-uksw-p335176\/?srsltid=AfmBOooAbXzYw8uvZxfDMY0OXmjtt0UszpGUBUj3Iyq7GwORb32-G-7C\">Virtualo<\/a><\/li>\n\n\n\n<li><a href=\"https:\/\/sip.lex.pl\/#\/\" data-type=\"link\" data-id=\"https:\/\/sip.lex.pl\/#\/\">LEX<\/a><\/li>\n<\/ul>\n\n\n\n<p><\/p>\n","protected":false},"excerpt":{"rendered":"<p>Ksi\u0119garnia Uniwersytecka (punkt stacjonarny) Wersja 1.0\u00a0 | Ostatnia aktualizacja: 2026-03-09 Adres: ul. Dewajtis 5, 01-815 Warszawa (domek nr 2)Godziny otwarcia: pn.\u2013pt. 9:00\u201314:30Kontakt: 22&nbsp;561 89 23 Inne kana\u0142y sprzeda\u017cy Publikacje mog\u0105 by\u0107 dost\u0119pne r\u00f3wnie\u017c u partner\u00f3w dystrybucyjnych: Niekt\u00f3re publikacje Wydawnictwa s\u0105 dost\u0119pne r\u00f3wnie\u017c na platformach:<\/p>\n","protected":false},"author":657,"featured_media":0,"parent":22680,"menu_order":0,"comment_status":"closed","ping_status":"closed","template":"page-templates\/template-sub-page.php","meta":{"_acf_changed":false,"inline_featured_image":false,"footnotes":"","_links_to":"","_links_to_target":""},"class_list":["post-22998","page","type-page","status-publish","hentry"],"acf":[],"_links":{"self":[{"href":"https:\/\/wydawnictwo.uksw.edu.pl\/pl\/wp-json\/wp\/v2\/pages\/22998","targetHints":{"allow":["GET"]}}],"collection":[{"href":"https:\/\/wydawnictwo.uksw.edu.pl\/pl\/wp-json\/wp\/v2\/pages"}],"about":[{"href":"https:\/\/wydawnictwo.uksw.edu.pl\/pl\/wp-json\/wp\/v2\/types\/page"}],"author":[{"embeddable":true,"href":"https:\/\/wydawnictwo.uksw.edu.pl\/pl\/wp-json\/wp\/v2\/users\/657"}],"replies":[{"embeddable":true,"href":"https:\/\/wydawnictwo.uksw.edu.pl\/pl\/wp-json\/wp\/v2\/comments?post=22998"}],"version-history":[{"count":19,"href":"https:\/\/wydawnictwo.uksw.edu.pl\/pl\/wp-json\/wp\/v2\/pages\/22998\/revisions"}],"predecessor-version":[{"id":23640,"href":"https:\/\/wydawnictwo.uksw.edu.pl\/pl\/wp-json\/wp\/v2\/pages\/22998\/revisions\/23640"}],"up":[{"embeddable":true,"href":"https:\/\/wydawnictwo.uksw.edu.pl\/pl\/wp-json\/wp\/v2\/pages\/22680"}],"wp:attachment":[{"href":"https:\/\/wydawnictwo.uksw.edu.pl\/pl\/wp-json\/wp\/v2\/media?parent=22998"}],"curies":[{"name":"wp","href":"https:\/\/api.w.org\/{rel}","templated":true}]}}