{"id":23002,"date":"2026-03-13T11:21:28","date_gmt":"2026-03-13T10:21:28","guid":{"rendered":"https:\/\/wydawnictwo.test.uksw.edu.pl\/?page_id=23002"},"modified":"2026-04-02T11:45:47","modified_gmt":"2026-04-02T09:45:47","slug":"dostawa-i-zwroty","status":"publish","type":"page","link":"https:\/\/wydawnictwo.uksw.edu.pl\/ksiegarnia\/dostawa-i-zwroty\/","title":{"rendered":"Dostawa i zwroty"},"content":{"rendered":"\n<h2 class=\"wp-block-heading\">Dostawa<\/h2>\n\n\n\n<p>Wersja 1.0&nbsp; | Ostatnia aktualizacja: 2026-03-09<\/p>\n\n\n\n<p>Zam\u00f3wienia realizujemy w dni robocze. Dost\u0119pne formy dostawy: kurier \/ przesy\u0142ka Poczt\u0105 Polsk\u0105 \/ odbi\u00f3r osobisty. Koszt dostawy i przewidywany czas realizacji s\u0105 podawane w trakcie sk\u0142adania zam\u00f3wienia w sklepie online.<\/p>\n\n\n\n<h6 class=\"wp-block-heading\">Opcje dostawy zam\u00f3wionych towar\u00f3w<\/h6>\n\n\n\n<p>Zam\u00f3wienia realizujemy po wp\u0142acie na konto: 53 1090 2835 0000 0001 2952 3085<\/p>\n\n\n\n<h6 class=\"wp-block-heading\">Przesy\u0142ka na terytorium Polski<\/h6>\n\n\n\n<ul class=\"wp-block-list\">\n<li>za po\u015brednictwem Poczty Polskiej 9,90 z\u0142 przy zam\u00f3wieniu nieprzekraczaj\u0105cym 250 z\u0142<\/li>\n\n\n\n<li>przesy\u0142ka kurierska 18,90 z\u0142<\/li>\n<\/ul>\n\n\n\n<p>Zam\u00f3wienia powy\u017cej 250 z\u0142 realizowane s\u0105 bez koszt\u00f3w wysy\u0142ki.<\/p>\n\n\n\n<h6 class=\"wp-block-heading\">Przesy\u0142ka zagraniczna<\/h6>\n\n\n\n<ul class=\"wp-block-list\">\n<li>za po\u015brednictwem Poczty Polskiej &#8211; wysy\u0142ka wed\u0142ug aktualnego cennika<\/li>\n<\/ul>\n\n\n\n<p>Termin i cena ustalane indywidualnie \/ Price and date determined individually &#8211; prosimy o kontakt z ksi\u0119garni\u0105.<\/p>\n\n\n\n<h6 class=\"wp-block-heading\">Odbi\u00f3r osobisty<\/h6>\n\n\n\n<p>Bezp\u0142atny odbi\u00f3r osobisty<br>ul. Dewajtis 5 w Warszawie (domek nr 2)<br>pn. &#8211; pt. godz. 9.00-14.30<br>tel. 22 561 89 23 (wew. 323)<\/p>\n\n\n\n<p><\/p>\n\n\n\n<hr class=\"wp-block-separator has-alpha-channel-opacity\" \/>\n\n\n\n<h2 class=\"wp-block-heading\">Zwroty (ksi\u0105\u017cki drukowane)<\/h2>\n\n\n\n<p>Zwrotu mo\u017cna dokona\u0107 na zasadach okre\u015blonych w regulaminie zakup\u00f3w. Aby zwr\u00f3ci\u0107 ksi\u0105\u017ck\u0119 nale\u017cy:<\/p>\n\n\n\n<ul class=\"wp-block-list\">\n<li>skontaktowa\u0107 si\u0119 z ksi\u0119garni\u0105,<\/li>\n\n\n\n<li>poda\u0107 numer zam\u00f3wienia i tytu\u0142 publikacji,<\/li>\n\n\n\n<li>odes\u0142a\u0107 towar w stanie niepogorszonym,<\/li>\n\n\n\n<li>po przyj\u0119ciu zwrotu nast\u0105pi rozliczenie zgodnie z regulaminem.<\/li>\n<\/ul>\n\n\n\n<hr class=\"wp-block-separator has-alpha-channel-opacity\" \/>\n\n\n\n<h2 class=\"wp-block-heading\">Reklamacje<\/h2>\n\n\n\n<p>Je\u015bli przesy\u0142ka jest uszkodzona lub zawiera b\u0142\u0119dy, nale\u017cy zg\u0142osi\u0107 reklamacj\u0119, podaj\u0105c numer zam\u00f3wienia i opis problemu.<\/p>\n\n\n\n<hr class=\"wp-block-separator has-alpha-channel-opacity\" \/>\n\n\n\n<h2 class=\"wp-block-heading\">E-booki<\/h2>\n\n\n\n<p>Zasady dotycz\u0105ce e-book\u00f3w (formaty, licencje, wsparcie) zosta\u0142y opisane w sekcji: <strong>Licencje i u\u017cytkowanie<\/strong><\/p>\n\n\n\n<h6 class=\"wp-block-heading\"><a href=\"https:\/\/wydawnictwo.uksw.edu.pl\/ksiegarnia\/regulamin-zakupow\/\" data-type=\"link\" data-id=\"https:\/\/wydawnictwo.test.uksw.edu.pl\/ksiegarnia\/regulamin-zakupow\/\">Regulamin zakup\u00f3w<\/a><\/h6>\n\n\n\n<p><\/p>\n\n\n\n<h6 class=\"wp-block-heading\"><a href=\"https:\/\/wydawnictwo.uksw.edu.pl\/ksiegarnia\/kontakt\/\" data-type=\"link\" data-id=\"https:\/\/wydawnictwo.test.uksw.edu.pl\/ksiegarnia\/kontakt\/\">Kontakt do ksi\u0119garni<\/a><\/h6>\n\n\n\n<p><\/p>\n","protected":false},"excerpt":{"rendered":"<p>Dostawa Wersja 1.0&nbsp; | Ostatnia aktualizacja: 2026-03-09 Zam\u00f3wienia realizujemy w dni robocze. Dost\u0119pne formy dostawy: kurier \/ przesy\u0142ka Poczt\u0105 Polsk\u0105 \/ odbi\u00f3r osobisty. Koszt dostawy i przewidywany czas realizacji s\u0105 podawane w trakcie sk\u0142adania zam\u00f3wienia w sklepie online. Opcje dostawy zam\u00f3wionych towar\u00f3w Zam\u00f3wienia realizujemy po wp\u0142acie na konto: 53 1090 2835 0000 0001 2952 3085 [&hellip;]<\/p>\n","protected":false},"author":657,"featured_media":0,"parent":22680,"menu_order":0,"comment_status":"closed","ping_status":"closed","template":"page-templates\/template-sub-page.php","meta":{"_acf_changed":false,"inline_featured_image":false,"footnotes":"","_links_to":"","_links_to_target":""},"class_list":["post-23002","page","type-page","status-publish","hentry"],"acf":[],"_links":{"self":[{"href":"https:\/\/wydawnictwo.uksw.edu.pl\/pl\/wp-json\/wp\/v2\/pages\/23002","targetHints":{"allow":["GET"]}}],"collection":[{"href":"https:\/\/wydawnictwo.uksw.edu.pl\/pl\/wp-json\/wp\/v2\/pages"}],"about":[{"href":"https:\/\/wydawnictwo.uksw.edu.pl\/pl\/wp-json\/wp\/v2\/types\/page"}],"author":[{"embeddable":true,"href":"https:\/\/wydawnictwo.uksw.edu.pl\/pl\/wp-json\/wp\/v2\/users\/657"}],"replies":[{"embeddable":true,"href":"https:\/\/wydawnictwo.uksw.edu.pl\/pl\/wp-json\/wp\/v2\/comments?post=23002"}],"version-history":[{"count":14,"href":"https:\/\/wydawnictwo.uksw.edu.pl\/pl\/wp-json\/wp\/v2\/pages\/23002\/revisions"}],"predecessor-version":[{"id":23816,"href":"https:\/\/wydawnictwo.uksw.edu.pl\/pl\/wp-json\/wp\/v2\/pages\/23002\/revisions\/23816"}],"up":[{"embeddable":true,"href":"https:\/\/wydawnictwo.uksw.edu.pl\/pl\/wp-json\/wp\/v2\/pages\/22680"}],"wp:attachment":[{"href":"https:\/\/wydawnictwo.uksw.edu.pl\/pl\/wp-json\/wp\/v2\/media?parent=23002"}],"curies":[{"name":"wp","href":"https:\/\/api.w.org\/{rel}","templated":true}]}}