{"id":23008,"date":"2026-03-13T11:23:27","date_gmt":"2026-03-13T10:23:27","guid":{"rendered":"https:\/\/wydawnictwo.test.uksw.edu.pl\/?page_id=23008"},"modified":"2026-03-30T11:13:26","modified_gmt":"2026-03-30T09:13:26","slug":"kontakt","status":"publish","type":"page","link":"https:\/\/wydawnictwo.uksw.edu.pl\/ksiegarnia\/kontakt\/","title":{"rendered":"Kontakt do ksi\u0119garni"},"content":{"rendered":"\n<p>Wersja 1.0\u00a0 | Ostatnia aktualizacja: 2026-03-09<\/p>\n\n\n\n<h3 class=\"wp-block-heading\">Dane kontaktowe<\/h3>\n\n\n\n<p>Ksi\u0119garnia Wydawnictwa Naukowego UKSW<\/p>\n\n\n\n<p>Adres: ul. Dewajtis 5, 01-815 Warszawa (domek nr 2)<\/p>\n\n\n\n<p>Godziny otwarcia: pn.\u2013pt. 9:00\u201314:30<\/p>\n\n\n\n<p>Telefon: 22&nbsp;561 89 23<\/p>\n\n\n\n<p>E-mail: <a href=\"mailto:j.kuczmanska@uksw.edu.pl\">j.kuczmanska@uksw.edu.pl<\/a><\/p>\n\n\n\n<figure class=\"wp-block-gallery has-nested-images columns-default is-cropped wp-block-gallery-1 is-layout-flex wp-block-gallery-is-layout-flex\">\n<figure class=\"wp-block-image size-large is-style-default\"><img loading=\"lazy\" decoding=\"async\" width=\"1024\" height=\"768\" data-id=\"23068\" src=\"https:\/\/wydawnictwo.test.uksw.edu.pl\/wp-content\/uploads\/sites\/81\/2026\/03\/Domek-nr-2_Kampus-UKSW_Dewajtis_Warszawa-1024x768.jpg\" alt=\"Zdj\u0119cie przedstawia siedzib\u0119 Ksi\u0119garni Uniwersyteckiej na Kampusie UKSW przy ul. Dewajtis w Warszawie \" class=\"wp-image-23068\" srcset=\"https:\/\/wydawnictwo.uksw.edu.pl\/wp-content\/uploads\/sites\/81\/2026\/03\/Domek-nr-2_Kampus-UKSW_Dewajtis_Warszawa-1024x768.jpg 1024w, https:\/\/wydawnictwo.uksw.edu.pl\/wp-content\/uploads\/sites\/81\/2026\/03\/Domek-nr-2_Kampus-UKSW_Dewajtis_Warszawa-300x225.jpg 300w, https:\/\/wydawnictwo.uksw.edu.pl\/wp-content\/uploads\/sites\/81\/2026\/03\/Domek-nr-2_Kampus-UKSW_Dewajtis_Warszawa-768x576.jpg 768w, https:\/\/wydawnictwo.uksw.edu.pl\/wp-content\/uploads\/sites\/81\/2026\/03\/Domek-nr-2_Kampus-UKSW_Dewajtis_Warszawa-1536x1152.jpg 1536w, https:\/\/wydawnictwo.uksw.edu.pl\/wp-content\/uploads\/sites\/81\/2026\/03\/Domek-nr-2_Kampus-UKSW_Dewajtis_Warszawa-2048x1536.jpg 2048w\" sizes=\"auto, (max-width: 1024px) 100vw, 1024px\" \/><\/figure>\n\n\n\n<figure class=\"wp-block-image size-large\"><img loading=\"lazy\" decoding=\"async\" width=\"1024\" height=\"576\" data-id=\"23069\" src=\"https:\/\/wydawnictwo.test.uksw.edu.pl\/wp-content\/uploads\/sites\/81\/2026\/03\/Domek-nr-2_stolik-z-ksiazkami-przed-wejsciem-do-ksiegarni-1024x576.jpg\" alt=\"Stolik z ksi\u0105\u017ckami przed wej\u015bciem do Ksi\u0119garni Uniwersyteckiej na Kampusie UKSW przy ul. Dewajtis w Warszawie \" class=\"wp-image-23069\" srcset=\"https:\/\/wydawnictwo.uksw.edu.pl\/wp-content\/uploads\/sites\/81\/2026\/03\/Domek-nr-2_stolik-z-ksiazkami-przed-wejsciem-do-ksiegarni-1024x576.jpg 1024w, https:\/\/wydawnictwo.uksw.edu.pl\/wp-content\/uploads\/sites\/81\/2026\/03\/Domek-nr-2_stolik-z-ksiazkami-przed-wejsciem-do-ksiegarni-300x169.jpg 300w, https:\/\/wydawnictwo.uksw.edu.pl\/wp-content\/uploads\/sites\/81\/2026\/03\/Domek-nr-2_stolik-z-ksiazkami-przed-wejsciem-do-ksiegarni-768x432.jpg 768w, https:\/\/wydawnictwo.uksw.edu.pl\/wp-content\/uploads\/sites\/81\/2026\/03\/Domek-nr-2_stolik-z-ksiazkami-przed-wejsciem-do-ksiegarni-1536x864.jpg 1536w, https:\/\/wydawnictwo.uksw.edu.pl\/wp-content\/uploads\/sites\/81\/2026\/03\/Domek-nr-2_stolik-z-ksiazkami-przed-wejsciem-do-ksiegarni-2048x1152.jpg 2048w\" sizes=\"auto, (max-width: 1024px) 100vw, 1024px\" \/><\/figure>\n\n\n\n<figure class=\"wp-block-image size-large\"><img loading=\"lazy\" decoding=\"async\" width=\"1024\" height=\"768\" data-id=\"23070\" src=\"https:\/\/wydawnictwo.test.uksw.edu.pl\/wp-content\/uploads\/sites\/81\/2026\/03\/Domek-nr-2_Wejscie-do-ksiegarni-UKSW-1024x768.jpg\" alt=\"Wej\u015bcie do Ksi\u0119garni Uniwersyteckiej na Kampusie UKSW przy ul. Dewajtis w Warszawie \" class=\"wp-image-23070\" srcset=\"https:\/\/wydawnictwo.uksw.edu.pl\/wp-content\/uploads\/sites\/81\/2026\/03\/Domek-nr-2_Wejscie-do-ksiegarni-UKSW-1024x768.jpg 1024w, https:\/\/wydawnictwo.uksw.edu.pl\/wp-content\/uploads\/sites\/81\/2026\/03\/Domek-nr-2_Wejscie-do-ksiegarni-UKSW-300x225.jpg 300w, https:\/\/wydawnictwo.uksw.edu.pl\/wp-content\/uploads\/sites\/81\/2026\/03\/Domek-nr-2_Wejscie-do-ksiegarni-UKSW-768x576.jpg 768w, https:\/\/wydawnictwo.uksw.edu.pl\/wp-content\/uploads\/sites\/81\/2026\/03\/Domek-nr-2_Wejscie-do-ksiegarni-UKSW-1536x1152.jpg 1536w, https:\/\/wydawnictwo.uksw.edu.pl\/wp-content\/uploads\/sites\/81\/2026\/03\/Domek-nr-2_Wejscie-do-ksiegarni-UKSW-2048x1536.jpg 2048w\" sizes=\"auto, (max-width: 1024px) 100vw, 1024px\" \/><\/figure>\n<\/figure>\n\n\n\n<hr class=\"wp-block-separator has-alpha-channel-opacity\" \/>\n\n\n\n<h3 class=\"wp-block-heading\">W jakich sprawach kontaktowa\u0107 si\u0119 z ksi\u0119garni\u0105<\/h3>\n\n\n\n<p><ul><li>status zam\u00f3wienia i p\u0142atno\u015bci,<\/li><\/ul><ul><li>faktury i zakupy instytucjonalne,<\/li><\/ul><ul><li>dostawa, zwroty i reklamacje,<\/li><\/ul><\/p>\n\n\n\n<ul class=\"wp-block-list\">\n<li>dost\u0119pno\u015b\u0107 tytu\u0142\u00f3w w punkcie stacjonarnym.<\/li>\n<\/ul>\n","protected":false},"excerpt":{"rendered":"<p>Wersja 1.0\u00a0 | Ostatnia aktualizacja: 2026-03-09 Dane kontaktowe Ksi\u0119garnia Wydawnictwa Naukowego UKSW Adres: ul. Dewajtis 5, 01-815 Warszawa (domek nr 2) Godziny otwarcia: pn.\u2013pt. 9:00\u201314:30 Telefon: 22&nbsp;561 89 23 E-mail: j.kuczmanska@uksw.edu.pl W jakich sprawach kontaktowa\u0107 si\u0119 z ksi\u0119garni\u0105 status zam\u00f3wienia i p\u0142atno\u015bci, faktury i zakupy instytucjonalne, dostawa, zwroty i reklamacje,<\/p>\n","protected":false},"author":657,"featured_media":0,"parent":22680,"menu_order":0,"comment_status":"closed","ping_status":"closed","template":"page-templates\/template-sub-page.php","meta":{"_acf_changed":false,"inline_featured_image":false,"footnotes":"","_links_to":"","_links_to_target":""},"class_list":["post-23008","page","type-page","status-publish","hentry"],"acf":[],"_links":{"self":[{"href":"https:\/\/wydawnictwo.uksw.edu.pl\/pl\/wp-json\/wp\/v2\/pages\/23008","targetHints":{"allow":["GET"]}}],"collection":[{"href":"https:\/\/wydawnictwo.uksw.edu.pl\/pl\/wp-json\/wp\/v2\/pages"}],"about":[{"href":"https:\/\/wydawnictwo.uksw.edu.pl\/pl\/wp-json\/wp\/v2\/types\/page"}],"author":[{"embeddable":true,"href":"https:\/\/wydawnictwo.uksw.edu.pl\/pl\/wp-json\/wp\/v2\/users\/657"}],"replies":[{"embeddable":true,"href":"https:\/\/wydawnictwo.uksw.edu.pl\/pl\/wp-json\/wp\/v2\/comments?post=23008"}],"version-history":[{"count":9,"href":"https:\/\/wydawnictwo.uksw.edu.pl\/pl\/wp-json\/wp\/v2\/pages\/23008\/revisions"}],"predecessor-version":[{"id":23643,"href":"https:\/\/wydawnictwo.uksw.edu.pl\/pl\/wp-json\/wp\/v2\/pages\/23008\/revisions\/23643"}],"up":[{"embeddable":true,"href":"https:\/\/wydawnictwo.uksw.edu.pl\/pl\/wp-json\/wp\/v2\/pages\/22680"}],"wp:attachment":[{"href":"https:\/\/wydawnictwo.uksw.edu.pl\/pl\/wp-json\/wp\/v2\/media?parent=23008"}],"curies":[{"name":"wp","href":"https:\/\/api.w.org\/{rel}","templated":true}]}}