{"id":23076,"date":"2026-03-13T12:56:44","date_gmt":"2026-03-13T11:56:44","guid":{"rendered":"https:\/\/wydawnictwo.test.uksw.edu.pl\/?page_id=23076"},"modified":"2026-04-02T12:46:26","modified_gmt":"2026-04-02T10:46:26","slug":"o-nas","status":"publish","type":"page","link":"https:\/\/wydawnictwo.uksw.edu.pl\/o-wydawnictwie\/o-nas\/","title":{"rendered":"O nas"},"content":{"rendered":"\n<p>Wersja: 1.0 | Ostatnia aktualizacja: 2026-03-10<\/p>\n\n\n\n<p>Dzia\u0142alno\u015b\u0107 Wydawnictwa Naukowego Uniwersytetu Kardyna\u0142a Stefana Wyszy\u0144skiego w Warszawie ma siedemdziesi\u0119cioletni\u0105 tradycj\u0119. Kontynuuje dzia\u0142alno\u015b\u0107 Wydawnictwa Akademii Teologii Katolickiej (ATK), kt\u00f3re z uczelni\u0105 by\u0142o zwi\u0105zane od 1954 roku, i publikuje monografie z zakresu teologii, filozofii, humanistyki, pedagogiki, nauk spo\u0142ecznych i prawa, a tak\u017ce nauk matematyczno-przyrodniczych i biologii. Wydawane s\u0105 r\u00f3wnie\u017c serie, w\u015br\u00f3d nich np. przek\u0142ady pism autor\u00f3w starochrze\u015bcija\u0144skich, w tym Ojc\u00f3w Ko\u015bcio\u0142a, t\u0142umaczenia dzie\u0142 \u015bredniowiecznych filozof\u00f3w i teolog\u00f3w, studia biblijne, studia dogmatyczne oraz studia z zakresu filozofii przyrody.<\/p>\n\n\n\n<p>Ponadto wydajemy prace zbiorowe, tomiki poezji, informatory, materia\u0142y pokonferencyjne i szczeg\u00f3lnie pieczo\u0142owicie przygotowywane podr\u0119czniki \u2013 o tematyce obejmuj\u0105cej wszystkie dziedziny, w kt\u00f3rych Uniwersytet Kardyna\u0142a Stefana Wyszy\u0144skiego prowadzi badania naukowe oraz kszta\u0142cenie. W ofercie znajduj\u0105 si\u0119 r\u00f3wnie\u017c czasopisma naukowe (kwartalniki, p\u00f3\u0142roczniki oraz roczniki). Ponadto uczestniczymy w targach ksi\u0105\u017cki, sympozjach i konferencjach naukowych. W ramach akcji promocyjno-reklamowych organizujemy wystawy nowo\u015bci wydawniczych oraz spotkania z autorami.<\/p>\n\n\n\n<p>Rozwijamy si\u0119 i doskonalimy w technice wydawania ksi\u0105\u017cek. Dzi\u0119ki temu jeste\u015bmy laureatami wielu nagr\u00f3d i wyr\u00f3\u017cnie\u0144. <\/p>\n\n\n\n<h6 class=\"wp-block-heading\"><a href=\"https:\/\/wydawnictwo.uksw.edu.pl\/standardy-i-polityki\/\" data-type=\"link\" data-id=\"https:\/\/wydawnictwo.test.uksw.edu.pl\/standardy-i-polityki\/\">Standardy i polityki<\/a><\/h6>\n\n\n\n<p><\/p>\n\n\n\n<h6 class=\"wp-block-heading\"><a href=\"https:\/\/wydawnictwo.uksw.edu.pl\/dla-autorow\/\" data-type=\"link\" data-id=\"https:\/\/wydawnictwo.test.uksw.edu.pl\/dla-autorow\/\">Dla autor\u00f3w<\/a><\/h6>\n\n\n\n<p><\/p>\n","protected":false},"excerpt":{"rendered":"<p>Wersja: 1.0 | Ostatnia aktualizacja: 2026-03-10 Dzia\u0142alno\u015b\u0107 Wydawnictwa Naukowego Uniwersytetu Kardyna\u0142a Stefana Wyszy\u0144skiego w Warszawie ma siedemdziesi\u0119cioletni\u0105 tradycj\u0119. Kontynuuje dzia\u0142alno\u015b\u0107 Wydawnictwa Akademii Teologii Katolickiej (ATK), kt\u00f3re z uczelni\u0105 by\u0142o zwi\u0105zane od 1954 roku, i publikuje monografie z zakresu teologii, filozofii, humanistyki, pedagogiki, nauk spo\u0142ecznych i prawa, a tak\u017ce nauk matematyczno-przyrodniczych i biologii. Wydawane s\u0105 r\u00f3wnie\u017c [&hellip;]<\/p>\n","protected":false},"author":657,"featured_media":0,"parent":22672,"menu_order":0,"comment_status":"closed","ping_status":"closed","template":"page-templates\/template-sub-page.php","meta":{"_acf_changed":false,"inline_featured_image":false,"footnotes":"","_links_to":"","_links_to_target":""},"class_list":["post-23076","page","type-page","status-publish","hentry"],"acf":[],"_links":{"self":[{"href":"https:\/\/wydawnictwo.uksw.edu.pl\/pl\/wp-json\/wp\/v2\/pages\/23076","targetHints":{"allow":["GET"]}}],"collection":[{"href":"https:\/\/wydawnictwo.uksw.edu.pl\/pl\/wp-json\/wp\/v2\/pages"}],"about":[{"href":"https:\/\/wydawnictwo.uksw.edu.pl\/pl\/wp-json\/wp\/v2\/types\/page"}],"author":[{"embeddable":true,"href":"https:\/\/wydawnictwo.uksw.edu.pl\/pl\/wp-json\/wp\/v2\/users\/657"}],"replies":[{"embeddable":true,"href":"https:\/\/wydawnictwo.uksw.edu.pl\/pl\/wp-json\/wp\/v2\/comments?post=23076"}],"version-history":[{"count":7,"href":"https:\/\/wydawnictwo.uksw.edu.pl\/pl\/wp-json\/wp\/v2\/pages\/23076\/revisions"}],"predecessor-version":[{"id":23840,"href":"https:\/\/wydawnictwo.uksw.edu.pl\/pl\/wp-json\/wp\/v2\/pages\/23076\/revisions\/23840"}],"up":[{"embeddable":true,"href":"https:\/\/wydawnictwo.uksw.edu.pl\/pl\/wp-json\/wp\/v2\/pages\/22672"}],"wp:attachment":[{"href":"https:\/\/wydawnictwo.uksw.edu.pl\/pl\/wp-json\/wp\/v2\/media?parent=23076"}],"curies":[{"name":"wp","href":"https:\/\/api.w.org\/{rel}","templated":true}]}}