{"id":23094,"date":"2026-03-13T13:17:56","date_gmt":"2026-03-13T12:17:56","guid":{"rendered":"https:\/\/wydawnictwo.test.uksw.edu.pl\/?page_id=23094"},"modified":"2026-03-30T11:15:49","modified_gmt":"2026-03-30T09:15:49","slug":"rada-naukowa","status":"publish","type":"page","link":"https:\/\/wydawnictwo.uksw.edu.pl\/o-wydawnictwie\/rada-naukowa\/","title":{"rendered":"Rada Naukowa"},"content":{"rendered":"\n<p>Wersja: 1.0 | Ostatnia aktualizacja: 2026-03-10<\/p>\n\n\n\n<h3 class=\"wp-block-heading\">Rada Naukowa<\/h3>\n\n\n\n<p>Rada Naukowa jest cia\u0142em doradczym Wydawnictwa. Dzia\u0142a na podstawie zarz\u0105dze\u0144 Rektora i regulaminu Wydawnictwa. Jej zadaniem jest wspieranie Wydawnictwa w procesie:<\/p>\n\n\n\n<ul class=\"wp-block-list\">\n<li>zapewniania jako\u015bci naukowej publikacji,<\/li>\n\n\n\n<li>opiniowania dzia\u0142a\u0144 zwi\u0105zanych z procesem recenzyjnym i polityk\u0105 wydawnicz\u0105,<\/li>\n\n\n\n<li>dbania o standardy akademickie publikacji UKSW,<\/li>\n\n\n\n<li>wspierania rozwoju serii i standard\u00f3w redakcyjnych,<\/li>\n\n\n\n<li>opiniowania wybranych projekt\u00f3w w sytuacjach wymagaj\u0105cych konsultacji.<\/li>\n<\/ul>\n\n\n\n<p><a href=\"https:\/\/monitor.uksw.edu.pl\/docs\/5425\" data-type=\"link\" data-id=\"https:\/\/monitor.uksw.edu.pl\/docs\/5425\">Zarz\u0105dzenie Nr 47\/2020 Rektora UKSW okre\u015blaj\u0105ce zasady recenzowania publikacji i rol\u0119 Rady w tym procesie<\/a><\/p>\n\n\n\n<hr class=\"wp-block-separator has-alpha-channel-opacity\" \/>\n\n\n\n<h3 class=\"wp-block-heading\">Sk\u0142ad Rady Naukowej<\/h3>\n\n\n\n<ul class=\"wp-block-list\">\n<li>ks. dr hab. Ryszard Sadowski, prof. uczelni, Prorektor ds. Nauki i Wsp\u00f3\u0142pracy Mi\u0119dzynarodowej \u2013 Przewodnicz\u0105cy Rady;<\/li>\n\n\n\n<li>ks. prof. dr hab. Krzysztof Bardski \u2013 Wydzia\u0142 Teologiczny;<\/li>\n\n\n\n<li>ks. dr hab. Dariusz Borek, prof. uczelni \u2013 Wydzia\u0142 Prawa Kanonicznego;<\/li>\n\n\n\n<li>dr hab. Adam Dziurok, prof. uczelni \u2013 Wydzia\u0142 Nauk Historycznych;<\/li>\n\n\n\n<li>dr hab. Marek Grochowski, prof. uczelni \u2013 Wydzia\u0142 Matematyczno-Przyrodniczy. Szko\u0142a Nauk \u015acis\u0142ych;<\/li>\n\n\n\n<li>prof. dr hab. Anna Tarwacka \u2013 Wydzia\u0142 Prawa i Administracji;<\/li>\n\n\n\n<li>ks. prof. dr hab. Piotr Mazurkiewicz \u2013 Wydzia\u0142 Spo\u0142eczno-Ekonomiczny;<\/li>\n\n\n\n<li>ks. prof. dr hab. Mieczys\u0142aw Ozorowski \u2013 Wydzia\u0142 Studi\u00f3w nad Rodzin\u0105;<\/li>\n\n\n\n<li>ks. dr hab. Dariusz St\u0119pkowski, prof. uczelni \u2013 Wydzia\u0142 Nauk Pedagogicznych;<\/li>\n\n\n\n<li>dr hab. Anna Szczepan-Wojnarska, prof. uczelni \u2013 Wydzia\u0142 Nauk Humanistycznych;<\/li>\n\n\n\n<li>prof. dr hab. n. med. i n. o zdr. Filip M. Szyma\u0144ski \u2013 Wydzia\u0142 Medyczny. Collegium Medicum;<\/li>\n\n\n\n<li>ks. prof. dr hab. Adam \u015awie\u017cy\u0144ski \u2013 Wydzia\u0142 Filozofii Chrze\u015bcija\u0144skiej;<\/li>\n\n\n\n<li>prof. dr hab. Krzysztof Turlejski \u2013 Wydzia\u0142 Biologii i Nauk o \u015arodowisku.<\/li>\n<\/ul>\n\n\n\n<p><a href=\"https:\/\/monitor.uksw.edu.pl\/docs\/8077\" data-type=\"link\" data-id=\"https:\/\/monitor.uksw.edu.pl\/docs\/8077\">Decyzja Rektora Uniwersytetu Kardyna\u0142a Stefana Wyszy\u0144skiego w Warszawie w sprawie powo\u0142ania Rady Naukowej Wydawnictwa Naukowego UKSW<\/a><\/p>\n\n\n\n<p><\/p>\n","protected":false},"excerpt":{"rendered":"<p>Wersja: 1.0 | Ostatnia aktualizacja: 2026-03-10 Rada Naukowa Rada Naukowa jest cia\u0142em doradczym Wydawnictwa. Dzia\u0142a na podstawie zarz\u0105dze\u0144 Rektora i regulaminu Wydawnictwa. Jej zadaniem jest wspieranie Wydawnictwa w procesie: Zarz\u0105dzenie Nr 47\/2020 Rektora UKSW okre\u015blaj\u0105ce zasady recenzowania publikacji i rol\u0119 Rady w tym procesie Sk\u0142ad Rady Naukowej Decyzja Rektora Uniwersytetu Kardyna\u0142a Stefana Wyszy\u0144skiego w Warszawie [&hellip;]<\/p>\n","protected":false},"author":657,"featured_media":0,"parent":22672,"menu_order":0,"comment_status":"closed","ping_status":"closed","template":"page-templates\/template-sub-page.php","meta":{"_acf_changed":false,"inline_featured_image":false,"footnotes":"","_links_to":"","_links_to_target":""},"class_list":["post-23094","page","type-page","status-publish","hentry"],"acf":[],"_links":{"self":[{"href":"https:\/\/wydawnictwo.uksw.edu.pl\/pl\/wp-json\/wp\/v2\/pages\/23094","targetHints":{"allow":["GET"]}}],"collection":[{"href":"https:\/\/wydawnictwo.uksw.edu.pl\/pl\/wp-json\/wp\/v2\/pages"}],"about":[{"href":"https:\/\/wydawnictwo.uksw.edu.pl\/pl\/wp-json\/wp\/v2\/types\/page"}],"author":[{"embeddable":true,"href":"https:\/\/wydawnictwo.uksw.edu.pl\/pl\/wp-json\/wp\/v2\/users\/657"}],"replies":[{"embeddable":true,"href":"https:\/\/wydawnictwo.uksw.edu.pl\/pl\/wp-json\/wp\/v2\/comments?post=23094"}],"version-history":[{"count":16,"href":"https:\/\/wydawnictwo.uksw.edu.pl\/pl\/wp-json\/wp\/v2\/pages\/23094\/revisions"}],"predecessor-version":[{"id":23647,"href":"https:\/\/wydawnictwo.uksw.edu.pl\/pl\/wp-json\/wp\/v2\/pages\/23094\/revisions\/23647"}],"up":[{"embeddable":true,"href":"https:\/\/wydawnictwo.uksw.edu.pl\/pl\/wp-json\/wp\/v2\/pages\/22672"}],"wp:attachment":[{"href":"https:\/\/wydawnictwo.uksw.edu.pl\/pl\/wp-json\/wp\/v2\/media?parent=23094"}],"curies":[{"name":"wp","href":"https:\/\/api.w.org\/{rel}","templated":true}]}}