{"id":23098,"date":"2026-03-13T13:23:04","date_gmt":"2026-03-13T12:23:04","guid":{"rendered":"https:\/\/wydawnictwo.test.uksw.edu.pl\/?page_id=23098"},"modified":"2026-04-02T11:54:00","modified_gmt":"2026-04-02T09:54:00","slug":"partnerzy","status":"publish","type":"page","link":"https:\/\/wydawnictwo.uksw.edu.pl\/o-wydawnictwie\/partnerzy\/","title":{"rendered":"Partnerzy"},"content":{"rendered":"\n<p>Wersja: 1.0 | Ostatnia aktualizacja: 2026-03-10<\/p>\n\n\n\n<p>Wydawnictwo Naukowe UKSW wsp\u00f3\u0142pracuje z licznymi instytucjami naukowymi, stowarzyszeniami bran\u017cowymi oraz bazami indeksacyjnymi, kt\u00f3re wspieraj\u0105 rozw\u00f3j naszej dzia\u0142alno\u015bci, podnosz\u0105 jako\u015b\u0107 publikacji oraz zwi\u0119kszaj\u0105 ich mi\u0119dzynarodow\u0105 widoczno\u015b\u0107.<\/p>\n\n\n\n<h2 class=\"wp-block-heading\">Stowarzyszenia i organizacje bran\u017cowe<\/h2>\n\n\n\n<h6 class=\"wp-block-heading\">Wsp\u00f3\u0142pracujemy ze stowarzyszeniami promuj\u0105cymi wysokie standardy edytorskie, etyczne i naukowe:<\/h6>\n\n\n\n<ul class=\"wp-block-list\">\n<li><strong>Stowarzyszenie Wydawc\u00f3w Szk\u00f3\u0142 Wy\u017cszych (SWSW)<\/strong><\/li>\n\n\n\n<li><strong>Stowarzyszenie Wydawc\u00f3w Katolickich<\/strong><\/li>\n\n\n\n<li><strong>Crossref<\/strong> \u2013 organizacja zapewniaj\u0105ca identyfikacj\u0119 publikacji poprzez DOI oraz standaryzacj\u0119 metadanych.<\/li>\n\n\n\n<li><strong>Stowarzyszenie Etyki Publikacyjnej COPE (Committee on Publication Ethics)<\/strong><\/li>\n\n\n\n<li><strong>Instytucje naukowe i akademickie<\/strong><\/li>\n<\/ul>\n\n\n\n<hr class=\"wp-block-separator has-alpha-channel-opacity\" \/>\n\n\n\n<h6 class=\"wp-block-heading\">Nasze publikacje powstaj\u0105 przy wsp\u00f3\u0142pracy z licznymi jednostkami naukowymi w Polsce i na \u015bwiecie:<\/h6>\n\n\n\n<ul class=\"wp-block-list\">\n<li><strong>Uniwersytet Kardyna\u0142a Stefana Wyszy\u0144skiego w Warszawie<\/strong> \u2013 jednostki badawcze, instytuty i katedry<\/li>\n\n\n\n<li><strong>Biblioteka Narodowa \/ Centrum ISSN Polska<\/strong> \u2013 wsp\u00f3\u0142praca w zakresie rejestracji numer\u00f3w ISBN i ISSN<\/li>\n\n\n\n<li><strong>O\u015brodki badawcze i instytuty PAN<\/strong><\/li>\n\n\n\n<li><strong>Narodowe Centrum Nauki (NCN)<\/strong> \u2013 publikacje powsta\u0142e w ramach projekt\u00f3w badawczych<\/li>\n\n\n\n<li><strong>Instytucje ko\u015bcielne i mi\u0119dzyuczelniane<\/strong> \u2013 wsp\u00f3\u0142praca przy publikacjach dotycz\u0105cych teologii, filozofii i nauk spo\u0142ecznych<\/li>\n\n\n\n<li><strong>Bazy indeksacyjne, archiwa i repozytoria<\/strong><\/li>\n<\/ul>\n\n\n\n<hr class=\"wp-block-separator has-alpha-channel-opacity\" \/>\n\n\n\n<h6 class=\"wp-block-heading\">Wydawnictwo dba o szerok\u0105 obecno\u015b\u0107 swoich publikacji w kluczowych bazach i repozytoriach naukowych:<\/h6>\n\n\n\n<ul class=\"wp-block-list\">\n<li><strong>Google Scholar <\/strong>\u2013 narz\u0119dzie do wyszukiwania literatury naukowej i materia\u0142\u00f3w akademickich<\/li>\n\n\n\n<li><strong>CEJSH (The Central European Journal of Social Sciences and Humanities )<\/strong> \u2013 otwarta, cyfrowa baza danych, kt\u00f3ra indeksuje i udost\u0119pnia tre\u015bci z czasopism naukowych po\u015bwi\u0119conych naukom spo\u0142ecznym i humanistycznym<\/li>\n\n\n\n<li><strong>ERIH+ <\/strong>\u2013 europejski indeks bibliograficzny obejmuj\u0105cy recenzowane czasopisma naukowe z zakresu nauk humanistycznych i spo\u0142ecznych<\/li>\n\n\n\n<li><strong>DOAJ (Directory of Open Access Journals) \u2013<\/strong> <strong>&nbsp;<\/strong>mi\u0119dzynarodowa baza danych i katalog recenzowanych czasopism naukowych o otwartym dost\u0119pie<\/li>\n\n\n\n<li><strong>Index Copernicus \u2013<\/strong> mi\u0119dzynarodowa baza danych naukowych, kt\u00f3ra zajmuje si\u0119 ocen\u0105, indeksacj\u0105 i promocj\u0105 czasopism naukowych oraz dorobku badaczy<\/li>\n\n\n\n<li><strong>POL\u2011index \/ PBN<\/strong> \u2013 systemy powi\u0105zane z polsk\u0105 ewaluacj\u0105 naukow\u0105<\/li>\n\n\n\n<li><strong>WorldCat<\/strong> \u2013 globalny katalog biblioteczny<\/li>\n\n\n\n<li><strong>Agris (FAO)<\/strong> \u2013 dla wybranych publikacji z zakresu ekologii i bioetyki<\/li>\n\n\n\n<li><strong>BazHum <\/strong>\u2013 pe\u0142notekstowa i bibliograficzna baza polskich czasopism naukowych z zakresu nauk humanistycznych i spo\u0142ecznych<\/li>\n\n\n\n<li><strong>Repozytoria instytucjonalne i biblioteki cyfrowe<\/strong>, w szczeg\u00f3lno\u015bci Biblioteka Cyfrowa UKSW<\/li>\n\n\n\n<li><strong>Partnerzy technologiczni i dystrybucyjni<\/strong><\/li>\n\n\n\n<li><strong>OJS \/ PKP<\/strong> \u2013 platforma zarz\u0105dzania czasopismami naukowymi<\/li>\n\n\n\n<li><strong>System Crossref DOI<\/strong> \u2013 rejestracja identyfikator\u00f3w cyfrowych<\/li>\n\n\n\n<li><strong>IBUK Libra<\/strong> \u2013 dystrybucja\/udost\u0119pnianie e-book\u00f3w w kana\u0142ach bibliotecznych i instytucjonalnych<\/li>\n\n\n\n<li><strong>Wolters Kluwer Polska sp. z o.o. <\/strong>\u2013 wsp\u00f3\u0142praca z mi\u0119dzynarodowym Wydawc\u0105 publikacji prawniczych, ekonomicznych i z zakresu ochrony zdrowia<\/li>\n\n\n\n<li><strong>Dystrybucja krajowa i mi\u0119dzynarodowa<\/strong> poprzez ksi\u0119garnie naukowe i platformy e\u2011book\u00f3w (link do podzak\u0142adka 5.2.)<\/li>\n\n\n\n<li><strong>Partnerzy promocji i komunikacji<\/strong><\/li>\n\n\n\n<li><strong>Forum Akademickie<\/strong> \u2013 wsp\u00f3\u0142praca informacyjna i promocyjna<\/li>\n\n\n\n<li><strong>Rynek Ksi\u0105\u017cki<\/strong> \u2013 najwi\u0119kszy bank danych o polskim rynku wydawniczym, wsp\u00f3\u0142praca informacyjna<\/li>\n<\/ul>\n","protected":false},"excerpt":{"rendered":"<p>Wersja: 1.0 | Ostatnia aktualizacja: 2026-03-10 Wydawnictwo Naukowe UKSW wsp\u00f3\u0142pracuje z licznymi instytucjami naukowymi, stowarzyszeniami bran\u017cowymi oraz bazami indeksacyjnymi, kt\u00f3re wspieraj\u0105 rozw\u00f3j naszej dzia\u0142alno\u015bci, podnosz\u0105 jako\u015b\u0107 publikacji oraz zwi\u0119kszaj\u0105 ich mi\u0119dzynarodow\u0105 widoczno\u015b\u0107. Stowarzyszenia i organizacje bran\u017cowe Wsp\u00f3\u0142pracujemy ze stowarzyszeniami promuj\u0105cymi wysokie standardy edytorskie, etyczne i naukowe: Nasze publikacje powstaj\u0105 przy wsp\u00f3\u0142pracy z licznymi jednostkami naukowymi [&hellip;]<\/p>\n","protected":false},"author":657,"featured_media":0,"parent":22672,"menu_order":0,"comment_status":"closed","ping_status":"closed","template":"page-templates\/template-sub-page.php","meta":{"_acf_changed":false,"inline_featured_image":false,"footnotes":"","_links_to":"","_links_to_target":""},"class_list":["post-23098","page","type-page","status-publish","hentry"],"acf":[],"_links":{"self":[{"href":"https:\/\/wydawnictwo.uksw.edu.pl\/pl\/wp-json\/wp\/v2\/pages\/23098","targetHints":{"allow":["GET"]}}],"collection":[{"href":"https:\/\/wydawnictwo.uksw.edu.pl\/pl\/wp-json\/wp\/v2\/pages"}],"about":[{"href":"https:\/\/wydawnictwo.uksw.edu.pl\/pl\/wp-json\/wp\/v2\/types\/page"}],"author":[{"embeddable":true,"href":"https:\/\/wydawnictwo.uksw.edu.pl\/pl\/wp-json\/wp\/v2\/users\/657"}],"replies":[{"embeddable":true,"href":"https:\/\/wydawnictwo.uksw.edu.pl\/pl\/wp-json\/wp\/v2\/comments?post=23098"}],"version-history":[{"count":6,"href":"https:\/\/wydawnictwo.uksw.edu.pl\/pl\/wp-json\/wp\/v2\/pages\/23098\/revisions"}],"predecessor-version":[{"id":23821,"href":"https:\/\/wydawnictwo.uksw.edu.pl\/pl\/wp-json\/wp\/v2\/pages\/23098\/revisions\/23821"}],"up":[{"embeddable":true,"href":"https:\/\/wydawnictwo.uksw.edu.pl\/pl\/wp-json\/wp\/v2\/pages\/22672"}],"wp:attachment":[{"href":"https:\/\/wydawnictwo.uksw.edu.pl\/pl\/wp-json\/wp\/v2\/media?parent=23098"}],"curies":[{"name":"wp","href":"https:\/\/api.w.org\/{rel}","templated":true}]}}