{"id":23105,"date":"2026-03-13T13:55:38","date_gmt":"2026-03-13T12:55:38","guid":{"rendered":"https:\/\/wydawnictwo.test.uksw.edu.pl\/?page_id=23105"},"modified":"2026-03-30T11:16:26","modified_gmt":"2026-03-30T09:16:26","slug":"nagrody","status":"publish","type":"page","link":"https:\/\/wydawnictwo.uksw.edu.pl\/o-wydawnictwie\/nagrody\/","title":{"rendered":"Nagrody"},"content":{"rendered":"\n<p>Wersja: 1.0 | Ostatnia aktualizacja: 2026-03-10<\/p>\n\n\n\n<p>Publikacje Wydawnictwa by\u0142y wielokrotnie nagradzane i wyr\u00f3\u017cniane w konkursach bran\u017cowych i naukowych. Poni\u017cej przedstawiamy nagrody i wyr\u00f3\u017cnienia w formie uporz\u0105dkowanego rejestru.<\/p>\n\n\n\n<h3 class=\"wp-block-heading\">Nagroda Ministra Nauki i Szkolnictwa Wy\u017cszego<\/h3>\n\n\n\n<p>2012 \u2013 nagroda za publikacj\u0119 \u201eImigranci i uchod\u017acy w Unii Europejskiej. Humanizacja polityki imigracyjnej i azylowej\u201d Janusz Balicki<\/p>\n\n\n\n<p>2011 \u2013 nominacja do nagrody za publikacj\u0119 \u201eCz\u0142owiek w sytuacji pracy w okresie ponowoczesno\u015bci\u201d Jan F. Terelak<\/p>\n\n\n\n<p>2011 \u2013 nagroda za publikacj\u0119 \u201ePrawo administracyjne w Ko\u015bciele\u201d J\u00f3zef Krukowski<\/p>\n\n\n\n<p>2010 &#8211; wyr\u00f3\u017cnienie za publikacj\u0119 \u201eInspiracje grafik\u0105 europejsk\u0105 w sztuce polskiej. Czasy nowo\u017cytne\u201d red. Krystyna Moisan-Jab\u0142o\u0144ska, Katarzyna Poni\u0144ska<\/p>\n\n\n\n<p>2009 \u2013 nominacja do nagrody za publikacj\u0119 \u201eZab\u00f3jczynie i zab\u00f3jcy\u201d Zdzis\u0142aw Majchrzyk<\/p>\n\n\n\n<p>2009 \u2013 nagroda dziennikarzy za publikacj\u0119 \u201eZjawiska i procesy dezintegracji w postzimnowojennej Europie\u201d red. Andrzej Rudowski, Rados\u0142aw Zenderowski<\/p>\n\n\n\n<p>2008 \u2013 nagroda za publikacj\u0119 \u201ePrzemiany ludno\u015bciowe. Fakty, interpretacje, opinie\u201d Janusz Balicki, Ewa Fr\u0105tczak, Charles B. Nam 2004 \u2013 nominacja do nagrody za publikacj\u0119 \u201eEwangelie synoptyczne\u201d ks. Roman Bartnicki<\/p>\n\n\n\n<p>2007 &#8211; nominacja do nagrody za publikacj\u0119 \u201eTeorie emocji i motywacji\u201d Henryk Gasiul<\/p>\n\n\n\n<p>2006 \u2013 nagroda za publikacj\u0119 \u201eHistoria Ko\u015bcio\u0142a Katolickiego\u201d Marian Banaszak<\/p>\n\n\n\n<p>2005 \u2013 nagroda za publikacj\u0119 \u201eTermodynamika dla chemik\u00f3w, fizyk\u00f3w i in\u017cynier\u00f3w\u201d R. Ho\u0142yst, A. Poniewierski, A. Ciach<\/p>\n\n\n\n<hr class=\"wp-block-separator has-alpha-channel-opacity\" \/>\n\n\n\n<h3 class=\"wp-block-heading\">Gaudeamus &#8211; nagroda Stowarzyszenia Wydawc\u00f3w Szk\u00f3\u0142 Wy\u017cszych<\/h3>\n\n\n\n<p>2024 \u2013 wyr\u00f3\u017cnienie za walory edytorskie publikacji \u201eKatalog grodzisk Warmii i Mazur\u201d tom 4 red. Rafa\u0142 Solecki<\/p>\n\n\n\n<p>2023 \u2013 wyr\u00f3\u017cnienie za publikacj\u0119 \u201eN\u00f3\u017c w wodzie. Non stop. W 60. rocznic\u0119 debiutu Romana Pola\u0144skiego\u201d, red. Brygida Paw\u0142owska-J\u0105drzyk, Izabela Tomczyk-Jarzyna<\/p>\n\n\n\n<p>2023 \u2013 wyr\u00f3\u017cnienie za publikacj\u0119 ebook \u201eMagiczne O\u015bwiecenie\u201d, Jan Zieli\u0144ski<\/p>\n\n\n\n<p>2022 \u2013 wyr\u00f3\u017cnienie za publikacj\u0119 \u201eW poszukiwaniu koncepcji narodu. Mi\u0119dzy histori\u0105 idei a histori\u0105 i antropologi\u0105 kultury polskiej XIX wieku\u201d, Magdalena Wo\u017aniewska-Dzia\u0142ak<\/p>\n\n\n\n<hr class=\"wp-block-separator has-alpha-channel-opacity\" \/>\n\n\n\n<h3 class=\"wp-block-heading\">Feniks &#8211; konkurs Stowarzyszenia Wydawc\u00f3w Katolickich <\/h3>\n\n\n\n<p>2024 \u2013 nagroda za publikacj\u0119 \u201eB\u00f3g nie jest Bogiem wojny\u201d, opr. Kazimierz F\u0105fara, Zbigniew K\u0119pa, Jerzy Prochwicz<\/p>\n\n\n\n<p>2024 \u2013 wyr\u00f3\u017cnienie za publikacj\u0119 \u201e\u015aredniowieczny S\u0142ownik Symboliki Religijnej\u201d, red.&nbsp; Krzysztof Bardski, Dominika Budzanowska-Weglenda<\/p>\n\n\n\n<p>2023 \u2013 nagroda za publikacj\u0119 \u201eW poszukiwaniu koncepcji narodu. Mi\u0119dzy histori\u0105 idei a histori\u0105 i antropologi\u0105 kultury polskiej XIX wieku\u201d, Magdalena Wo\u017aniewska-Dzia\u0142ak<\/p>\n\n\n\n<p>2023 \u2013 wyr\u00f3\u017cnienie za publikacj\u0119 \u201eArtystyczne zbiory Strza\u0142eckich\u201d Andrzej Strza\u0142ecki<\/p>\n\n\n\n<p>2023 \u2013 wyr\u00f3\u017cnienie za publikacj\u0119 \u201eTargum Jonatana. Tom 1. Prorocy wcze\u015bniejsi\u201d, przek\u0142ad i opracowanie Anna Ku\u015bmirek, Marek Parchem<\/p>\n\n\n\n<p>2023 \u2013 wyr\u00f3\u017cnienie za seri\u0119 wydawnicz\u0105 \u201eFilm z klapsem\u201d red. nacz. Grzegorz \u0141\u0119cicki<\/p>\n\n\n\n<p>2022 \u2013 nagroda za publikacj\u0119 \u201eJan Pawe\u0142 II w Afryce\u201d, Jaros\u0142aw R\u00f3\u017ca\u0144ski<\/p>\n\n\n\n<p>2022 \u2013 nagroda za publikacj\u0119 \u201eMoja Polska\u201d Natalia Gorbaniewska, t\u0142um. Ewangelina Skali\u0144ska<\/p>\n\n\n\n<p>2021 \u2013 nagroda za ksi\u0105\u017ck\u0119 \u201eWizje polityki\u201d Quentin Skinner, tom 1-3, opr. Krzysztof Koehler<\/p>\n\n\n\n<p>2020 \u2013 wyr\u00f3\u017cnienie za publikacj\u0119 z&nbsp; serii Pisma Starochrze\u015bcija\u0144skich Pisarzy \u201eAureliusz Augustyn \u2013 Przeciw listowi Parmeniana\u201d, opr. Tadeusz Ko\u0142osowski<\/p>\n\n\n\n<p>2020 \u2013 wyr\u00f3\u017cnienie za publikacj\u0119 \u201ePrzedszkola Polski \u201eludowej\u201d. Ideologizacja instytucji (1944-1965)\u201d, Monika Wi\u015bniewska<\/p>\n\n\n\n<p>2020 \u2013 nagroda za publikacj\u0119 \u201ePrymas Wyszy\u0144ski a Niepodleg\u0142a. Nar\u00f3d \u2013 patriotyzm \u2013 pa\u0144stwo w nauczaniu Prymasa Tysi\u0105clecia\u201d, red. Ewa K. Czaczkowska, Rafa\u0142 \u0141atka; wydanie w koedycji z IPN<\/p>\n\n\n\n<p>2019 \u2013 wyr\u00f3\u017cnienie za publikacj\u0119 \u201eks. Jan Gnatowski (1855-1925) na tle epoki\u201d, Jan Maria Jackowski<\/p>\n\n\n\n<p>2018 \u2013 nagroda za publikacj\u0119 \u201eEuropejski sp\u00f3r o cz\u0142owieka. Studium z antropologii politycznej\u201d, Micha\u0142 Gierycz<\/p>\n\n\n\n<p>2013 \u2013 wyr\u00f3\u017cnienie za seri\u0119 wydawnicz\u0105 \u201eArcana Iurisprudentiae\u201d, red. nacz. Marek Michalski<\/p>\n\n\n\n<p>2009 \u2013 wyr\u00f3\u017cnienie za publikacj\u0119 \u201eMatka El\u017cbieta Czacka. Dyrektorium\u201d, opr. Maria Prussak<\/p>\n\n\n\n<p>2009 &#8211; wyr\u00f3\u017cnienie za publikacj\u0119 \u201eMatka El\u017cbieta Czacka. O niewidomych\u201d, opr. Maria Prussak<\/p>\n\n\n\n<p>2004 \u2013 nagroda za publikacj\u0119 \u201ePrzygodno\u015b\u0107 i tajemnica\u201d, Jan Socho\u0144<\/p>\n\n\n\n<p>2004 \u2013 nagroda za publikacj\u0119 \u201eAteizm\u201d, Jan Socho\u0144<\/p>\n\n\n\n<hr class=\"wp-block-separator has-alpha-channel-opacity\" \/>\n\n\n\n<h3 class=\"wp-block-heading\">Nagroda im. ks. Edwarda Pude\u0142ko<\/h3>\n\n\n\n<p>2012 \u2013 wyr\u00f3\u017cnienie za publikacj\u0119 \u201eStudies in 20th Century. Literary\/Cultural Britain\u201d, Marta Wiszniowska-Majchrzyk<\/p>\n\n\n\n<p>2011 &#8211; nagroda za publikacj\u0119 \u201eCz\u0142owiek w sytuacji pracy w okresie ponowoczesno\u015bci\u201d, Jan F. Terelak<\/p>\n\n\n\n<p>2010 \u2013 wyr\u00f3\u017cnienie za publikacj\u0119 \u201eHomicide in the family. Personality and motivation\u201d, Zdzis\u0142aw Majchrzyk<\/p>\n\n\n\n<hr class=\"wp-block-separator has-alpha-channel-opacity\" \/>\n\n\n\n<h3 class=\"wp-block-heading\">Konkurs Varsaviana Roku im. Hanny Szwankowskiej<\/h3>\n\n\n\n<p>2017 \u2013 wyr\u00f3\u017cnienie za publikacj\u0119 \u201eDoro\u017ckarstwo warszawskie w XIX wieku\u201d,&nbsp; \u0141ukasz Lubryczy\u0144ski, Karolina Wanda Ga\u0144ko<\/p>\n\n\n\n<hr class=\"wp-block-separator has-alpha-channel-opacity\" \/>\n\n\n\n<h2 class=\"wp-block-heading\">Ksi\u0105\u017cka Historyczna Roku o Nagrod\u0119 im. Oskara Haleckiego<\/h2>\n\n\n\n<p>2019 \u2013 nominacja do nagrody w kategorii: najlepsza ksi\u0105\u017cka naukowa po\u015bwi\u0119cona dziejom Polski i Polak\u00f3w w XX wieku dla publikacji \u201eKole\u017canki, panie, obywatelki. Ukryte \u017cycie zakonne na Mazowszu w latach 1945-1989 w \u015bwietle relacji biograficznych\u201d, Monika Michalina Ciosek<\/p>\n\n\n\n<p>2018 \u2013 nominacja do nagrody w kategorii: najlepsza ksi\u0105\u017cka naukowa po\u015bwi\u0119cona dziejom Polski i Polak\u00f3w w XX wieku dla publikacji \u201eCz\u0142owiek szalony. Andrzej Niemojewski(1864-1921)\u201d, Barbara \u015awitalska-Starze\u0144ska<\/p>\n\n\n\n<p>2015 \u2013 nominacja do nagrody w kategorii: najlepsza ksi\u0105\u017cka naukowa po\u015bwi\u0119cona dziejom Polski i Polak\u00f3w w XX wieku dla publikacji \u201eBiskup negocjator. Zygmunt Choroma\u0144ski (1892-1968) biografia niepolityczna?\u201d, Maciej Smoli\u0144ski<\/p>\n\n\n\n<p>2015 \u2013 nominacja do nagrody w kategorii: najlepsza ksi\u0105\u017cka naukowa po\u015bwi\u0119cona dziejom Polski i Polak\u00f3w w XX wieku dla publikacji \u201ePrasa podziemna opozycji politycznej w Poznaniu\u201d Przemys\u0142aw Zwiernik<\/p>\n\n\n\n<hr class=\"wp-block-separator has-alpha-channel-opacity\" \/>\n\n\n\n<h3 class=\"wp-block-heading\">Nagroda \u201eStudi\u00f3w \u0179r\u00f3d\u0142oznawczych\u201d im. Profesora Stefana Krzysztofa Kuczy\u0144skiego<\/h3>\n\n\n\n<p>2016 \u2013 nagroda w kategorii prac ze \u017ar\u00f3d\u0142oznawstwa i nauk pomocniczych historii za publikacj\u0119 \u201eSummae Romanorum barbariei signum\u201d Beata Spieralska-Kasprzyk<\/p>\n\n\n\n<hr class=\"wp-block-separator has-alpha-channel-opacity\" \/>\n\n\n\n<h3 class=\"wp-block-heading\">Nagroda im. Anieli hrabiny Potulickiej za wybitne osi\u0105gni\u0119cia naukowe wpisuj\u0105ce si\u0119 w idee chrze\u015bcija\u0144skiego humanizmu<\/h3>\n\n\n\n<p>2018 \u2013 nagroda za publikacj\u0119 \u201e\u201eEuropejski sp\u00f3r o cz\u0142owieka. Studium z antropologii politycznej\u201d, Micha\u0142 Gierycz<\/p>\n\n\n\n<hr class=\"wp-block-separator has-alpha-channel-opacity\" \/>\n\n\n\n<h3 class=\"wp-block-heading\">Nagroda Archiwum Polskiej Akademii Nauk i Domu Spotka\u0144 z Histori\u0105 \u201eKolekcjonerstwo \u2013 nauka i upowszechnianie\u201d im. Feliksa Jasie\u0144skiego<\/h3>\n\n\n\n<p>2022 \u2013 wyr\u00f3\u017cnienie dla pracownika nauki za publikacj\u0119 \u201eArtystyczne zbiory Strza\u0142eckich\u201d, Andrzej Strza\u0142ecki<\/p>\n\n\n\n<hr class=\"wp-block-separator has-alpha-channel-opacity\" \/>\n\n\n\n<h3 class=\"wp-block-heading\">Nagroda Literacka Zakopanego<\/h3>\n\n\n\n<p>2023 \u2013 nominacja za publikacj\u0119 o wybitnych walorach edytorsko-artystycznych \u201eRytm natury. O \u017cyciu i rze\u017abiarstwie Grzegorza Pecucha (1923-2008)\u201d, Katarzyna Chrudzimska-Uhera<\/p>\n\n\n\n<hr class=\"wp-block-separator has-alpha-channel-opacity\" \/>\n\n\n\n<h2 class=\"wp-block-heading\">Nagroda im. Prof. Jerzego Skowronka<\/h2>\n\n\n\n<p>2025 \u2013 \u201ePetersburska ofensywa szlachty litewskiej z lat 1810-1812\u201d, S\u0142awomir Godek<\/p>\n","protected":false},"excerpt":{"rendered":"<p>Wersja: 1.0 | Ostatnia aktualizacja: 2026-03-10 Publikacje Wydawnictwa by\u0142y wielokrotnie nagradzane i wyr\u00f3\u017cniane w konkursach bran\u017cowych i naukowych. Poni\u017cej przedstawiamy nagrody i wyr\u00f3\u017cnienia w formie uporz\u0105dkowanego rejestru. Nagroda Ministra Nauki i Szkolnictwa Wy\u017cszego 2012 \u2013 nagroda za publikacj\u0119 \u201eImigranci i uchod\u017acy w Unii Europejskiej. Humanizacja polityki imigracyjnej i azylowej\u201d Janusz Balicki 2011 \u2013 nominacja do [&hellip;]<\/p>\n","protected":false},"author":657,"featured_media":0,"parent":22672,"menu_order":0,"comment_status":"closed","ping_status":"closed","template":"page-templates\/template-sub-page.php","meta":{"_acf_changed":false,"inline_featured_image":false,"footnotes":"","_links_to":"","_links_to_target":""},"class_list":["post-23105","page","type-page","status-publish","hentry"],"acf":[],"_links":{"self":[{"href":"https:\/\/wydawnictwo.uksw.edu.pl\/pl\/wp-json\/wp\/v2\/pages\/23105","targetHints":{"allow":["GET"]}}],"collection":[{"href":"https:\/\/wydawnictwo.uksw.edu.pl\/pl\/wp-json\/wp\/v2\/pages"}],"about":[{"href":"https:\/\/wydawnictwo.uksw.edu.pl\/pl\/wp-json\/wp\/v2\/types\/page"}],"author":[{"embeddable":true,"href":"https:\/\/wydawnictwo.uksw.edu.pl\/pl\/wp-json\/wp\/v2\/users\/657"}],"replies":[{"embeddable":true,"href":"https:\/\/wydawnictwo.uksw.edu.pl\/pl\/wp-json\/wp\/v2\/comments?post=23105"}],"version-history":[{"count":7,"href":"https:\/\/wydawnictwo.uksw.edu.pl\/pl\/wp-json\/wp\/v2\/pages\/23105\/revisions"}],"predecessor-version":[{"id":23649,"href":"https:\/\/wydawnictwo.uksw.edu.pl\/pl\/wp-json\/wp\/v2\/pages\/23105\/revisions\/23649"}],"up":[{"embeddable":true,"href":"https:\/\/wydawnictwo.uksw.edu.pl\/pl\/wp-json\/wp\/v2\/pages\/22672"}],"wp:attachment":[{"href":"https:\/\/wydawnictwo.uksw.edu.pl\/pl\/wp-json\/wp\/v2\/media?parent=23105"}],"curies":[{"name":"wp","href":"https:\/\/api.w.org\/{rel}","templated":true}]}}