{"id":23111,"date":"2026-03-13T14:00:47","date_gmt":"2026-03-13T13:00:47","guid":{"rendered":"https:\/\/wydawnictwo.test.uksw.edu.pl\/?page_id=23111"},"modified":"2026-04-02T11:56:32","modified_gmt":"2026-04-02T09:56:32","slug":"wspolpraca-miedzynarodowa","status":"publish","type":"page","link":"https:\/\/wydawnictwo.uksw.edu.pl\/o-wydawnictwie\/wspolpraca-miedzynarodowa\/","title":{"rendered":"Wsp\u00f3\u0142praca mi\u0119dzynarodowa"},"content":{"rendered":"\n<p>Wersja: 1.0 | Ostatnia aktualizacja: 2026-03-10<\/p>\n\n\n\n<p>Umi\u0119dzynarodowienie Wydawnictwa Naukowego UKSW rozumiemy jako rozw\u00f3j wsp\u00f3\u0142pracy wydawniczej i dystrybucyjnej oraz stosowanie standard\u00f3w, kt\u00f3re zwi\u0119kszaj\u0105 widoczno\u015b\u0107 i u\u017cyteczno\u015b\u0107 publikacji w mi\u0119dzynarodowym obiegu naukowym. Cho\u0107 ksi\u0105\u017cki publikujemy zasadniczo w j\u0119zyku polskim, rozwijamy komponent mi\u0119dzynarodowy w trzech obszarach:<\/p>\n\n\n\n<h3 class=\"wp-block-heading\">Wsp\u00f3\u0142praca wydawnicza i dystrybucyjna<\/h3>\n\n\n\n<ul class=\"wp-block-list\">\n<li>W zakresie publikowania: Wolters Kluwer Polska sp. z o.o.<\/li>\n\n\n\n<li>Wydawnictwo realizuje wsp\u00f3\u0142prac\u0119 z partnerami zewn\u0119trznymi, w tym mi\u0119dzynarodowymi.<\/li>\n\n\n\n<li>W zakresie dystrybucji: Ars Polona<\/li>\n\n\n\n<li>W zakresie upowszechniania tre\u015bci: mi\u0119dzynarodowe bazy i repozytoria \u00a0&#8211; <a href=\"https:\/\/wydawnictwo.uksw.edu.pl\/o-wydawnictwie\/partnerzy\/\" data-type=\"link\" data-id=\"https:\/\/wydawnictwo.test.uksw.edu.pl\/o-wydawnictwie\/partnerzy\/\">Partnerzy <\/a><\/li>\n<\/ul>\n\n\n\n<hr class=\"wp-block-separator has-alpha-channel-opacity\" \/>\n\n\n\n<h3 class=\"wp-block-heading\">Standardy wydawnicze wspieraj\u0105ce widoczno\u015b\u0107 mi\u0119dzynarodow\u0105<\/h3>\n\n\n\n<p>Wydawnictwo stosuje rozwi\u0105zania u\u0142atwiaj\u0105ce identyfikacj\u0119 i cytowanie publikacji oraz ich katalogowanie w obiegu bibliotecznym i naukowym. W szczeg\u00f3lno\u015bci:<\/p>\n\n\n\n<ul class=\"wp-block-list\">\n<li>zapewnia kompletne metadane bibliograficzne oraz konsekwentne opisy publikacji,<\/li>\n\n\n\n<li>stosuje identyfikatory publikacji (np. ISBN dla r\u00f3\u017cnych format\u00f3w, DOI),<\/li>\n\n\n\n<li>jasno okre\u015bla zasady praw i licencji (w tym dla publikacji udost\u0119pnianych w modelu <em>Open Access<\/em>),<\/li>\n\n\n\n<li>utrzymuje polityki etyczne i proceduralne zgodne ze standardami m.in. COPE,<\/li>\n\n\n\n<li>uwzgl\u0119dnia wymagania dost\u0119pno\u015bci cyfrowej w publikacjach i materia\u0142ach udost\u0119pnianych online.<\/li>\n<\/ul>\n\n\n\n<p><\/p>\n\n\n\n<p><a href=\"https:\/\/wydawnictwo.uksw.edu.pl\/standardy-i-polityki\/\">Standardy i polityki <\/a><\/p>\n\n\n\n<p><a href=\"https:\/\/wydawnictwo.uksw.edu.pl\/publikacje\/\" data-type=\"link\" data-id=\"https:\/\/wydawnictwo.test.uksw.edu.pl\/publikacje\/\">Publikacje<\/a><\/p>\n\n\n\n<p><a href=\"https:\/\/wydawnictwo.uksw.edu.pl\/standardy-i-polityki\/polityka-open-access-i-licencje\/\" data-type=\"link\" data-id=\"https:\/\/wydawnictwo.test.uksw.edu.pl\/standardy-i-polityki\/polityka-open-access-i-licencje\/\">Open Access<\/a><\/p>\n\n\n\n<p><a href=\"https:\/\/wydawnictwo.uksw.edu.pl\/standardy-i-polityki\/dostepnosc-cyfrowa\/\" data-type=\"link\" data-id=\"https:\/\/wydawnictwo.test.uksw.edu.pl\/standardy-i-polityki\/dostepnosc-cyfrowa\/\">Dost\u0119pno\u015b\u0107 cyfrowa<\/a><\/p>\n\n\n\n<hr class=\"wp-block-separator has-alpha-channel-opacity\" \/>\n\n\n\n<h3 class=\"wp-block-heading\">Czasopisma UKSW jako komponent mi\u0119dzynarodowy ekosystemu wydawniczego<\/h3>\n\n\n\n<p>W zale\u017cno\u015bci od profilu, czasopisma publikowane na platformie czasopism UKSW posiadaj\u0105:<\/p>\n\n\n\n<ul class=\"wp-block-list\">\n<li>mi\u0119dzynarodowe rady naukowe<\/li>\n\n\n\n<li>udzia\u0142 autor\u00f3w i recenzent\u00f3w zagranicznych<\/li>\n\n\n\n<li>publikacje w j\u0119zykach kongresowych<\/li>\n\n\n\n<li>obecno\u015b\u0107 w mi\u0119dzynarodowych i regionalnych bazach oraz platformach indeksacyjnych m.in.: Scopus, DOAJ, Index Copernicus, CEJSH, CEEOL, SciLit, Google Scholar (w zale\u017cno\u015bci od tytu\u0142u).<\/li>\n<\/ul>\n\n\n\n<p><\/p>\n","protected":false},"excerpt":{"rendered":"<p>Wersja: 1.0 | Ostatnia aktualizacja: 2026-03-10 Umi\u0119dzynarodowienie Wydawnictwa Naukowego UKSW rozumiemy jako rozw\u00f3j wsp\u00f3\u0142pracy wydawniczej i dystrybucyjnej oraz stosowanie standard\u00f3w, kt\u00f3re zwi\u0119kszaj\u0105 widoczno\u015b\u0107 i u\u017cyteczno\u015b\u0107 publikacji w mi\u0119dzynarodowym obiegu naukowym. Cho\u0107 ksi\u0105\u017cki publikujemy zasadniczo w j\u0119zyku polskim, rozwijamy komponent mi\u0119dzynarodowy w trzech obszarach: Wsp\u00f3\u0142praca wydawnicza i dystrybucyjna Standardy wydawnicze wspieraj\u0105ce widoczno\u015b\u0107 mi\u0119dzynarodow\u0105 Wydawnictwo stosuje rozwi\u0105zania [&hellip;]<\/p>\n","protected":false},"author":657,"featured_media":0,"parent":22672,"menu_order":0,"comment_status":"closed","ping_status":"closed","template":"page-templates\/template-sub-page.php","meta":{"_acf_changed":false,"inline_featured_image":false,"footnotes":"","_links_to":"","_links_to_target":""},"class_list":["post-23111","page","type-page","status-publish","hentry"],"acf":[],"_links":{"self":[{"href":"https:\/\/wydawnictwo.uksw.edu.pl\/pl\/wp-json\/wp\/v2\/pages\/23111","targetHints":{"allow":["GET"]}}],"collection":[{"href":"https:\/\/wydawnictwo.uksw.edu.pl\/pl\/wp-json\/wp\/v2\/pages"}],"about":[{"href":"https:\/\/wydawnictwo.uksw.edu.pl\/pl\/wp-json\/wp\/v2\/types\/page"}],"author":[{"embeddable":true,"href":"https:\/\/wydawnictwo.uksw.edu.pl\/pl\/wp-json\/wp\/v2\/users\/657"}],"replies":[{"embeddable":true,"href":"https:\/\/wydawnictwo.uksw.edu.pl\/pl\/wp-json\/wp\/v2\/comments?post=23111"}],"version-history":[{"count":16,"href":"https:\/\/wydawnictwo.uksw.edu.pl\/pl\/wp-json\/wp\/v2\/pages\/23111\/revisions"}],"predecessor-version":[{"id":23823,"href":"https:\/\/wydawnictwo.uksw.edu.pl\/pl\/wp-json\/wp\/v2\/pages\/23111\/revisions\/23823"}],"up":[{"embeddable":true,"href":"https:\/\/wydawnictwo.uksw.edu.pl\/pl\/wp-json\/wp\/v2\/pages\/22672"}],"wp:attachment":[{"href":"https:\/\/wydawnictwo.uksw.edu.pl\/pl\/wp-json\/wp\/v2\/media?parent=23111"}],"curies":[{"name":"wp","href":"https:\/\/api.w.org\/{rel}","templated":true}]}}