{"id":23117,"date":"2026-03-13T14:11:05","date_gmt":"2026-03-13T13:11:05","guid":{"rendered":"https:\/\/wydawnictwo.test.uksw.edu.pl\/?page_id=23117"},"modified":"2026-04-02T11:57:33","modified_gmt":"2026-04-02T09:57:33","slug":"dane-wydawcy","status":"publish","type":"page","link":"https:\/\/wydawnictwo.uksw.edu.pl\/o-wydawnictwie\/dane-wydawcy\/","title":{"rendered":"Dane wydawcy"},"content":{"rendered":"\n<p>Wersja: 1.0 | Ostatnia aktualizacja: 2026-03-10<\/p>\n\n\n\n<p>Wydawca: Wydawnictwo Naukowe UKSW<br>Jednostka: Uniwersytet Kardyna\u0142a Stefana Wyszy\u0144skiego w Warszawie<br>Adres: ul. Dewajtis 5, 01-815 Warszawa (domek nr 2)<\/p>\n\n\n\n<p>E-mail: <a href=\"mailto:wydawnictwo@uksw.edu.pl\">wydawnictwo@uksw.edu.pl<\/a><br>Telefon: 22&nbsp;561 88 35<br>Godziny pracy: poniedzia\u0142ek-pi\u0105tek 7.30-15.30<\/p>\n\n\n\n<p>NIP 525-00-12-946, REGON 000001956<\/p>\n\n\n\n<hr class=\"wp-block-separator has-alpha-channel-opacity\" \/>\n\n\n\n<h6 class=\"wp-block-heading\"><a href=\"https:\/\/wydawnictwo.uksw.edu.pl\/standardy-i-polityki\/ochrona-danych-rodo\/\" data-type=\"link\" data-id=\"https:\/\/wydawnictwo.test.uksw.edu.pl\/standardy-i-polityki\/ochrona-danych-rodo\/\">Ochrona danych (RODO)<\/a><\/h6>\n\n\n\n<h6 class=\"wp-block-heading\"><a href=\"https:\/\/wydawnictwo.uksw.edu.pl\/standardy-i-polityki\/dostepnosc-cyfrowa\/\" data-type=\"link\" data-id=\"https:\/\/wydawnictwo.test.uksw.edu.pl\/standardy-i-polityki\/dostepnosc-cyfrowa\/\">Dost\u0119pno\u015b\u0107 cyfrowa<\/a><\/h6>\n\n\n\n<p><\/p>\n","protected":false},"excerpt":{"rendered":"<p>Wersja: 1.0 | Ostatnia aktualizacja: 2026-03-10 Wydawca: Wydawnictwo Naukowe UKSWJednostka: Uniwersytet Kardyna\u0142a Stefana Wyszy\u0144skiego w WarszawieAdres: ul. Dewajtis 5, 01-815 Warszawa (domek nr 2) E-mail: wydawnictwo@uksw.edu.plTelefon: 22&nbsp;561 88 35Godziny pracy: poniedzia\u0142ek-pi\u0105tek 7.30-15.30 NIP 525-00-12-946, REGON 000001956 Ochrona danych (RODO) Dost\u0119pno\u015b\u0107 cyfrowa<\/p>\n","protected":false},"author":657,"featured_media":0,"parent":22672,"menu_order":0,"comment_status":"closed","ping_status":"closed","template":"page-templates\/template-sub-page.php","meta":{"_acf_changed":false,"inline_featured_image":false,"footnotes":"","_links_to":"","_links_to_target":""},"class_list":["post-23117","page","type-page","status-publish","hentry"],"acf":[],"_links":{"self":[{"href":"https:\/\/wydawnictwo.uksw.edu.pl\/pl\/wp-json\/wp\/v2\/pages\/23117","targetHints":{"allow":["GET"]}}],"collection":[{"href":"https:\/\/wydawnictwo.uksw.edu.pl\/pl\/wp-json\/wp\/v2\/pages"}],"about":[{"href":"https:\/\/wydawnictwo.uksw.edu.pl\/pl\/wp-json\/wp\/v2\/types\/page"}],"author":[{"embeddable":true,"href":"https:\/\/wydawnictwo.uksw.edu.pl\/pl\/wp-json\/wp\/v2\/users\/657"}],"replies":[{"embeddable":true,"href":"https:\/\/wydawnictwo.uksw.edu.pl\/pl\/wp-json\/wp\/v2\/comments?post=23117"}],"version-history":[{"count":6,"href":"https:\/\/wydawnictwo.uksw.edu.pl\/pl\/wp-json\/wp\/v2\/pages\/23117\/revisions"}],"predecessor-version":[{"id":23824,"href":"https:\/\/wydawnictwo.uksw.edu.pl\/pl\/wp-json\/wp\/v2\/pages\/23117\/revisions\/23824"}],"up":[{"embeddable":true,"href":"https:\/\/wydawnictwo.uksw.edu.pl\/pl\/wp-json\/wp\/v2\/pages\/22672"}],"wp:attachment":[{"href":"https:\/\/wydawnictwo.uksw.edu.pl\/pl\/wp-json\/wp\/v2\/media?parent=23117"}],"curies":[{"name":"wp","href":"https:\/\/api.w.org\/{rel}","templated":true}]}}