{"id":23147,"date":"2026-03-13T15:16:07","date_gmt":"2026-03-13T14:16:07","guid":{"rendered":"https:\/\/wydawnictwo.test.uksw.edu.pl\/?page_id=23147"},"modified":"2026-04-02T10:15:08","modified_gmt":"2026-04-02T08:15:08","slug":"zgloszenie-publikacji","status":"publish","type":"page","link":"https:\/\/wydawnictwo.uksw.edu.pl\/dla-autorow\/zgloszenie-publikacji\/","title":{"rendered":"Zg\u0142oszenie publikacji"},"content":{"rendered":"\n<p>Wersja 1.0&nbsp; | Ostatnia aktualizacja: 2026-03-06<\/p>\n\n\n\n<p>Przy zg\u0142aszaniu publikacji obowi\u0105zuj\u0105 zasady okre\u015blone w&nbsp; <a href=\"https:\/\/monitor.uksw.edu.pl\/docs\/8072\" data-type=\"link\" data-id=\"https:\/\/monitor.uksw.edu.pl\/docs\/8072\">Zarz\u0105dzeniu nr 74\/2024 Rektora UKSW z dnia 5.12.2024 r.<\/a><\/p>\n\n\n\n<p>Autor\/Redaktor naukowy dostarcza kompletn\u0105 wersj\u0119 elektroniczn\u0105 pracy oraz list\u0105 proponowanych recenzent\u00f3w.<\/p>\n\n\n\n<p>W przypadku ubiegania si\u0119 o dofinansowanie wydania publikacji nale\u017cy z\u0142o\u017cy\u0107 w Wydawnictwie wype\u0142niony wniosek. Autor zobowi\u0105zany jest do wype\u0142nienia pierwszej cz\u0119\u015bci do okre\u015blenia obj\u0119to\u015bci. Dalsz\u0105 cz\u0119\u015b\u0107 kalkulacji uzupe\u0142nia Wydawnictwo. Termin sk\u0142adania wniosk\u00f3w ka\u017cdorazowo ustala BBNE.<\/p>\n\n\n\n<hr class=\"wp-block-separator has-alpha-channel-opacity\" \/>\n\n\n\n<h3 class=\"wp-block-heading\">Dokumenty:<\/h3>\n\n\n\n<div class=\"wp-block-file\"><a id=\"wp-block-file--media-9e638493-d9f8-4298-9b93-dfcfc14f90b6\" href=\"https:\/\/wydawnictwo.uksw.edu.pl\/wp-content\/uploads\/sites\/81\/2026\/03\/Wniosek-o-dofinansowanie-publikacji-plik-WORD.docx\" target=\"_blank\" rel=\"noreferrer noopener\">Wniosek o dofinansowanie publikacji &#8211; plik WORD<\/a><a href=\"https:\/\/wydawnictwo.uksw.edu.pl\/wp-content\/uploads\/sites\/81\/2026\/03\/Wniosek-o-dofinansowanie-publikacji-plik-WORD.docx\" class=\"wp-block-file__button wp-element-button\" download aria-describedby=\"wp-block-file--media-9e638493-d9f8-4298-9b93-dfcfc14f90b6\">Pobierz<\/a><\/div>\n\n\n\n<p><\/p>\n\n\n\n<div class=\"wp-block-file\"><a id=\"wp-block-file--media-9ce60fb2-5157-4c05-baba-41b30c00cff9\" href=\"https:\/\/wydawnictwo.uksw.edu.pl\/wp-content\/uploads\/sites\/81\/2026\/03\/Oswiadczenie-red.-naukowego-pracy-zbiorowej.pdf\" target=\"_blank\" rel=\"noreferrer noopener\">O\u015bwiadczenie red. naukowego pracy zbiorowej<\/a><a href=\"https:\/\/wydawnictwo.uksw.edu.pl\/wp-content\/uploads\/sites\/81\/2026\/03\/Oswiadczenie-red.-naukowego-pracy-zbiorowej.pdf\" class=\"wp-block-file__button wp-element-button\" download aria-describedby=\"wp-block-file--media-9ce60fb2-5157-4c05-baba-41b30c00cff9\">Pobierz<\/a><\/div>\n\n\n\n<p><\/p>\n\n\n\n<div class=\"wp-block-file\"><a id=\"wp-block-file--media-9a8133b9-f4aa-4c7c-abd2-96895105eedf\" href=\"https:\/\/wydawnictwo.uksw.edu.pl\/wp-content\/uploads\/sites\/81\/2026\/03\/Umowa-o-publikacje-artykulu-w-dziele-zbiorowym.pdf\" target=\"_blank\" rel=\"noreferrer noopener\">Umowa o publikacj\u0119 artyku\u0142u w dziele zbiorowym<\/a><a href=\"https:\/\/wydawnictwo.uksw.edu.pl\/wp-content\/uploads\/sites\/81\/2026\/03\/Umowa-o-publikacje-artykulu-w-dziele-zbiorowym.pdf\" class=\"wp-block-file__button wp-element-button\" download aria-describedby=\"wp-block-file--media-9a8133b9-f4aa-4c7c-abd2-96895105eedf\">Pobierz<\/a><\/div>\n\n\n\n<p><\/p>\n\n\n\n<div class=\"wp-block-file\"><a id=\"wp-block-file--media-ade43084-01c9-4ddc-a645-0634736b2964\" href=\"https:\/\/wydawnictwo.uksw.edu.pl\/wp-content\/uploads\/sites\/81\/2026\/03\/Zasady-przeprowadzania-recenzji-naukowych-publikacji-ksiazkowych.pdf\" target=\"_blank\" rel=\"noreferrer noopener\">Zasady przeprowadzania recenzji naukowych publikacji ksi\u0105\u017ckowych<\/a><a href=\"https:\/\/wydawnictwo.uksw.edu.pl\/wp-content\/uploads\/sites\/81\/2026\/03\/Zasady-przeprowadzania-recenzji-naukowych-publikacji-ksiazkowych.pdf\" class=\"wp-block-file__button wp-element-button\" download aria-describedby=\"wp-block-file--media-ade43084-01c9-4ddc-a645-0634736b2964\">Pobierz<\/a><\/div>\n\n\n\n<p><\/p>\n\n\n\n<div class=\"wp-block-file\"><a id=\"wp-block-file--media-a982fc60-7ceb-4fa6-818d-0643a1ecbc77\" href=\"https:\/\/wydawnictwo.uksw.edu.pl\/wp-content\/uploads\/sites\/81\/2026\/03\/Harmonogram-wydawniczy-2026.pdf\" target=\"_blank\" rel=\"noreferrer noopener\">Harmonogram wydawniczy 2026<\/a><a href=\"https:\/\/wydawnictwo.uksw.edu.pl\/wp-content\/uploads\/sites\/81\/2026\/03\/Harmonogram-wydawniczy-2026.pdf\" class=\"wp-block-file__button wp-element-button\" download aria-describedby=\"wp-block-file--media-a982fc60-7ceb-4fa6-818d-0643a1ecbc77\">Pobierz<\/a><\/div>\n\n\n\n<p><\/p>\n\n\n\n<div class=\"wp-block-file\"><a id=\"wp-block-file--media-7dae9252-072c-481c-b9ec-7d03382f83c9\" href=\"https:\/\/wydawnictwo.uksw.edu.pl\/wp-content\/uploads\/sites\/81\/2026\/03\/Zarzadzenie-dot.-zasad-wykorzystywania-sztucznej-inteligencji-rozdz.-6.pdf\" target=\"_blank\" rel=\"noreferrer noopener\">Zarz\u0105dzenie dot. zasad wykorzystywania sztucznej inteligencji &#8211; rozdz. 6<\/a><a href=\"https:\/\/wydawnictwo.uksw.edu.pl\/wp-content\/uploads\/sites\/81\/2026\/03\/Zarzadzenie-dot.-zasad-wykorzystywania-sztucznej-inteligencji-rozdz.-6.pdf\" class=\"wp-block-file__button wp-element-button\" download aria-describedby=\"wp-block-file--media-7dae9252-072c-481c-b9ec-7d03382f83c9\">Pobierz<\/a><\/div>\n\n\n\n<p><\/p>\n\n\n\n<div class=\"wp-block-file\"><a id=\"wp-block-file--media-a944e634-a91f-4d4a-aae9-3b71d1c16623\" href=\"https:\/\/wydawnictwo.uksw.edu.pl\/wp-content\/uploads\/sites\/81\/2026\/03\/Polityka-wykorzystania-AI-wersja-POL.pdf\" target=\"_blank\" rel=\"noreferrer noopener\">Polityka wykorzystania AI &#8211; wersja POL<\/a><a href=\"https:\/\/wydawnictwo.uksw.edu.pl\/wp-content\/uploads\/sites\/81\/2026\/03\/Polityka-wykorzystania-AI-wersja-POL.pdf\" class=\"wp-block-file__button wp-element-button\" download aria-describedby=\"wp-block-file--media-a944e634-a91f-4d4a-aae9-3b71d1c16623\">Pobierz<\/a><\/div>\n\n\n\n<p><\/p>\n","protected":false},"excerpt":{"rendered":"<p>Wersja 1.0&nbsp; | Ostatnia aktualizacja: 2026-03-06 Przy zg\u0142aszaniu publikacji obowi\u0105zuj\u0105 zasady okre\u015blone w&nbsp; Zarz\u0105dzeniu nr 74\/2024 Rektora UKSW z dnia 5.12.2024 r. Autor\/Redaktor naukowy dostarcza kompletn\u0105 wersj\u0119 elektroniczn\u0105 pracy oraz list\u0105 proponowanych recenzent\u00f3w. W przypadku ubiegania si\u0119 o dofinansowanie wydania publikacji nale\u017cy z\u0142o\u017cy\u0107 w Wydawnictwie wype\u0142niony wniosek. Autor zobowi\u0105zany jest do wype\u0142nienia pierwszej cz\u0119\u015bci do [&hellip;]<\/p>\n","protected":false},"author":657,"featured_media":0,"parent":22666,"menu_order":0,"comment_status":"closed","ping_status":"closed","template":"page-templates\/template-sub-page.php","meta":{"_acf_changed":false,"inline_featured_image":false,"footnotes":"","_links_to":"","_links_to_target":""},"class_list":["post-23147","page","type-page","status-publish","hentry"],"acf":[],"_links":{"self":[{"href":"https:\/\/wydawnictwo.uksw.edu.pl\/pl\/wp-json\/wp\/v2\/pages\/23147","targetHints":{"allow":["GET"]}}],"collection":[{"href":"https:\/\/wydawnictwo.uksw.edu.pl\/pl\/wp-json\/wp\/v2\/pages"}],"about":[{"href":"https:\/\/wydawnictwo.uksw.edu.pl\/pl\/wp-json\/wp\/v2\/types\/page"}],"author":[{"embeddable":true,"href":"https:\/\/wydawnictwo.uksw.edu.pl\/pl\/wp-json\/wp\/v2\/users\/657"}],"replies":[{"embeddable":true,"href":"https:\/\/wydawnictwo.uksw.edu.pl\/pl\/wp-json\/wp\/v2\/comments?post=23147"}],"version-history":[{"count":16,"href":"https:\/\/wydawnictwo.uksw.edu.pl\/pl\/wp-json\/wp\/v2\/pages\/23147\/revisions"}],"predecessor-version":[{"id":23763,"href":"https:\/\/wydawnictwo.uksw.edu.pl\/pl\/wp-json\/wp\/v2\/pages\/23147\/revisions\/23763"}],"up":[{"embeddable":true,"href":"https:\/\/wydawnictwo.uksw.edu.pl\/pl\/wp-json\/wp\/v2\/pages\/22666"}],"wp:attachment":[{"href":"https:\/\/wydawnictwo.uksw.edu.pl\/pl\/wp-json\/wp\/v2\/media?parent=23147"}],"curies":[{"name":"wp","href":"https:\/\/api.w.org\/{rel}","templated":true}]}}