{"id":23654,"date":"2026-03-30T11:32:15","date_gmt":"2026-03-30T09:32:15","guid":{"rendered":"https:\/\/wydawnictwo.test.uksw.edu.pl\/?page_id=23654"},"modified":"2026-04-02T09:18:13","modified_gmt":"2026-04-02T07:18:13","slug":"czasopisma-uksw","status":"publish","type":"page","link":"https:\/\/wydawnictwo.uksw.edu.pl\/czasopisma-uksw\/","title":{"rendered":"Czasopisma UKSW"},"content":{"rendered":"\n<p>Wersja 1.0&nbsp; | Ostatnia aktualizacja: 2026-03-09<\/p>\n\n\n\n<p>Uniwersytet Kardyna\u0142a Stefana Wyszy\u0144skiego w Warszawie jest wydawc\u0105 wielu recenzowanych czasopism naukowych z zakresu dziedzin, w kt\u00f3rych Uniwersytet prowadzi kszta\u0142cenie i badania. Czasopisma ukazuj\u0105 si\u0119 nak\u0142adem Wydawnictwa Naukowego UKSW i s\u0105 publikowane w formie elektronicznej, a niekt\u00f3re tak\u017ce drukowanej.<\/p>\n\n\n\n<div style=\"height:47px\" aria-hidden=\"true\" class=\"wp-block-spacer\"><\/div>\n\n\n\n<h3 class=\"wp-block-heading\">Internetowa platforma czasopism UKSW<\/h3>\n\n\n\n<p>To g\u0142\u00f3wna platforma publikacji, na kt\u00f3rej znajduj\u0105 si\u0119:<\/p>\n\n\n\n<ul class=\"wp-block-list\">\n<li>lista wszystkich czasopism UKSW,<\/li>\n\n\n\n<li>pe\u0142ne numery czasopism,<\/li>\n\n\n\n<li>archiwa,<\/li>\n\n\n\n<li>informacje redakcyjne,<\/li>\n\n\n\n<li>informacje o warunkach zg\u0142oszenia artyku\u0142u,<\/li>\n\n\n\n<li>zasady etyki i recenzowania.<\/li>\n<\/ul>\n\n\n\n<div class=\"wp-block-buttons is-content-justification-left is-layout-flex wp-container-core-buttons-is-layout-fdcfc74e wp-block-buttons-is-layout-flex\">\n<div class=\"wp-block-button is-style-outline is-style-outline--1\"><a class=\"wp-block-button__link wp-element-button\" href=\"https:\/\/czasopisma.uksw.edu.pl\/\">Czasopisma &#8211; wersja elektroniczna <\/a><\/div>\n<\/div>\n\n\n\n<div style=\"height:52px\" aria-hidden=\"true\" class=\"wp-block-spacer\"><\/div>\n\n\n\n<hr class=\"wp-block-separator has-alpha-channel-opacity\" \/>\n\n\n\n<h3 class=\"wp-block-heading\">Sklep Wydawnictwa Naukowego UKSW (wersje drukowane)<\/h3>\n\n\n\n<p>Numery czasopism mo\u017cna kupi\u0107 w sklepie Wydawnictwa Naukowego UKSW lub zam\u00f3wi\u0107 wysy\u0142kowo.<\/p>\n\n\n\n<div class=\"wp-block-buttons is-content-justification-left is-layout-flex wp-container-core-buttons-is-layout-fdcfc74e wp-block-buttons-is-layout-flex\">\n<div class=\"wp-block-button is-style-outline is-style-outline--2\"><a class=\"wp-block-button__link wp-element-button\" href=\"https:\/\/ksiegarnia.uksw.edu.pl\/10-czasopisma\">Czasopisma w ksi\u0119garni UKSW<\/a><\/div>\n<\/div>\n","protected":false},"excerpt":{"rendered":"<p>Wersja 1.0&nbsp; | Ostatnia aktualizacja: 2026-03-09 Uniwersytet Kardyna\u0142a Stefana Wyszy\u0144skiego w Warszawie jest wydawc\u0105 wielu recenzowanych czasopism naukowych z zakresu dziedzin, w kt\u00f3rych Uniwersytet prowadzi kszta\u0142cenie i badania. Czasopisma ukazuj\u0105 si\u0119 nak\u0142adem Wydawnictwa Naukowego UKSW i s\u0105 publikowane w formie elektronicznej, a niekt\u00f3re tak\u017ce drukowanej. Internetowa platforma czasopism UKSW To g\u0142\u00f3wna platforma publikacji, na kt\u00f3rej [&hellip;]<\/p>\n","protected":false},"author":657,"featured_media":23670,"parent":0,"menu_order":0,"comment_status":"closed","ping_status":"closed","template":"page-templates\/template-sub-page.php","meta":{"_acf_changed":false,"inline_featured_image":false,"footnotes":"","_links_to":"","_links_to_target":""},"class_list":["post-23654","page","type-page","status-publish","has-post-thumbnail","hentry"],"acf":[],"_links":{"self":[{"href":"https:\/\/wydawnictwo.uksw.edu.pl\/pl\/wp-json\/wp\/v2\/pages\/23654","targetHints":{"allow":["GET"]}}],"collection":[{"href":"https:\/\/wydawnictwo.uksw.edu.pl\/pl\/wp-json\/wp\/v2\/pages"}],"about":[{"href":"https:\/\/wydawnictwo.uksw.edu.pl\/pl\/wp-json\/wp\/v2\/types\/page"}],"author":[{"embeddable":true,"href":"https:\/\/wydawnictwo.uksw.edu.pl\/pl\/wp-json\/wp\/v2\/users\/657"}],"replies":[{"embeddable":true,"href":"https:\/\/wydawnictwo.uksw.edu.pl\/pl\/wp-json\/wp\/v2\/comments?post=23654"}],"version-history":[{"count":8,"href":"https:\/\/wydawnictwo.uksw.edu.pl\/pl\/wp-json\/wp\/v2\/pages\/23654\/revisions"}],"predecessor-version":[{"id":23738,"href":"https:\/\/wydawnictwo.uksw.edu.pl\/pl\/wp-json\/wp\/v2\/pages\/23654\/revisions\/23738"}],"wp:featuredmedia":[{"embeddable":true,"href":"https:\/\/wydawnictwo.uksw.edu.pl\/pl\/wp-json\/wp\/v2\/media\/23670"}],"wp:attachment":[{"href":"https:\/\/wydawnictwo.uksw.edu.pl\/pl\/wp-json\/wp\/v2\/media?parent=23654"}],"curies":[{"name":"wp","href":"https:\/\/api.w.org\/{rel}","templated":true}]}}